{"id":71,"date":"2015-02-11T15:53:53","date_gmt":"2015-02-11T15:53:53","guid":{"rendered":"https:\/\/aeee.es\/xxi_congreso_aeee\/?page_id=71"},"modified":"2026-03-27T15:24:28","modified_gmt":"2026-03-27T14:24:28","slug":"inicio","status":"publish","type":"page","link":"https:\/\/aeee.es\/xxi_congreso_aeee\/","title":{"rendered":"Informaci\u00f3n General"},"content":{"rendered":"<div class=\"ui-row row\">\n <div   class=\"ui-column span8\"><div class=\"text-left\"><div  class=\"ui--space clearfix\" style=\"height: 15px;\" data-responsive=\"{&quot;css&quot;:{&quot;height&quot;:{&quot;phone&quot;:null,&quot;tablet&quot;:null,&quot;widescreen&quot;:&quot;15px&quot;}}}\"><\/div><h2 id=\"custom-title-h2-1\" class=\"ui--animation \" style=\"\"><strong>XXI CONGRESO DE LA ASOCIACI\u00d3N ESPA\u00d1OLA PARA LA ECONOM\u00cdA ENERG\u00c9TICA<\/strong><\/h2><h3 id=\"custom-title-h3-1\" class=\"ui--animation \" style=\"\"><strong>\u201cDesarrollo energ\u00e9tico sostenible: implicaciones socioecon\u00f3micas, medioambientales y geopol\u00edticas\u201d<\/strong><\/h3><h3 id=\"custom-title-h3-2\" class=\"ui--animation \" style=\"\"><strong>Pamplona, 27-29 de mayo de 2026<\/strong><\/h3><div class=\"ui--image-wrap clearfix\" style=\"margin-bottom: 24px;\"><img decoding=\"async\"  id=\"ui--image-1\" class=\"ui--image ui--animation\" src=\"https:\/\/aeee.es\/xxi_congreso_aeee\/wp-content\/uploads\/2025\/12\/foto-home.jpg\" alt=\"\" title=\"\" data-at2x=\"\"\/><\/div><div class=\"auto-format ui--animation\"><p>La Asociaci\u00f3n Espa\u00f1ola para la Econom\u00eda Energ\u00e9tica (AEEE) tiene el placer de anunciar la celebraci\u00f3n del XXI Congreso Anual, que tendr\u00e1 lugar los d\u00edas 27, 28 y 29 de mayo de 2026 en Pamplona (Navarra). El congreso est\u00e1 co-organizado por la Universidad de Navarra y la Universidad P\u00fablica de Navarra (UPNA), y constituir\u00e1 un nuevo punto de encuentro acad\u00e9mico y profesional de referencia en el \u00e1mbito de la Econom\u00eda de la Energ\u00eda en Espa\u00f1a.<\/p>\n<p>La AEEE es la secci\u00f3n espa\u00f1ola de la International Association for Energy Economics (IAEE) y, entre sus principales actividades, promueve la organizaci\u00f3n de un congreso anual destinado a fomentar el intercambio de conocimiento y el debate riguroso en Econom\u00eda Energ\u00e9tica. El Congreso de la AEEE tiene como objetivo reforzar los v\u00ednculos entre la universidad, los reguladores y las empresas, en torno a cuestiones clave relacionadas con la energ\u00eda, el medio ambiente y el cambio clim\u00e1tico. En esta vigesimoprimera edici\u00f3n, el congreso se celebrar\u00e1 bajo el lema \u201cDesarrollo energ\u00e9tico sostenible: implicaciones socioecon\u00f3micas, medioambientales y geopol\u00edticas\u201d, con el prop\u00f3sito de analizar los principales retos actuales desde una perspectiva econ\u00f3mica y regulatoria.<\/p>\n<p>El programa cient\u00edfico combinar\u00e1 presentaciones acad\u00e9micas en sesiones paralelas, sesiones de corta duraci\u00f3n, presentaci\u00f3n de proyectos de investigaci\u00f3n, as\u00ed como conferencias plenarias y mesas redondas con la participaci\u00f3n de representantes del \u00e1mbito acad\u00e9mico, empresarial, institucional y social de primer nivel. Entre los keynote speakers confirmados se encuentran Monica Giulietti (University of Nottingham) y Peter R. Hartley (Rice University).<\/p>\n<p>La informaci\u00f3n detallada sobre el Comit\u00e9 Organizador y el Comit\u00e9 Cient\u00edfico puede consultarse en el programa adjunto. Para cualquier consulta relacionada con el congreso, se ha habilitado el correo electr\u00f3nico <a href=\"mailto:aeee2026@unav.es\" target=\"_blank\">aeee2026@unav.es<\/a><\/p>\n<p>El plazo de env\u00edo de trabajos estar\u00e1 abierto del 16 de enero al 4 de marzo de 2026, con notificaci\u00f3n de aceptaci\u00f3n prevista para el 4 de abril de 2026. El \u00faltimo d\u00eda de inscripci\u00f3n ser\u00e1 el 6 de mayo de 2026.<\/p>\n<\/div><div  class=\"ui--space clearfix\" style=\"height: 15px;\" data-responsive=\"{&quot;css&quot;:{&quot;height&quot;:{&quot;phone&quot;:null,&quot;tablet&quot;:null,&quot;widescreen&quot;:&quot;15px&quot;}}}\"><\/div><\/div><\/div> \n\n <div   class=\"ui-column span4\"><div  class=\"ui--space clearfix\" style=\"height: 0px;\" data-responsive=\"{&quot;css&quot;:{&quot;height&quot;:{&quot;phone&quot;:null,&quot;tablet&quot;:null,&quot;widescreen&quot;:&quot;0px&quot;}}}\"><\/div><h3 id=\"custom-title-h3-3\" class=\"ui--animation \" style=\"margin-top: 13px; \">Fechas claves<\/h3><ul class=\"ui--list list-font-icon parent-1\"><li class=\"child-1 total-4 ui--animation\"><i class=\"list-icon 14px fontawesome-check\" style=\"color: #45a3ab !important;\"><\/i><strong style=\"font-size: 18px;\">Plazo de env\u00edo de trabajos extendido hasta el<br>\r\n<span style=\"color: #e5600c;\">18 de marzo<\/span><\/strong><br><\/li><li class=\"child-2 total-4 ui--animation\"><i class=\"list-icon 14px fontawesome-check\" style=\"color: #45a3ab !important;\"><\/i><strong>Notificaci\u00f3n de aceptaciones:<\/strong><br>\r\nDel 4 al 8 de abril<\/li><li class=\"child-3 total-4 ui--animation\"><i class=\"list-icon 14px fontawesome-check\" style=\"color: #45a3ab !important;\"><\/i><strong>\u00daltimo d\u00eda de inscripci\u00f3n en el Congreso:<\/strong><br>\r\n6 de mayo de 2026<\/li><li class=\"child-4 total-4 ui--animation\"><i class=\"list-icon 14px fontawesome-check\" style=\"color: #45a3ab !important;\"><\/i><strong>Celebraci\u00f3n del congreso:<\/strong><br>\r\n27-29 de mayo de 2026<\/li>  <\/ul><div class=\"text-center ui--animation\"><a class=\"btn btn-large btn-icon-left btn-primary\" href=\"#\" style=\"\">Formulario de inscripci\u00f3n<\/a> <\/div><div class=\"text-center ui--animation\"><a class=\"btn btn-large btn-icon-left btn-primary\" href=\"https:\/\/aeee.es\/xxi_congreso_aeee\/call-for-papers\/\" style=\"\">Plataforma de trabajos<\/a> <\/div><\/div> \n\n<\/div> \n<div  class=\"ui--space clearfix\" style=\"height: 42px;\" data-responsive=\"{&quot;css&quot;:{&quot;height&quot;:{&quot;phone&quot;:null,&quot;tablet&quot;:null,&quot;widescreen&quot;:&quot;42px&quot;}}}\"><\/div>","protected":false},"excerpt":{"rendered":"<p>XXI CONGRESO DE LA ASOCIACI\u00d3N ESPA\u00d1OLA PARA LA ECONOM\u00cdA ENERG\u00c9TICA\u201cDesarrollo energ\u00e9tico sostenible: implicaciones socioecon\u00f3micas, medioambientales y geopol\u00edticas\u201dPamplona, 27-29 de mayo de 2026La Asociaci\u00f3n Espa\u00f1ola para la Econom\u00eda Energ\u00e9tica (AEEE) tiene el placer de anunciar la celebraci\u00f3n del XXI Congreso Anual, que tendr\u00e1 lugar los d\u00edas 27, 28 y 29 de mayo de 2026 en Pamplona [&hellip;]<\/p>\n","protected":false},"author":3,"featured_media":0,"parent":0,"menu_order":0,"comment_status":"open","ping_status":"open","template":"","meta":{"footnotes":""},"class_list":["post-71","page","type-page","status-publish","hentry"],"_links":{"self":[{"href":"https:\/\/aeee.es\/xxi_congreso_aeee\/wp-json\/wp\/v2\/pages\/71","targetHints":{"allow":["GET"]}}],"collection":[{"href":"https:\/\/aeee.es\/xxi_congreso_aeee\/wp-json\/wp\/v2\/pages"}],"about":[{"href":"https:\/\/aeee.es\/xxi_congreso_aeee\/wp-json\/wp\/v2\/types\/page"}],"author":[{"embeddable":true,"href":"https:\/\/aeee.es\/xxi_congreso_aeee\/wp-json\/wp\/v2\/users\/3"}],"replies":[{"embeddable":true,"href":"https:\/\/aeee.es\/xxi_congreso_aeee\/wp-json\/wp\/v2\/comments?post=71"}],"version-history":[{"count":131,"href":"https:\/\/aeee.es\/xxi_congreso_aeee\/wp-json\/wp\/v2\/pages\/71\/revisions"}],"predecessor-version":[{"id":2011,"href":"https:\/\/aeee.es\/xxi_congreso_aeee\/wp-json\/wp\/v2\/pages\/71\/revisions\/2011"}],"wp:attachment":[{"href":"https:\/\/aeee.es\/xxi_congreso_aeee\/wp-json\/wp\/v2\/media?parent=71"}],"curies":[{"name":"wp","href":"https:\/\/api.w.org\/{rel}","templated":true}]}}