{"id":7,"date":"2015-02-06T13:41:08","date_gmt":"2015-02-06T12:41:08","guid":{"rendered":"https:\/\/aeee.es\/xxi_congreso_aeee\/?page_id=7"},"modified":"2026-01-21T16:18:46","modified_gmt":"2026-01-21T15:18:46","slug":"contacto","status":"publish","type":"page","link":"https:\/\/aeee.es\/xxi_congreso_aeee\/contacto\/","title":{"rendered":"Contacto"},"content":{"rendered":"<div class=\"ui-row row\">\n <div   class=\"ui-column span2\"><div class=\"visible-desktop \"><\/div><\/div> \n\n <div   class=\"ui-column span8\"><div  class=\"ui--animation-in make--fx--caption-right ui--pass clearfix\" data-fx=\"fx--caption-right\" data-delay=\"150\" data-start-delay=\"0\"><div class=\"ui--title ui--animation ui--title-bordered text-left\"><div class=\"ui--title-holder\"><h3 class=\"ui--title-text\" style=\"color: #45a3ab !important;\"><strong>Contacta con nosotros<\/strong><\/h3><div style=\"border-color: #45a3ab !important;  border-width: 1px;  margin-top: -0.5px;\" class=\"ui--title-borders ui--title-border-left\"><\/div><div style=\"border-color: #45a3ab !important;  border-width: 1px;  margin-top: -0.5px;\" class=\"ui--title-borders ui--title-border-right\"><\/div><\/div><\/div><div class=\"auto-format ui--animation\"><p>Si tiene alguna pregunta sobre la log\u00edstica de la reuni\u00f3n, no dude en ponerse en contacto con la instituci\u00f3n anfitriona de la reuni\u00f3n (UNAV).<\/p>\n<p>Asunto: AEEE 2026 Pamplona<\/p>\n<p>Direcci\u00f3n de correo electr\u00f3nico de contacto: <a href=\"mailto:aeee2026@unav.es\" target=\"_blank\">aeee2026@unav.es<\/a><\/p>\n<\/div><a class=\"btn btn-mini btn-icon-left with-icon button-hover btn-primary ui--animation\" href=\"https:\/\/www.linkedin.com\/company\/aeee-es\/?originalSubdomain=es\" target=\"_blank\" style=\"\"><span class=\"button-icon\"><i class=\"ui--icon ui--icon btn-icon icon-normal fontawesome-linkedin-sign icon-inline-block\" style=\"font-size: 30px;  width: 34px;  height: 34px;\"><\/i><\/span><span class=\"button-text-placeholder\"><\/span><\/a> \n<div class=\"wpcf7 no-js\" id=\"wpcf7-f4-o1\" lang=\"es-ES\" dir=\"ltr\" data-wpcf7-id=\"4\">\n<div class=\"screen-reader-response\"><p role=\"status\" aria-live=\"polite\" aria-atomic=\"true\"><\/p> <ul><\/ul><\/div>\n<form action=\"\/xxi_congreso_aeee\/wp-json\/wp\/v2\/pages\/7#wpcf7-f4-o1\" method=\"post\" class=\"wpcf7-form init\" aria-label=\"Formulario de contacto\" novalidate=\"novalidate\" data-status=\"init\">\n<fieldset class=\"hidden-fields-container\"><input type=\"hidden\" name=\"_wpcf7\" value=\"4\" \/><input type=\"hidden\" name=\"_wpcf7_version\" value=\"6.1.4\" \/><input type=\"hidden\" name=\"_wpcf7_locale\" value=\"es_ES\" \/><input type=\"hidden\" name=\"_wpcf7_unit_tag\" value=\"wpcf7-f4-o1\" \/><input type=\"hidden\" name=\"_wpcf7_container_post\" value=\"0\" \/><input type=\"hidden\" name=\"_wpcf7_posted_data_hash\" value=\"\" \/>\n<\/fieldset>\n<p>Nombre\n<\/p>\n<p><span class=\"wpcf7-form-control-wrap\" data-name=\"your-name\"><input size=\"40\" maxlength=\"400\" class=\"wpcf7-form-control wpcf7-text wpcf7-validates-as-required\" aria-required=\"true\" aria-invalid=\"false\" value=\"\" type=\"text\" name=\"your-name\" \/><\/span>\n<\/p>\n<p>Apellidos\n<\/p>\n<p><span class=\"wpcf7-form-control-wrap\" data-name=\"Apellidos\"><input size=\"40\" maxlength=\"400\" class=\"wpcf7-form-control wpcf7-text wpcf7-validates-as-required\" aria-required=\"true\" aria-invalid=\"false\" value=\"\" type=\"text\" name=\"Apellidos\" \/><\/span>\n<\/p>\n<p>Email\n<\/p>\n<p><span class=\"wpcf7-form-control-wrap\" data-name=\"your-email\"><input size=\"40\" maxlength=\"400\" class=\"wpcf7-form-control wpcf7-email wpcf7-validates-as-required wpcf7-text wpcf7-validates-as-email\" aria-required=\"true\" aria-invalid=\"false\" value=\"\" type=\"email\" name=\"your-email\" \/><\/span>\n<\/p>\n<p>Asunto\n<\/p>\n<p><span class=\"wpcf7-form-control-wrap\" data-name=\"your-subject\"><input size=\"40\" maxlength=\"400\" class=\"wpcf7-form-control wpcf7-text\" aria-invalid=\"false\" value=\"\" type=\"text\" name=\"your-subject\" \/><\/span>\n<\/p>\n<p>Mensaje\n<\/p>\n<p><span class=\"wpcf7-form-control-wrap\" data-name=\"your-message\"><textarea cols=\"40\" rows=\"10\" maxlength=\"2000\" class=\"wpcf7-form-control wpcf7-textarea\" aria-invalid=\"false\" name=\"your-message\"><\/textarea><\/span>\n<\/p>\n<p><input class=\"wpcf7-form-control wpcf7-submit has-spinner\" type=\"submit\" value=\"Enviar\" \/>\n<\/p><div class=\"wpcf7-response-output\" aria-hidden=\"true\"><\/div>\n<\/form>\n<\/div>\n<\/div><\/div> \n\n <div   class=\"ui-column span2\"><div class=\"visible-desktop \"><\/div><\/div> \n\n<\/div> \n","protected":false},"excerpt":{"rendered":"<p>Contacta con nosotrosSi tiene alguna pregunta sobre la log\u00edstica de la reuni\u00f3n, no dude en ponerse en contacto con la instituci\u00f3n anfitriona de la reuni\u00f3n (UNAV). Asunto: AEEE 2026 Pamplona Direcci\u00f3n de correo electr\u00f3nico de contacto: aeee2026@unav.es Nombre Apellidos Email Asunto Mensaje<\/p>\n","protected":false},"author":3,"featured_media":0,"parent":0,"menu_order":10,"comment_status":"open","ping_status":"closed","template":"","meta":{"footnotes":""},"class_list":["post-7","page","type-page","status-publish","hentry"],"_links":{"self":[{"href":"https:\/\/aeee.es\/xxi_congreso_aeee\/wp-json\/wp\/v2\/pages\/7","targetHints":{"allow":["GET"]}}],"collection":[{"href":"https:\/\/aeee.es\/xxi_congreso_aeee\/wp-json\/wp\/v2\/pages"}],"about":[{"href":"https:\/\/aeee.es\/xxi_congreso_aeee\/wp-json\/wp\/v2\/types\/page"}],"author":[{"embeddable":true,"href":"https:\/\/aeee.es\/xxi_congreso_aeee\/wp-json\/wp\/v2\/users\/3"}],"replies":[{"embeddable":true,"href":"https:\/\/aeee.es\/xxi_congreso_aeee\/wp-json\/wp\/v2\/comments?post=7"}],"version-history":[{"count":15,"href":"https:\/\/aeee.es\/xxi_congreso_aeee\/wp-json\/wp\/v2\/pages\/7\/revisions"}],"predecessor-version":[{"id":1965,"href":"https:\/\/aeee.es\/xxi_congreso_aeee\/wp-json\/wp\/v2\/pages\/7\/revisions\/1965"}],"wp:attachment":[{"href":"https:\/\/aeee.es\/xxi_congreso_aeee\/wp-json\/wp\/v2\/media?parent=7"}],"curies":[{"name":"wp","href":"https:\/\/api.w.org\/{rel}","templated":true}]}}