{"id":539,"date":"2016-07-14T12:52:46","date_gmt":"2016-07-14T10:52:46","guid":{"rendered":"https:\/\/aeee.es\/xxi_congreso_aeee\/?page_id=539"},"modified":"2026-02-24T16:39:27","modified_gmt":"2026-02-24T15:39:27","slug":"como-llegar","status":"publish","type":"page","link":"https:\/\/aeee.es\/xxi_congreso_aeee\/como-llegar\/","title":{"rendered":"C\u00f3mo llegar"},"content":{"rendered":"<div  class=\"ui--space clearfix\" style=\"height: 15px;\" data-responsive=\"{&quot;css&quot;:{&quot;height&quot;:{&quot;phone&quot;:null,&quot;tablet&quot;:null,&quot;widescreen&quot;:&quot;15px&quot;}}}\"><\/div><div class=\"ui-row row\">\n <div   class=\"ui-column span8\"><div class=\"text-left\"><div class=\"auto-format ui--animation\"><p><iframe loading=\"lazy\" src=\"https:\/\/www.google.com\/maps\/d\/u\/3\/embed?mid=1j6E9fkWZPYIdN24lqpNCl-LHfSlnInM&#038;ehbc=2E312F&#038;noprof=1\" width=\"100%\" height=\"600\"><\/iframe><\/p>\n<\/div><\/div><\/div> \n\n <div   class=\"ui-column span4\"><h4 id=\"custom-title-h4-1\" class=\"ui--animation \" style=\"\"><strong>El XXI Congreso de la Asociaci\u00f3n Espa\u00f1ola para la Econom\u00eda Energ\u00e9tica se celebrar\u00e1 en el Campus de la Universidad de Navarra (Pamplona). En concreto, todas las actividades tendr\u00e1n lugar en los siguientes edificios del campus:\u00a0<\/strong><\/h4><div class=\"ui--animation\"><h3>LLegar a Pamplona en avi\u00f3n:\u00a0<\/h3>\r\n<p>Pamplona cuenta con un c\u00f3modo y funcional aeropuerto (IATA: PNA) a escasos 10 minutos de la ciudad. El aeropuerto cuenta con rutas directas tanto a Madrid (operada por Iberia Regional) como a Tenerife y Gran Canaria (operadas por Binter).<\/p>\r\n<p>Mediante un convenio firmado con la Mancomunidad de la Comarca de Pamplona, todos los viajeros pueden ir del centro de Pamplona al aeropuerto (o viceversa) a un coste de 0,60\u20ac, mediante un sistema de reserva anticipada. Informaci\u00f3n:\u00a0<a href=\"https:\/\/www.mcp.es\/transporte\/servicio-de-taxi-al-aeropuerto-de-pamplona\" target=\"_blank\">www.mcp.es\/transporte\/<\/a>\r\nEn caso de no tener reserva, el precio aproximado del viaje es de 15\u20ac.\u00a0<\/p><\/div><\/div> \n\n<\/div> \n<div class=\"ui--animation\"><h3>Llegar a Pamplona desde otros aeropuertos:<\/h3>\r\n<ul>\r\n<li>Aeropuerto de Vitoria (IATA: VIT): situado a escasos 90 km de Pamplona, cuenta con vuelos nacionales e internacionales operados por Ryanair, as\u00ed como vuelos a Madrid y Barcelona operados por Volotea. La capital vasca cuenta con trenes y autobuses con los que puede llegarse en 60 minutos a Pamplona. Asimismo, existen autobuses que conectan el centro de Vitoria con el aeropuerto.<\/li>\r\n<li>Aeropuerto de Bilbao (IATA: BIO): situado a 160 km de Pamplona, cuenta con vuelos de corto, medio y largo radio. Pamplona y Bilbao est\u00e1n conectada por autob\u00fas directo, con una duraci\u00f3n aproximada de 2 horas.<\/li>\r\n<li>Otros aeropuerto cercanos: San Sebasti\u00e1n (IATA: EAS), Biarritz (IATA: BIQ), y Logro\u00f1o (IATA: RJL).<\/li>\r\n<\/ul>\r\n<h3>Llegar a Pamplona en tren:\u00a0<\/h3>\r\n<p>La estaci\u00f3n de tren de Pamplona est\u00e1 ubicada en el barrio de San Jorge al oeste del centro urbano. Los viajeros pueden desplazarse hasta el centro f\u00e1cilmente mediante las l\u00edneas de autob\u00fas urbano 9 (hacia el centro) y 7 (direcci\u00f3n hospitales). Adem\u00e1s,la estaci\u00f3n cuenta con parada de taxis.\u00a0<\/p>\r\n<p>Desde la estaci\u00f3n se ofrecen servicios de larga distancia con trenes Alvia que enlazan directamente con Madrid y Barcelona, y otras ciudades como Zaragoza, Gij\u00f3n, Burgos y Logro\u00f1o.\u00a0<\/p>\r\n<h3>Llegar a Pamplona en coche:\u00a0<\/h3>\r\n<p>Pamplona se encuentra situada en una encrucijada de autov\u00edas y autopistas que facilitan el acceso por carretera desde distintos puntos de Espa\u00f1a y del suroeste de Francia.\u00a0<\/p>\r\n<p>La ciudad est\u00e1 comunicada por la AP-15, que conecta directamente con Zaragoza y Madrid; la A-15, que enlaza con San Sebasti\u00e1n y la costa cant\u00e1brica; y la A-1\/AP-68, que permiten llegar desde Bilbao, Vitoria y Logro\u00f1o.\u00a0<\/p>\r\n<p>Adem\u00e1s, la cercan\u00eda con la frontera francesa hace posible llegar c\u00f3modamente desde ciudades como Burdeos (a 3 horas) o Pau (a 2 horas).\u00a0<\/p>\r\n\r\n<p>Aparcamientos gratuitos en o muy cerca del campus, abiertos al p\u00fablico:<\/p>\r\n<p>-\u00a0 Calle Sadar:\u00a0<a href=\"https:\/\/www.google.com\/maps\/@42.7994527,-1.6649745,18z?entry=ttu&g_ep=EgoyMDI2MDIwOC4wIKXMDSoASAFQAw%3D%3D\" target=\"_blank\">https:\/\/www.google.com\/maps\/@42.7994527,-1.6649745,18z<\/a><\/p>\r\n\r\n<p>- Calle Mari Abrego (opci\u00f3n 1):\u00a0<a href=\"https:\/\/www.google.com\/maps\/place\/Aparcamiento\/@42.7987663,-1.6470085,19.78z\/data=!4m6!3m5!1s0xd50932ae121638d:0xd8703e5cc9e0fea4!8m2!3d42.7988579!4d-1.6468938!16s%2Fg%2F11jtpk8rpc?entry=ttu&g_ep=EgoyMDI2MDIwOC4wIKXMDSoASAFQAw%3D%3D\" target=\"_blank\">https:\/\/www.google.com\/maps\/place\/Aparcamiento\/@42.7987663,-1.6470085,19.78z<\/a><\/p>\r\n\r\n<p>- Calle Mari Abrego (opci\u00f3n 2):\u00a0<a href=\"https:\/\/www.google.com\/maps\/@42.7983542,-1.6446312,3a,75y,302.79h,74.28t\/data=!3m7!1e1!3m5!1sIIvY-EBiULYfDMKrl7C2cA!2e0!6shttps:%2F%2Fstreetviewpixels-pa.googleapis.com%2Fv1%2Fthumbnail%3Fcb_client%3Dmaps_sv.tactile%26w%3D900%26h%3D600%26pitch%3D15.720866100601%26panoid%3DIIvY-EBiULYfDMKrl7C2cA%26yaw%3D302.79432735784326!7i16384!8i8192?entry=ttu&g_ep=EgoyMDI2MDIwOC4wIKXMDSoASAFQAw%3D%3D\" target=\"_blank\">https:\/\/www.google.com\/maps\/@42.7983542,-1.6446312,3a,75y,302.79h,74.28t<\/a><\/p>\r\n\r\n<p>- Ronda de Azpilaga\u00f1a\/Calle Miguel Astr\u00e1in:\u00a0<a href=\"https:\/\/www.google.com\/maps\/place\/Otriza+Parking\/@42.7998751,-1.6443355,20.02z\/data=!4m6!3m5!1s0xd50924f1a385b67:0x77f1459b7a1d4693!8m2!3d42.7999755!4d-1.6449981!16s%2Fg%2F11g6_cdp0q?entry=ttu&g_ep=EgoyMDI2MDIwOC4wIKXMDSoASAFQAw%3D%3D\" target=\"_blank\">https:\/\/www.google.com\/maps\/place\/Otriza+Parking\/@42.7998751,-1.6443355,20.02z<\/a><\/p><\/div><div  class=\"ui--space clearfix\" style=\"height: 42px;\" data-responsive=\"{&quot;css&quot;:{&quot;height&quot;:{&quot;phone&quot;:null,&quot;tablet&quot;:null,&quot;widescreen&quot;:&quot;42px&quot;}}}\"><\/div>","protected":false},"excerpt":{"rendered":"<p>El XXI Congreso de la Asociaci\u00f3n Espa\u00f1ola para la Econom\u00eda Energ\u00e9tica se celebrar\u00e1 en el Campus de la Universidad de Navarra (Pamplona). En concreto, todas las actividades tendr\u00e1n lugar en los siguientes edificios del campus:\u00a0LLegar a Pamplona en avi\u00f3n:\u00a0 Pamplona cuenta con un c\u00f3modo y funcional aeropuerto (IATA: PNA) a escasos 10 minutos de la [&hellip;]<\/p>\n","protected":false},"author":3,"featured_media":0,"parent":0,"menu_order":9,"comment_status":"open","ping_status":"closed","template":"","meta":{"footnotes":""},"class_list":["post-539","page","type-page","status-publish","hentry"],"_links":{"self":[{"href":"https:\/\/aeee.es\/xxi_congreso_aeee\/wp-json\/wp\/v2\/pages\/539","targetHints":{"allow":["GET"]}}],"collection":[{"href":"https:\/\/aeee.es\/xxi_congreso_aeee\/wp-json\/wp\/v2\/pages"}],"about":[{"href":"https:\/\/aeee.es\/xxi_congreso_aeee\/wp-json\/wp\/v2\/types\/page"}],"author":[{"embeddable":true,"href":"https:\/\/aeee.es\/xxi_congreso_aeee\/wp-json\/wp\/v2\/users\/3"}],"replies":[{"embeddable":true,"href":"https:\/\/aeee.es\/xxi_congreso_aeee\/wp-json\/wp\/v2\/comments?post=539"}],"version-history":[{"count":26,"href":"https:\/\/aeee.es\/xxi_congreso_aeee\/wp-json\/wp\/v2\/pages\/539\/revisions"}],"predecessor-version":[{"id":1976,"href":"https:\/\/aeee.es\/xxi_congreso_aeee\/wp-json\/wp\/v2\/pages\/539\/revisions\/1976"}],"wp:attachment":[{"href":"https:\/\/aeee.es\/xxi_congreso_aeee\/wp-json\/wp\/v2\/media?parent=539"}],"curies":[{"name":"wp","href":"https:\/\/api.w.org\/{rel}","templated":true}]}}