{"id":537,"date":"2016-07-14T12:46:42","date_gmt":"2016-07-14T10:46:42","guid":{"rendered":"https:\/\/aeee.es\/xxi_congreso_aeee\/?page_id=537"},"modified":"2026-01-21T10:37:11","modified_gmt":"2026-01-21T09:37:11","slug":"sede","status":"publish","type":"page","link":"https:\/\/aeee.es\/xxi_congreso_aeee\/sede\/","title":{"rendered":"Sede"},"content":{"rendered":"<div class=\"ui-row row\">\n <div   class=\"ui-column span6\"><div class=\"ui--image-wrap clearfix\"><img decoding=\"async\"  id=\"ui--image-1\" class=\"ui--image ui--animation\" src=\"https:\/\/aeee.es\/xxi_congreso_aeee\/wp-content\/uploads\/2026\/01\/foto-sede-1.jpg\" alt=\"foto-sede-1\" title=\"foto-sede-1\" data-at2x=\"\"\/><\/div><\/div> \n\n <div   class=\"ui-column span6\"><div class=\"ui--animation\"><h3>Sede, organizaci\u00f3n responsable y patrocinador principal:<\/h3>\r\n<p>Instituto Cultura y Sociedad (ICS), Universidad de Navarra<\/p>\r\n\r\n<p>El Instituto Cultura y Sociedad (ICS) es un centro de investigaci\u00f3n en Ciencias Sociales de la Universidad de Navarra. Fundado en 2010, su misi\u00f3n es llevar a cabo investigaciones que aborden los grandes desaf\u00edos a los que se enfrenta la humanidad en la actualidad. Estos desaf\u00edos globales incluyen convivir en un mundo plural, preservar los legados culturales y sociales para las futuras generaciones, promover el bienestar individual, fomentar las relaciones y el desarrollo humanos, y explorar la intersecci\u00f3n entre la tecnolog\u00eda y la creatividad. <\/p><\/div><\/div> \n\n<\/div> \n<div class=\"ui-row row\">\n <div   class=\"ui-column span6\"><div  class=\"ui--space clearfix\" style=\"height: 48px;\" data-responsive=\"{&quot;css&quot;:{&quot;height&quot;:{&quot;phone&quot;:null,&quot;tablet&quot;:null,&quot;widescreen&quot;:&quot;48px&quot;}}}\"><\/div><div class=\"ui--animation\"><p>El trabajo del ICS se estructura en torno a tres pilares fundamentales. Primero, la interdisciplinariedad, que se refleja en la composici\u00f3n de los equipos de investigaci\u00f3n, en las actividades realizadas y en la estrategia general de investigaci\u00f3n del centro. Segundo, la internacionalidad, ya que el ICS re\u00fane a investigadores de una amplia variedad de or\u00edgenes cient\u00edficos y culturales. Esta diversidad de perspectivas garantiza que los resultados de la investigaci\u00f3n se enriquezcan con una pluralidad de enfoques y puedan ofrecer soluciones con relevancia global. Tercero, el impacto social, ya que, inspirado por las necesidades de la sociedad, el ICS busca producir investigaciones que contribuyan al bien com\u00fan. A trav\u00e9s de un di\u00e1logo activo con diversos agentes sociales, el Instituto procura que sus proyectos generen beneficios tangibles para la sociedad. \r\nEl ICS est\u00e1 formado por 83 investigadores que representan 17 disciplinas acad\u00e9micas y 19 nacionalidades. Adem\u00e1s, el Instituto colabora con 181 socios internacionales. <\/p>\r\n\r\n<p>El ICS ser\u00e1 responsable de organizar la conferencia y coordinar los distintos comit\u00e9s implicados.<\/p><\/div><\/div> \n\n <div   class=\"ui-column span6\"><div  class=\"ui--space clearfix\" style=\"height: 48px;\" data-responsive=\"{&quot;css&quot;:{&quot;height&quot;:{&quot;phone&quot;:null,&quot;tablet&quot;:null,&quot;widescreen&quot;:&quot;48px&quot;}}}\"><\/div><div class=\"ui--image-wrap clearfix\"><img decoding=\"async\"  id=\"ui--image-2\" class=\"ui--image ui--animation\" src=\"https:\/\/aeee.es\/xxi_congreso_aeee\/wp-content\/uploads\/2026\/01\/foto-sede-2.jpg\" alt=\"foto-sede-2\" title=\"foto-sede-2\" data-at2x=\"\"\/><\/div><\/div> \n\n<\/div> \n<div  class=\"ui--space clearfix\" style=\"height: 48px;\" data-responsive=\"{&quot;css&quot;:{&quot;height&quot;:{&quot;phone&quot;:null,&quot;tablet&quot;:null,&quot;widescreen&quot;:&quot;48px&quot;}}}\"><\/div><div class=\"ui--animation\"><strong>Sede de apoyo log\u00edstico:<\/strong> \r\n<p>Facultad de Cc. Econ\u00f3micas y Empresariales, Universidad de Navarra.<\/p>\r\n\r\n<p>La Facultad de Cc. Econ\u00f3micas y Empresariales de la Universidad de Navarra (UNAV), fundada en 1987, ofrece una formaci\u00f3n avanzada en econom\u00eda y direcci\u00f3n de empresas, combinando exigencia acad\u00e9mica, rigor anal\u00edtico y atenci\u00f3n individualizada. Se caracteriza por un fuerte compromiso con la internacionalizaci\u00f3n, el impacto profesional y la innovaci\u00f3n educativa. <\/p>\r\n\r\n<p>En ella se imparten nueve t\u00edtulos de grado, cinco de ellos biling\u00fces, y dispone de programas de doble titulaci\u00f3n como ADE + Derecho, Econom\u00eda + Derecho. Estos programas est\u00e1n dise\u00f1ados con una visi\u00f3n integral: acad\u00e9mica, internacional, experiencial y orientada a las salidas profesionales. Adem\u00e1s, la Facultad mantiene una fuerte orientaci\u00f3n global, con m\u00e1s del 40% de alumnos internacionales, y acuerdos de intercambio con m\u00e1s de 140 universidades en 40 pa\u00edses.<\/p><\/div><div class=\"auto-format ui--animation\"><p><iframe src=\"https:\/\/www.google.com\/maps\/embed?pb=!1m18!1m12!1m3!1d5854.801796218781!2d-1.6599494235736079!3d42.801013607129065!2m3!1f0!2f0!3f0!3m2!1i1024!2i768!4f13.1!3m3!1m2!1s0xd50926831996e63%3A0xb7bbfa8501f84f49!2sInstituto%20Cultura%20y%20Sociedad%20(ICS).%20Universidad%20de%20Navarra!5e0!3m2!1ses!2ses!4v1765970098742!5m2!1ses!2ses\" width=\"100%\" height=\"450\" style=\"border:0;\" allowfullscreen=\"\" loading=\"lazy\" referrerpolicy=\"no-referrer-when-downgrade\"><\/iframe><\/p>\n<\/div><div  class=\"ui--space clearfix\" data-responsive=\"{&quot;css&quot;:{&quot;height&quot;:{&quot;phone&quot;:null,&quot;tablet&quot;:null,&quot;widescreen&quot;:null}}}\"><\/div>","protected":false},"excerpt":{"rendered":"<p>Sede, organizaci\u00f3n responsable y patrocinador principal: Instituto Cultura y Sociedad (ICS), Universidad de Navarra El Instituto Cultura y Sociedad (ICS) es un centro de investigaci\u00f3n en Ciencias Sociales de la Universidad de Navarra. Fundado en 2010, su misi\u00f3n es llevar a cabo investigaciones que aborden los grandes desaf\u00edos a los que se enfrenta la humanidad [&hellip;]<\/p>\n","protected":false},"author":3,"featured_media":0,"parent":0,"menu_order":8,"comment_status":"open","ping_status":"closed","template":"","meta":{"footnotes":""},"class_list":["post-537","page","type-page","status-publish","hentry"],"_links":{"self":[{"href":"https:\/\/aeee.es\/xxi_congreso_aeee\/wp-json\/wp\/v2\/pages\/537","targetHints":{"allow":["GET"]}}],"collection":[{"href":"https:\/\/aeee.es\/xxi_congreso_aeee\/wp-json\/wp\/v2\/pages"}],"about":[{"href":"https:\/\/aeee.es\/xxi_congreso_aeee\/wp-json\/wp\/v2\/types\/page"}],"author":[{"embeddable":true,"href":"https:\/\/aeee.es\/xxi_congreso_aeee\/wp-json\/wp\/v2\/users\/3"}],"replies":[{"embeddable":true,"href":"https:\/\/aeee.es\/xxi_congreso_aeee\/wp-json\/wp\/v2\/comments?post=537"}],"version-history":[{"count":19,"href":"https:\/\/aeee.es\/xxi_congreso_aeee\/wp-json\/wp\/v2\/pages\/537\/revisions"}],"predecessor-version":[{"id":1944,"href":"https:\/\/aeee.es\/xxi_congreso_aeee\/wp-json\/wp\/v2\/pages\/537\/revisions\/1944"}],"wp:attachment":[{"href":"https:\/\/aeee.es\/xxi_congreso_aeee\/wp-json\/wp\/v2\/media?parent=537"}],"curies":[{"name":"wp","href":"https:\/\/api.w.org\/{rel}","templated":true}]}}