{"id":535,"date":"2016-07-14T12:46:16","date_gmt":"2016-07-14T10:46:16","guid":{"rendered":"https:\/\/aeee.es\/xxi_congreso_aeee\/?page_id=535"},"modified":"2025-12-22T14:00:39","modified_gmt":"2025-12-22T13:00:39","slug":"comites","status":"publish","type":"page","link":"https:\/\/aeee.es\/xxi_congreso_aeee\/comites\/","title":{"rendered":"Comit\u00e9s"},"content":{"rendered":"<div class=\"ui-row row\">\n <div   class=\"ui-column span6\"><div class=\"text-left\"><div  class=\"ui--space clearfix\" style=\"height: 15px;\" data-responsive=\"{&quot;css&quot;:{&quot;height&quot;:{&quot;phone&quot;:null,&quot;tablet&quot;:null,&quot;widescreen&quot;:&quot;15px&quot;}}}\"><\/div><h3 id=\"custom-title-h3-1\" class=\"ui--animation \" style=\"\"><strong>Comit\u00e9 Cient\u00edfico<\/strong><\/h3><div class=\"auto-format ui--animation\"><p><strong>Presidente<\/strong><br \/>\n<strong>Ma del Mar Rubio Varas<\/strong><br \/>\n(Universidad P\u00fablica de Navarra)<\/p>\n<p><strong>Miembros<\/strong><br \/>\n<strong>Pablo Arocena Garro <\/strong><br \/>\n(Universidad P\u00fablica de Navarra)<br \/>\n<strong>Jacint Balaguer Coll <\/strong><br \/>\n(Universitat Jaume I)<br \/>\n<strong>Sara Cano Rodr\u00edguez <\/strong><br \/>\n(Universidad P\u00fablica de Navarra)<br \/>\n<strong>Aitor Ciarreta Antu\u00f1ano <\/strong><br \/>\n(Universidad del Pa\u00eds Vasco)<br \/>\n<strong>Pablo Due\u00f1as Mart\u00ednez <\/strong><br \/>\n(Universidad Pontificia Comillas)<br \/>\n<strong>Xaqu\u00edn Garc\u00eda-Muros <\/strong><br \/>\n(Basque Center for Climate Change)<br \/>\n<strong>Rebeca Jim\u00e9nez Rodr\u00edguez <\/strong><br \/>\n(Universidad de Salamanca)<br \/>\n<strong>Antonio Francisco Rodr\u00edguez Matas <\/strong><br \/>\n(Universidad Pontificia Comillas)<br \/>\n<strong>Maria Cristina Pizarro <\/strong><br \/>\n(Universidad del Pa\u00eds Vasco)<\/p>\n<\/div><\/div><\/div> \n\n <div   class=\"ui-column span6\"><div class=\"text-left\"><div  class=\"ui--space clearfix\" style=\"height: 15px;\" data-responsive=\"{&quot;css&quot;:{&quot;height&quot;:{&quot;phone&quot;:null,&quot;tablet&quot;:null,&quot;widescreen&quot;:&quot;15px&quot;}}}\"><\/div><h3 id=\"custom-title-h3-2\" class=\"ui--animation \" style=\"\"><strong>Comit\u00e9 Organizador<\/strong><\/h3><div class=\"auto-format ui--animation\"><p><strong>Presidente<\/strong><br \/>\n<strong>Ra\u00fal Bajo Buenestado<\/strong><br \/>\n(Universidad de Navarra)<\/p>\n<p><strong>Miembros<\/strong><br \/>\n<strong>Mirko Abbritti<\/strong><br \/>\n(Universidad de Navarra)<br \/>\n<strong>Elena Belzunce<\/strong><br \/>\n(Universidad de Navarra)<br \/>\n<strong>Miguel \u00c1ngel Borrella M\u00e1s<\/strong><br \/>\n(Universidad de Navarra)<br \/>\n<strong>Bianca Cid<\/strong><br \/>\n(Universidad de Santiago de Compostela)<br \/>\n<strong>Juncal Cu\u00f1ado<\/strong><br \/>\n(Universidad de Navarra)<br \/>\n<strong>Amaia de Ayala<\/strong><br \/>\n(Universidad del Pa\u00eds Vasco)<br \/>\n<strong>Itzel de Haro<\/strong><br \/>\n(Universidad de Navarra)<br \/>\n<strong>Mar\u00eda Garc\u00eda<\/strong><br \/>\n(Repsol)<br \/>\n<strong>Mikel Gonz\u00e1lez-Eguino<\/strong><br \/>\n(Basque Center for Climate Change)<br \/>\n<strong>Mar\u00eda Jos\u00e9 Libreros<\/strong><br \/>\n(Universidad de Navarra)<br \/>\n<strong><strong>Hugo Lucas Porta<\/strong><br \/>\n(IDEA)<br \/>\n\u00c1lvaro L\u00f3pez-Pe\u00f1a<\/strong><br \/>\n(Universidad Pontificia Comillas)<br \/>\n<strong>Manuel P\u00e9rez Bravo<\/strong><br \/>\n(Universidad Pontificia Comillas)<br \/>\n<strong>Gonzalo S\u00e1enz de Miera<\/strong><br \/>\n(Iberdrola)<br \/>\n<strong>Sally Sampson<\/strong><br \/>\n(Universidad de Navarra)<br \/>\n<strong>Kepa Solaun<\/strong><br \/>\n(Global Factor)<\/p>\n<\/div><\/div><\/div> \n\n<\/div> \n<div  class=\"ui--space clearfix\" style=\"height: 42px;\" data-responsive=\"{&quot;css&quot;:{&quot;height&quot;:{&quot;phone&quot;:null,&quot;tablet&quot;:null,&quot;widescreen&quot;:&quot;42px&quot;}}}\"><\/div>","protected":false},"excerpt":{"rendered":"<p>Comit\u00e9 Cient\u00edficoPresidente Ma del Mar Rubio Varas (Universidad P\u00fablica de Navarra) Miembros Pablo Arocena Garro (Universidad P\u00fablica de Navarra) Jacint Balaguer Coll (Universitat Jaume I) Sara Cano Rodr\u00edguez (Universidad P\u00fablica de Navarra) Aitor Ciarreta Antu\u00f1ano (Universidad del Pa\u00eds Vasco) Pablo Due\u00f1as Mart\u00ednez (Universidad Pontificia Comillas) Xaqu\u00edn Garc\u00eda-Muros (Basque Center for Climate Change) Rebeca Jim\u00e9nez Rodr\u00edguez [&hellip;]<\/p>\n","protected":false},"author":3,"featured_media":0,"parent":0,"menu_order":7,"comment_status":"open","ping_status":"closed","template":"","meta":{"footnotes":""},"class_list":["post-535","page","type-page","status-publish","hentry"],"_links":{"self":[{"href":"https:\/\/aeee.es\/xxi_congreso_aeee\/wp-json\/wp\/v2\/pages\/535","targetHints":{"allow":["GET"]}}],"collection":[{"href":"https:\/\/aeee.es\/xxi_congreso_aeee\/wp-json\/wp\/v2\/pages"}],"about":[{"href":"https:\/\/aeee.es\/xxi_congreso_aeee\/wp-json\/wp\/v2\/types\/page"}],"author":[{"embeddable":true,"href":"https:\/\/aeee.es\/xxi_congreso_aeee\/wp-json\/wp\/v2\/users\/3"}],"replies":[{"embeddable":true,"href":"https:\/\/aeee.es\/xxi_congreso_aeee\/wp-json\/wp\/v2\/comments?post=535"}],"version-history":[{"count":18,"href":"https:\/\/aeee.es\/xxi_congreso_aeee\/wp-json\/wp\/v2\/pages\/535\/revisions"}],"predecessor-version":[{"id":1927,"href":"https:\/\/aeee.es\/xxi_congreso_aeee\/wp-json\/wp\/v2\/pages\/535\/revisions\/1927"}],"wp:attachment":[{"href":"https:\/\/aeee.es\/xxi_congreso_aeee\/wp-json\/wp\/v2\/media?parent=535"}],"curies":[{"name":"wp","href":"https:\/\/api.w.org\/{rel}","templated":true}]}}