{"id":531,"date":"2016-07-14T12:44:02","date_gmt":"2016-07-14T10:44:02","guid":{"rendered":"https:\/\/aeee.es\/xxi_congreso_aeee\/?page_id=531"},"modified":"2026-02-24T16:56:00","modified_gmt":"2026-02-24T15:56:00","slug":"alojamiento","status":"publish","type":"page","link":"https:\/\/aeee.es\/xxi_congreso_aeee\/alojamiento\/","title":{"rendered":"Alojamiento"},"content":{"rendered":"<div class=\"ui--animation\"><p>El alojamiento es responsabilidad de los participantes. Os rogamos que hag\u00e1is vuestras reservas de hotel lo antes posible ya que las\u00a0fechas del congreso coinciden con otros eventos (por ejemplo, graduaciones).\u00a0<\/p>\r\n\r\n<p>En este apartado se recogen distintas opciones de alojamiento situadas en las inmediaciones del campus de la Universidad de Navarra. Estas opciones permitir\u00e1n a los asistentes disfrutar de una estancia c\u00f3moda, pr\u00e1ctica y bien conectada durante el congreso.\u00a0Adem\u00e1s, gracias a la amplia red de transporte p\u00fablico, desde la zona del campus es posible acceder al centro de la ciudad de forma r\u00e1pida y c\u00f3moda en caso de querer realizar una visita.<\/p>\r\n\r\n<table class=\" alignleft\" width=\"100%\" cellspacing=\"0\" cellpadding=\"15\">\r\n<tbody>\r\n<tr valign=\"top\">\r\n<td bgcolor=\"#ffffff\" width=\"18%\">Hotel Blanca de Navarra<\/td>\r\n<td bgcolor=\"#ffffff\" width=\"16%\">\r\n<p align=\"justify\">\u2605\u2605\u2605\u2605<\/p>\r\n<\/td>\r\n<td bgcolor=\"#ffffff\" width=\"17%\">\r\n<p style=\"text-align: center;\" align=\"justify\">Av. de P\u00edo XII, 43, 31008 Pamplona, Navarra<\/p>\r\n<\/td>\r\n<td bgcolor=\"#ffffff\" width=\"49%\">\r\n<p align=\"justify\"><a href=\"https:\/\/eur01.safelinks.protection.outlook.com\/?url=http%3A%2F%2Fwww.hotelblancadenavarra.com%2F&amp;data=05%7C02%7Cmperezb%40comillas.edu%7C089696e37d3843855a7b08de69646122%7Cbcd2701caa9b4d12ba20f3e3b83070c1%7C0%7C0%7C639064077012976079%7CUnknown%7CTWFpbGZsb3d8eyJFbXB0eU1hcGkiOnRydWUsIlYiOiIwLjAuMDAwMCIsIlAiOiJXaW4zMiIsIkFOIjoiTWFpbCIsIldUIjoyfQ%3D%3D%7C0%7C%7C%7C&amp;sdata=wAiNbpTsmm16%2FXULp%2FI%2Fd7Yz88tv7DD%2BNxLC832Ks%2BQ%3D&amp;reserved=0\" name=\"Direcci\u00f3n URL original: http:\/\/www.hotelblancadenavarra.com\/. Haga clic o pulse si conf\u00eda en este v\u00ednculo.\">http:\/\/www.hotelblancadenavarra.com\/<\/a><\/p>\r\n<\/td>\r\n<\/tr>\r\n<tr valign=\"top\">\r\n<td bgcolor=\"#ffffff\" width=\"18%\">Occidental Pamplona (Barcel\u00f3)<\/td>\r\n<td bgcolor=\"#ffffff\" width=\"16%\">\r\n<p align=\"justify\">\u2605\u2605\u2605\u2605<\/p>\r\n<\/td>\r\n<td bgcolor=\"#ffffff\" width=\"17%\">\r\n<p style=\"text-align: center;\" align=\"justify\">C. de Acella, 1, 31008 Pamplona, Navarra<\/p>\r\n<\/td>\r\n<td bgcolor=\"#ffffff\" width=\"49%\">\r\n<p align=\"justify\"><a href=\"https:\/\/eur01.safelinks.protection.outlook.com\/?url=https%3A%2F%2Fwww.barcelo.com%2Fen-es%2Foccidental-pamplona%2F&amp;data=05%7C02%7Cmperezb%40comillas.edu%7C089696e37d3843855a7b08de69646122%7Cbcd2701caa9b4d12ba20f3e3b83070c1%7C0%7C0%7C639064077013009006%7CUnknown%7CTWFpbGZsb3d8eyJFbXB0eU1hcGkiOnRydWUsIlYiOiIwLjAuMDAwMCIsIlAiOiJXaW4zMiIsIkFOIjoiTWFpbCIsIldUIjoyfQ%3D%3D%7C0%7C%7C%7C&amp;sdata=C8ljLLO1pX4jGLac6pNeD25ila54aVm8udDkwWDOlp4%3D&amp;reserved=0\" name=\"Direcci\u00f3n URL original: https:\/\/www.barcelo.com\/en-es\/occidental-pamplona\/. Haga clic o pulse si conf\u00eda en este v\u00ednculo.\"><span lang=\"it-IT\">https:\/\/www.barcelo.com\/en-es\/occidental-pamplona\/<\/span><\/a><\/p>\r\n<\/td>\r\n<\/tr>\r\n<tr valign=\"top\">\r\n<td bgcolor=\"#ffffff\" width=\"18%\">Hotel NH Pamplona Iru\u00f1a Park<\/td>\r\n<td bgcolor=\"#ffffff\" width=\"16%\">\r\n<p align=\"justify\">\u2605\u2605\u2605\u2605<\/p>\r\n<\/td>\r\n<td bgcolor=\"#ffffff\" width=\"17%\">\r\n<p style=\"text-align: center;\" align=\"justify\">C. de Arcadio Mar\u00eda Larraona, 1, 31008 Pamplona, Navarra<\/p>\r\n<\/td>\r\n<td bgcolor=\"#ffffff\" width=\"49%\">\r\n<p align=\"justify\"><a href=\"https:\/\/eur01.safelinks.protection.outlook.com\/?url=https%3A%2F%2Fwww.nh-hotels.com%2Fes%2Fhoteles%2Fpamplona&amp;data=05%7C02%7Cmperezb%40comillas.edu%7C089696e37d3843855a7b08de69646122%7Cbcd2701caa9b4d12ba20f3e3b83070c1%7C0%7C0%7C639064077013028498%7CUnknown%7CTWFpbGZsb3d8eyJFbXB0eU1hcGkiOnRydWUsIlYiOiIwLjAuMDAwMCIsIlAiOiJXaW4zMiIsIkFOIjoiTWFpbCIsIldUIjoyfQ%3D%3D%7C0%7C%7C%7C&amp;sdata=Y9sU%2FR%2F4%2BSqpP%2F5jerBMY3tPj3SiX7aNw4X1ex5633Q%3D&amp;reserved=0\" name=\"Direcci\u00f3n URL original: https:\/\/www.nh-hotels.com\/es\/hoteles\/pamplona. Haga clic o pulse si conf\u00eda en este v\u00ednculo.\"><span lang=\"it-IT\">https:\/\/www.nh-hotels.com\/es\/hoteles\/pamplona<\/span><\/a><\/p>\r\n<\/td>\r\n<\/tr>\r\n<tr valign=\"top\">\r\n<td bgcolor=\"#ffffff\" width=\"18%\">Hotel Albret<\/td>\r\n<td bgcolor=\"#ffffff\" width=\"16%\">\r\n<p align=\"justify\">\u2605\u2605\u2605\u2605<\/p>\r\n<\/td>\r\n<td bgcolor=\"#ffffff\" width=\"17%\">\r\n<p style=\"text-align: center;\" align=\"justify\">\u00a0C. de Ermitaga\u00f1a, 3, 31008 Pamplona, Navarra<\/p>\r\n<\/td>\r\n<td bgcolor=\"#ffffff\" width=\"49%\">\r\n<p align=\"justify\"><a href=\"https:\/\/eur01.safelinks.protection.outlook.com\/?url=http%3A%2F%2Fwww.hotelalbret.com%2F&amp;data=05%7C02%7Cmperezb%40comillas.edu%7C089696e37d3843855a7b08de69646122%7Cbcd2701caa9b4d12ba20f3e3b83070c1%7C0%7C0%7C639064077013047895%7CUnknown%7CTWFpbGZsb3d8eyJFbXB0eU1hcGkiOnRydWUsIlYiOiIwLjAuMDAwMCIsIlAiOiJXaW4zMiIsIkFOIjoiTWFpbCIsIldUIjoyfQ%3D%3D%7C0%7C%7C%7C&amp;sdata=REr4yhHzqiCcf8DI%2FIeTGZzWHiY6Tecf76mXqJkPKPc%3D&amp;reserved=0\" name=\"Direcci\u00f3n URL original: http:\/\/www.hotelalbret.com\/. Haga clic o pulse si conf\u00eda en este v\u00ednculo.\">http:\/\/www.hotelalbret.com\/<\/a><\/p>\r\n<\/td>\r\n<\/tr>\r\n<tr valign=\"top\">\r\n<td bgcolor=\"#ffffff\" width=\"18%\">Hotel Sancho Ram\u00edrez<\/td>\r\n<td bgcolor=\"#ffffff\" width=\"16%\">\r\n<p align=\"justify\">\u2605\u2605\u2605<\/p>\r\n<\/td>\r\n<td bgcolor=\"#ffffff\" width=\"17%\">\r\n<p style=\"text-align: center;\" align=\"justify\">\u00a0C. Sancho Ram\u00edrez, 11,\u00a0Bajo, 31008 Pamplona, Navarra.<\/p>\r\n<\/td>\r\n<td bgcolor=\"#ffffff\" width=\"49%\">\r\n<p align=\"justify\"><a href=\"https:\/\/eur01.safelinks.protection.outlook.com\/?url=http%3A%2F%2Fwww.hotelsanchoramirez.com%2F&amp;data=05%7C02%7Cmperezb%40comillas.edu%7C089696e37d3843855a7b08de69646122%7Cbcd2701caa9b4d12ba20f3e3b83070c1%7C0%7C0%7C639064077013065415%7CUnknown%7CTWFpbGZsb3d8eyJFbXB0eU1hcGkiOnRydWUsIlYiOiIwLjAuMDAwMCIsIlAiOiJXaW4zMiIsIkFOIjoiTWFpbCIsIldUIjoyfQ%3D%3D%7C0%7C%7C%7C&amp;sdata=H4%2FqQLx6Ms9oW%2BeGsoZZ1iZumIAcjcK7c%2BshHp3IRAw%3D&amp;reserved=0\" name=\"Direcci\u00f3n URL original: http:\/\/www.hotelsanchoramirez.com\/. Haga clic o pulse si conf\u00eda en este v\u00ednculo.\">http:\/\/www.hotelsanchoramirez.com\/<\/a><\/p>\r\n<\/td>\r\n<\/tr>\r\n<tr valign=\"top\">\r\n<td bgcolor=\"#ffffff\" width=\"18%\">Apartamentos L\u00edbere<\/td>\r\n<td bgcolor=\"#ffffff\" width=\"16%\">\r\n<p align=\"justify\">\u2605\u2605\u2605<\/p>\r\n<\/td>\r\n<td bgcolor=\"#ffffff\" width=\"17%\">\r\n<p style=\"text-align: center;\" align=\"justify\">Plaza Yamaguchi, 12, 31008 Pamplona, Navarra.<\/p>\r\n<\/td>\r\n<td bgcolor=\"#ffffff\" width=\"49%\">\r\n<p align=\"justify\"><a href=\"https:\/\/eur01.safelinks.protection.outlook.com\/?url=https%3A%2F%2Fwww.staylibere.com%2Fen%2Fapartments%2Flibere-pamplona-yamaguchi&amp;data=05%7C02%7Cmperezb%40comillas.edu%7C089696e37d3843855a7b08de69646122%7Cbcd2701caa9b4d12ba20f3e3b83070c1%7C0%7C0%7C639064077013082674%7CUnknown%7CTWFpbGZsb3d8eyJFbXB0eU1hcGkiOnRydWUsIlYiOiIwLjAuMDAwMCIsIlAiOiJXaW4zMiIsIkFOIjoiTWFpbCIsIldUIjoyfQ%3D%3D%7C0%7C%7C%7C&amp;sdata=huF%2B1s7KZGhbR1HuQhVwlye1%2Friye786ptSiYdeTKtE%3D&amp;reserved=0\" name=\"Direcci\u00f3n URL original: https:\/\/www.staylibere.com\/en\/apartments\/libere-pamplona-yamaguchi. Haga clic o pulse si conf\u00eda en este v\u00ednculo.\">https:\/\/www.staylibere.com\/en\/apartments\/libere-pamplona-yamaguchi<\/a><\/p>\r\n<\/td>\r\n<\/tr>\r\n<tr valign=\"top\">\r\n<td bgcolor=\"#ffffff\" width=\"18%\">MET Pamplona<\/td>\r\n<td bgcolor=\"#ffffff\" width=\"16%\">\r\n<p align=\"justify\">\u2605\u2605\u2605<\/p>\r\n<\/td>\r\n<td bgcolor=\"#ffffff\" width=\"17%\">\r\n<p style=\"text-align: center;\" align=\"justify\">Av. de Sancho el Fuerte, 28, 31008 Pamplona, Navarra.<\/p>\r\n<\/td>\r\n<td bgcolor=\"#ffffff\" width=\"49%\">\r\n<p align=\"justify\"><a href=\"https:\/\/eur01.safelinks.protection.outlook.com\/?url=https%3A%2F%2Fwww.metpamplonahotel.com%2Fes&amp;data=05%7C02%7Cmperezb%40comillas.edu%7C089696e37d3843855a7b08de69646122%7Cbcd2701caa9b4d12ba20f3e3b83070c1%7C0%7C0%7C639064077013099836%7CUnknown%7CTWFpbGZsb3d8eyJFbXB0eU1hcGkiOnRydWUsIlYiOiIwLjAuMDAwMCIsIlAiOiJXaW4zMiIsIkFOIjoiTWFpbCIsIldUIjoyfQ%3D%3D%7C0%7C%7C%7C&amp;sdata=QHYC1vyxRcKqsB%2BN8fM2YlpiAlJhxEm60UwpBvvbvC0%3D&amp;reserved=0\" name=\"Direcci\u00f3n URL original: https:\/\/www.metpamplonahotel.com\/es. Haga clic o pulse si conf\u00eda en este v\u00ednculo.\">https:\/\/www.metpamplonahotel.com\/es<\/a><\/p>\r\n<\/td>\r\n<\/tr>\r\n<tr valign=\"top\">\r\n<td bgcolor=\"#ffffff\" width=\"18%\">Hotel A Pamplona<\/td>\r\n<td bgcolor=\"#ffffff\" width=\"16%\">\r\n<p align=\"justify\">\u2605\u2605<\/p>\r\n<\/td>\r\n<td bgcolor=\"#ffffff\" width=\"17%\">\r\n<p style=\"text-align: center;\" align=\"justify\">C. Sancho Ram\u00edrez, 15, 31008 Pamplona, Navarra.<\/p>\r\n<\/td>\r\n<td bgcolor=\"#ffffff\" width=\"49%\">\r\n<p align=\"justify\"><a href=\"https:\/\/eur01.safelinks.protection.outlook.com\/?url=http%3A%2F%2Fhotelapamplona.es%2F&amp;data=05%7C02%7Cmperezb%40comillas.edu%7C089696e37d3843855a7b08de69646122%7Cbcd2701caa9b4d12ba20f3e3b83070c1%7C0%7C0%7C639064077013117019%7CUnknown%7CTWFpbGZsb3d8eyJFbXB0eU1hcGkiOnRydWUsIlYiOiIwLjAuMDAwMCIsIlAiOiJXaW4zMiIsIkFOIjoiTWFpbCIsIldUIjoyfQ%3D%3D%7C0%7C%7C%7C&amp;sdata=afgHlJ3JfSPN08WoXwLpuTs66zafPTyNDEqr3h2H%2BC4%3D&amp;reserved=0\" name=\"Direcci\u00f3n URL original: http:\/\/hotelapamplona.es\/. Haga clic o pulse si conf\u00eda en este v\u00ednculo.\">http:\/\/hotelapamplona.es\/<\/a><\/p>\r\n<\/td>\r\n<\/tr>\r\n<\/tbody>\r\n<\/table><\/div><div  class=\"ui--space clearfix\" style=\"height: 92px;\" data-responsive=\"{&quot;css&quot;:{&quot;height&quot;:{&quot;phone&quot;:null,&quot;tablet&quot;:null,&quot;widescreen&quot;:&quot;92px&quot;}}}\"><\/div>","protected":false},"excerpt":{"rendered":"<p>El alojamiento es responsabilidad de los participantes. Os rogamos que hag\u00e1is vuestras reservas de hotel lo antes posible ya que las\u00a0fechas del congreso coinciden con otros eventos (por ejemplo, graduaciones).\u00a0 En este apartado se recogen distintas opciones de alojamiento situadas en las inmediaciones del campus de la Universidad de Navarra. Estas opciones permitir\u00e1n a los [&hellip;]<\/p>\n","protected":false},"author":3,"featured_media":0,"parent":0,"menu_order":5,"comment_status":"open","ping_status":"closed","template":"","meta":{"footnotes":""},"class_list":["post-531","page","type-page","status-publish","hentry"],"_links":{"self":[{"href":"https:\/\/aeee.es\/xxi_congreso_aeee\/wp-json\/wp\/v2\/pages\/531","targetHints":{"allow":["GET"]}}],"collection":[{"href":"https:\/\/aeee.es\/xxi_congreso_aeee\/wp-json\/wp\/v2\/pages"}],"about":[{"href":"https:\/\/aeee.es\/xxi_congreso_aeee\/wp-json\/wp\/v2\/types\/page"}],"author":[{"embeddable":true,"href":"https:\/\/aeee.es\/xxi_congreso_aeee\/wp-json\/wp\/v2\/users\/3"}],"replies":[{"embeddable":true,"href":"https:\/\/aeee.es\/xxi_congreso_aeee\/wp-json\/wp\/v2\/comments?post=531"}],"version-history":[{"count":40,"href":"https:\/\/aeee.es\/xxi_congreso_aeee\/wp-json\/wp\/v2\/pages\/531\/revisions"}],"predecessor-version":[{"id":1987,"href":"https:\/\/aeee.es\/xxi_congreso_aeee\/wp-json\/wp\/v2\/pages\/531\/revisions\/1987"}],"wp:attachment":[{"href":"https:\/\/aeee.es\/xxi_congreso_aeee\/wp-json\/wp\/v2\/media?parent=531"}],"curies":[{"name":"wp","href":"https:\/\/api.w.org\/{rel}","templated":true}]}}