{"id":529,"date":"2016-07-14T12:43:41","date_gmt":"2016-07-14T10:43:41","guid":{"rendered":"https:\/\/aeee.es\/xxi_congreso_aeee\/?page_id=529"},"modified":"2026-04-07T14:08:37","modified_gmt":"2026-04-07T12:08:37","slug":"inscripcion","status":"publish","type":"page","link":"https:\/\/aeee.es\/xxi_congreso_aeee\/inscripcion\/","title":{"rendered":"Inscripci\u00f3n"},"content":{"rendered":"<div id=\"cuotas\"><div class=\"ui-row row\">\n <div   class=\"ui-column span8\"><h3 id=\"custom-title-h3-1\" class=\"ui--animation \" style=\"\"><strong>Cuotas de inscripci\u00f3n<\/strong> <\/h3><div class=\"auto-format ui--animation\"><p>Es requisito para la participaci\u00f3n en el Congreso ser socio\/a de la misma (ya sea en modalidad \u201csolo AEEE nacional\u201d o \u201cAEEE + IAEE\u201d). Esto se verificar\u00e1 en el momento de inscripci\u00f3n y si no se es se proceder\u00e1 al alta para modalidad \u201csolo AEEE nacional\u201d y para el a\u00f1o en curso (2026). <\/p>\n<p><strong>Inscripci\u00f3n hasta el 6 de mayo de 2026:<\/strong> <\/p>\n<p><strong>1. INDIVIDUAL (NO JOVEN):<\/strong> <\/p>\n<ul>\n<li>AEEE (modalidad s\u00f3lo nacional): 240 \u20ac.<\/li>\n<li>AEEE + IAEE (acceso a recursos de la Asociaci\u00f3n Internacional): 300 \u20ac.<\/li>\n<\/ul>\n<p><strong>2. J\u00d3VENES (estudiantes de cualquier edad, y j\u00f3venes profesionales con edad igual o inferior a 35 a\u00f1os a fecha de 31 de diciembre de 2026):<\/strong> <\/p>\n<ul>\n<li>AEEE (modalidad s\u00f3lo nacional): 65 \u20ac.<\/li>\n<li>AEEE+IAEE (acceso a recursos de la Asociaci\u00f3n Internacional): 100 \u20ac.<\/li>\n<\/ul>\n<p><strong>3. DESCUENTOS ESPECIALES<\/strong> <\/p>\n<ul>\n<li>Institucional:0 \u20ac (1 inscripci\u00f3n).<\/li>\n<li>Institucional Patrono: 0 \u20ac (2 inscripciones).<\/li>\n<\/ul>\n<p><strong>Inscripci\u00f3n despu\u00e9s del 6 de mayo del 2026:<\/strong> <\/p>\n<ul>\n<li>AEEE (modalidad s\u00f3lo nacional, individual y j\u00f3venes): 350 \u20ac.<\/li>\n<li>AEEE+IAEE (acceso a recursos de la Asociaci\u00f3n Internacional, individual y j\u00f3venes): 400 \u20ac.<\/li>\n<\/ul>\n<p><strong>Otros:<\/strong> <\/p>\n<ul>\n<li>Socios del Club Espa\u00f1ol de la Energ\u00eda: 290 \u20ac.<\/li>\n<\/ul>\n<p>Nota: Los socios que ya hayan abonado la cuota anual, deben descontar la cuota de esta cantidad. <\/p>\n<\/div><h3 id=\"custom-title-h3-2\" class=\"ui--animation \" style=\"\"><strong>Formulario de inscripci\u00f3n<\/strong> <\/h3>\n<div class=\"wpcf7 no-js\" id=\"wpcf7-f159-o1\" lang=\"es-ES\" dir=\"ltr\" data-wpcf7-id=\"159\">\n<div class=\"screen-reader-response\"><p role=\"status\" aria-live=\"polite\" aria-atomic=\"true\"><\/p> <ul><\/ul><\/div>\n<form action=\"\/xxi_congreso_aeee\/wp-json\/wp\/v2\/pages\/529#wpcf7-f159-o1\" method=\"post\" class=\"wpcf7-form init\" aria-label=\"Formulario de contacto\" enctype=\"multipart\/form-data\" novalidate=\"novalidate\" data-status=\"init\">\n<fieldset class=\"hidden-fields-container\"><input type=\"hidden\" name=\"_wpcf7\" value=\"159\" \/><input type=\"hidden\" name=\"_wpcf7_version\" value=\"6.1.5\" \/><input type=\"hidden\" name=\"_wpcf7_locale\" value=\"es_ES\" \/><input type=\"hidden\" name=\"_wpcf7_unit_tag\" value=\"wpcf7-f159-o1\" \/><input type=\"hidden\" name=\"_wpcf7_container_post\" value=\"0\" \/><input type=\"hidden\" name=\"_wpcf7_posted_data_hash\" value=\"\" \/><input type=\"hidden\" name=\"_wpcf7cf_hidden_group_fields\" value=\"[]\" \/><input type=\"hidden\" name=\"_wpcf7cf_hidden_groups\" value=\"[]\" \/><input type=\"hidden\" name=\"_wpcf7cf_visible_groups\" value=\"[]\" \/><input type=\"hidden\" name=\"_wpcf7cf_repeaters\" value=\"[]\" \/><input type=\"hidden\" name=\"_wpcf7cf_steps\" value=\"{}\" \/><input type=\"hidden\" name=\"_wpcf7cf_options\" value=\"{&quot;form_id&quot;:159,&quot;conditions&quot;:[{&quot;then_field&quot;:&quot;no&quot;,&quot;and_rules&quot;:[{&quot;if_field&quot;:&quot;socio&quot;,&quot;operator&quot;:&quot;equals&quot;,&quot;if_value&quot;:&quot;NO&quot;}]},{&quot;then_field&quot;:&quot;si&quot;,&quot;and_rules&quot;:[{&quot;if_field&quot;:&quot;socio&quot;,&quot;operator&quot;:&quot;equals&quot;,&quot;if_value&quot;:&quot;SI&quot;}]},{&quot;then_field&quot;:&quot;pago&quot;,&quot;and_rules&quot;:[{&quot;if_field&quot;:&quot;socio&quot;,&quot;operator&quot;:&quot;equals&quot;,&quot;if_value&quot;:&quot;SI&quot;}]}],&quot;settings&quot;:{&quot;animation&quot;:&quot;yes&quot;,&quot;animation_intime&quot;:200,&quot;animation_outtime&quot;:200,&quot;conditions_ui&quot;:&quot;normal&quot;,&quot;notice_dismissed&quot;:false}}\" \/>\n<\/fieldset>\n<style>\n .wpcf7-radio * {\n display: inline-block !important;\n }\n<\/style>\n<div class=\"ui-row row\">\n\t<div class=\"ui-column span12\">\n\t\t<p>Si el asistente no es socio, se va a proceder al alta autom\u00e1tica para este a\u00f1o 2026, que por defecto se hace en modalidad solo nacional salvo que aqu\u00ed se indique lo contrario:\n\t\t<\/p>\n\t\t<p><b>Modalidad<\/b>\n\t\t<\/p>\n\t\t<p><span class=\"wpcf7-form-control-wrap\" data-name=\"modalidades\"><span class=\"wpcf7-form-control wpcf7-radio\"><span class=\"wpcf7-list-item first\"><label><input type=\"radio\" name=\"modalidades\" value=\"Modalidad AEEE (solo nacional)\" checked=\"checked\" \/><span class=\"wpcf7-list-item-label\">Modalidad AEEE (solo nacional)<\/span><\/label><\/span><span class=\"wpcf7-list-item last\"><label><input type=\"radio\" name=\"modalidades\" value=\"Modalidad AEEE+IAEE (nacional+internacional) con coste superior\" \/><span class=\"wpcf7-list-item-label\">Modalidad AEEE+IAEE (nacional+internacional) con coste superior<\/span><\/label><\/span><\/span><\/span>\n\t\t<\/p>\n\t\t<p><b>\u00bfQuieres seguir siendo socio a partir del a\u00f1o 2026 en la modalidad seleccionada?<\/b>\n\t\t<\/p>\n\t\t<p><span class=\"wpcf7-form-control-wrap\" data-name=\"socio\"><span class=\"wpcf7-form-control wpcf7-radio\"><span class=\"wpcf7-list-item first\"><label><input type=\"radio\" name=\"socio\" value=\"SI\" \/><span class=\"wpcf7-list-item-label\">SI<\/span><\/label><\/span><span class=\"wpcf7-list-item last\"><label><input type=\"radio\" name=\"socio\" value=\"NO\" checked=\"checked\" \/><span class=\"wpcf7-list-item-label\">NO<\/span><\/label><\/span><\/span><\/span>\n\t\t<\/p>\n\t\t<div data-id=\"no\" data-orig_data_id=\"no\"  class=\"\" data-class=\"wpcf7cf_group\">\n\t\t\t<p style=\"background-color: #ffe8ca; padding: 20px; margin-bottom: 30px;\">Para socios no recurrentes, el pago se har\u00e1 mediante transferencia bancaria. Recibir\u00e1 en su correo electr\u00f3nico una factura con el importe y cuenta de destino de la Asociaci\u00f3n en la que tendr\u00e1 que depositar la cuota de su inscripci\u00f3n. Una vez recibida, recibir\u00e1 una confirmaci\u00f3n por parte de la gestor\u00eda de la Asociaci\u00f3n.<br \/>\nRecuerde: Si la factura ha de emitirse a una persona jur\u00eddica (Universidad, empresa, etc.), por favor especifique los datos\n\t\t\t<\/p>\n\t\t<\/div>\n\t\t<div data-id=\"si\" data-orig_data_id=\"si\"  class=\"\" data-class=\"wpcf7cf_group\">\n\t\t\t<p style=\"background-color: #ddffca; padding: 20px; margin-bottom: 30px;\">Para socios recurrentes, el pago se efectuar\u00e1 mediante domiciliaci\u00f3n bancaria. Por esta raz\u00f3n, es necesario rellenar los datos bancarios abajo solicitados. Recibir\u00e1 en su correo electr\u00f3nico una factura con el importe de su cuota de inscripci\u00f3n, del que se har\u00e1 domiciliaci\u00f3n bancaria en los d\u00edas siguientes.<br \/>\nRecuerde: Si la factura ha de emitirse a una persona jur\u00eddica (Universidad, empresa, etc.), por favor especifique los datos pertinentes m\u00e1s abajo.\n\t\t\t<\/p>\n\t\t<\/div>\n\t\t<h3>Persona f\u00edsica asistente (todos campos obligatorios):\n\t\t<\/h3>\n\t\t<p>Nombre*: <span class=\"wpcf7-form-control-wrap\" data-name=\"nombre\"><input size=\"40\" maxlength=\"400\" class=\"wpcf7-form-control wpcf7-text wpcf7-validates-as-required\" aria-required=\"true\" aria-invalid=\"false\" value=\"\" type=\"text\" name=\"nombre\" \/><\/span>\n\t\t<\/p>\n\t\t<p>Apellidos*:<span class=\"wpcf7-form-control-wrap\" data-name=\"apellidos\"><input size=\"40\" maxlength=\"400\" class=\"wpcf7-form-control wpcf7-text wpcf7-validates-as-required\" aria-required=\"true\" aria-invalid=\"false\" value=\"\" type=\"text\" name=\"apellidos\" \/><\/span>\n\t\t<\/p>\n\t\t<p>DNI\/NIE con letra*:<span class=\"wpcf7-form-control-wrap\" data-name=\"dni\"><input size=\"40\" maxlength=\"400\" class=\"wpcf7-form-control wpcf7-text wpcf7-validates-as-required\" aria-required=\"true\" aria-invalid=\"false\" value=\"\" type=\"text\" name=\"dni\" \/><\/span>\n\t\t<\/p>\n\t\t<p>Ciudad*: <span class=\"wpcf7-form-control-wrap\" data-name=\"dir\"><input size=\"40\" maxlength=\"400\" class=\"wpcf7-form-control wpcf7-text wpcf7-validates-as-required\" aria-required=\"true\" aria-invalid=\"false\" value=\"\" type=\"text\" name=\"dir\" \/><\/span>\n\t\t<\/p>\n\t\t<p>C\u00f3digo Postal*:<span class=\"wpcf7-form-control-wrap\" data-name=\"cp\"><input size=\"40\" maxlength=\"400\" class=\"wpcf7-form-control wpcf7-text wpcf7-validates-as-required\" aria-required=\"true\" aria-invalid=\"false\" value=\"\" type=\"text\" name=\"cp\" \/><\/span>\n\t\t<\/p>\n\t\t<p>Direcci\u00f3n postal*:<span class=\"wpcf7-form-control-wrap\" data-name=\"poblacion\"><input size=\"40\" maxlength=\"400\" class=\"wpcf7-form-control wpcf7-text wpcf7-validates-as-required\" aria-required=\"true\" aria-invalid=\"false\" value=\"\" type=\"text\" name=\"poblacion\" \/><\/span>\n\t\t<\/p>\n\t\t<p>E-mail*:<span class=\"wpcf7-form-control-wrap\" data-name=\"email\"><input size=\"40\" maxlength=\"400\" class=\"wpcf7-form-control wpcf7-email wpcf7-validates-as-required wpcf7-text wpcf7-validates-as-email\" aria-required=\"true\" aria-invalid=\"false\" value=\"\" type=\"email\" name=\"email\" \/><\/span>\n\t\t<\/p>\n\t\t<p>Tel\u00e9fono*: <span class=\"wpcf7-form-control-wrap\" data-name=\"telf\"><input size=\"40\" maxlength=\"400\" class=\"wpcf7-form-control wpcf7-text wpcf7-validates-as-required\" aria-required=\"true\" aria-invalid=\"false\" value=\"\" type=\"text\" name=\"telf\" \/><\/span>\n\t\t<\/p>\n\t\t<p>Instituci\u00f3n*: <span class=\"wpcf7-form-control-wrap\" data-name=\"institucion\"><input size=\"40\" maxlength=\"400\" class=\"wpcf7-form-control wpcf7-text wpcf7-validates-as-required\" aria-required=\"true\" aria-invalid=\"false\" value=\"\" type=\"text\" name=\"institucion\" \/><\/span>\n\t\t<\/p>\n\t\t<p>\u201cComentarios. Por favor, ind\u00edcanos si hay alguna intolerancia, alergia, o necesidad diet\u00e9tica especial que debamos tener en cuenta durante la organizaci\u00f3n del evento (Opcional)\u201d: <span class=\"wpcf7-form-control-wrap\" data-name=\"comentario\"><textarea cols=\"40\" rows=\"10\" maxlength=\"2000\" class=\"wpcf7-form-control wpcf7-textarea\" aria-invalid=\"false\" name=\"comentario\"><\/textarea><\/span>\n\t\t<\/p>\n\t\t<h3>Actividades sociales\n\t\t<\/h3>\n\t\t<p><b>Indique su participaci\u00f3n en las siguientes actividades<\/b>\n\t\t<\/p>\n\t\t<p>Cocktail de bienvenida (27 de mayo) <span class=\"wpcf7-form-control-wrap\" data-name=\"radio-809\"><span class=\"wpcf7-form-control wpcf7-radio\"><span class=\"wpcf7-list-item first\"><input type=\"radio\" name=\"radio-809\" value=\"Si\" \/><span class=\"wpcf7-list-item-label\">Si<\/span><\/span><span class=\"wpcf7-list-item last\"><input type=\"radio\" name=\"radio-809\" value=\"No\" \/><span class=\"wpcf7-list-item-label\">No<\/span><\/span><\/span><\/span>\n\t\t<\/p>\n\t\t<p>Comida (28 de mayo) <span class=\"wpcf7-form-control-wrap\" data-name=\"radio-26\"><span class=\"wpcf7-form-control wpcf7-radio\"><span class=\"wpcf7-list-item first\"><input type=\"radio\" name=\"radio-26\" value=\"Si\" \/><span class=\"wpcf7-list-item-label\">Si<\/span><\/span><span class=\"wpcf7-list-item last\"><input type=\"radio\" name=\"radio-26\" value=\"No\" \/><span class=\"wpcf7-list-item-label\">No<\/span><\/span><\/span><\/span>\n\t\t<\/p>\n\t\t<p>Visita cultural \u2013 Museo UNAV (28 de mayo) <span class=\"wpcf7-form-control-wrap\" data-name=\"radio-480\"><span class=\"wpcf7-form-control wpcf7-radio\"><span class=\"wpcf7-list-item first\"><input type=\"radio\" name=\"radio-480\" value=\"Si\" \/><span class=\"wpcf7-list-item-label\">Si<\/span><\/span><span class=\"wpcf7-list-item last\"><input type=\"radio\" name=\"radio-480\" value=\"No\" \/><span class=\"wpcf7-list-item-label\">No<\/span><\/span><\/span><\/span>\n\t\t<\/p>\n\t\t<p>Cena de gala (28 de mayo) <span class=\"wpcf7-form-control-wrap\" data-name=\"radio-115\"><span class=\"wpcf7-form-control wpcf7-radio\"><span class=\"wpcf7-list-item first\"><input type=\"radio\" name=\"radio-115\" value=\"Si\" \/><span class=\"wpcf7-list-item-label\">Si<\/span><\/span><span class=\"wpcf7-list-item last\"><input type=\"radio\" name=\"radio-115\" value=\"No\" \/><span class=\"wpcf7-list-item-label\">No<\/span><\/span><\/span><\/span>\n\t\t<\/p>\n\t\t<p>Comida (29 de mayo) <span class=\"wpcf7-form-control-wrap\" data-name=\"radio-330\"><span class=\"wpcf7-form-control wpcf7-radio\"><span class=\"wpcf7-list-item first\"><input type=\"radio\" name=\"radio-330\" value=\"Si\" \/><span class=\"wpcf7-list-item-label\">Si<\/span><\/span><span class=\"wpcf7-list-item last\"><input type=\"radio\" name=\"radio-330\" value=\"No\" \/><span class=\"wpcf7-list-item-label\">No<\/span><\/span><\/span><\/span>\n\t\t<\/p>\n\t\t<h3>Restricciones alimentarias\n\t\t<\/h3>\n\t\t<p><span class=\"wpcf7-form-control-wrap\" data-name=\"textarea-491\"><textarea cols=\"40\" rows=\"10\" maxlength=\"2000\" class=\"wpcf7-form-control wpcf7-textarea wpcf7-validates-as-required\" aria-required=\"true\" aria-invalid=\"false\" name=\"textarea-491\"><\/textarea><\/span>\n\t\t<\/p>\n\t\t<h3>Premios y publicaciones\n\t\t<\/h3>\n\t\t<p><b>Premios Red El\u00e9ctrica a j\u00f3venes investigadores<\/b>\n\t\t<\/p>\n\t\t<p>Solo para autores de 35 a\u00f1os o menos a 31 de diciembre de 2026. Los coautores no est\u00e1n sujetos al requisito de edad. No podr\u00e1n concurrir los ganadores de ediciones anteriores. M\u00e1s informaci\u00f3n en la secci\u00f3n Call For Papers.<br \/>\n\u00bfDesea participar en los Premios Red El\u00e9ctrica a j\u00f3venes investigadores? <span class=\"wpcf7-form-control-wrap\" data-name=\"radio-222\"><span class=\"wpcf7-form-control wpcf7-radio\"><span class=\"wpcf7-list-item first\"><input type=\"radio\" name=\"radio-222\" value=\"Si\" \/><span class=\"wpcf7-list-item-label\">Si<\/span><\/span><span class=\"wpcf7-list-item last\"><input type=\"radio\" name=\"radio-222\" value=\"No\" \/><span class=\"wpcf7-list-item-label\">No<\/span><\/span><\/span><\/span>\n\t\t<\/p>\n\t\t<p><b>Selecci\u00f3n de trabajos para \"Papeles de Energ\u00eda\" (FUNCAS)<\/b>\n\t\t<\/p>\n\t\t<p>Los trabajos seleccionados recibir\u00e1n 300 \u20ac brutos. Los autores deber\u00e1n estar dispuestos a realizar modificaciones menores de redacci\u00f3n a indicaci\u00f3n del editor. M\u00e1s informaci\u00f3n en la secci\u00f3n Call For Papers.<br \/>\n\u00bfDesea que su trabajo sea considerado para su publicaci\u00f3n en \"Papeles de Energ\u00eda\"? <span class=\"wpcf7-form-control-wrap\" data-name=\"radio-587\"><span class=\"wpcf7-form-control wpcf7-radio\"><span class=\"wpcf7-list-item first\"><input type=\"radio\" name=\"radio-587\" value=\"Si\" \/><span class=\"wpcf7-list-item-label\">Si<\/span><\/span><span class=\"wpcf7-list-item last\"><input type=\"radio\" name=\"radio-587\" value=\"No\" \/><span class=\"wpcf7-list-item-label\">No<\/span><\/span><\/span><\/span>\n\t\t<\/p>\n\t\t<div data-id=\"pago\" data-orig_data_id=\"pago\"  class=\"\" data-class=\"wpcf7cf_group\">\n\t\t\t<h3>Pago de la cuota\n\t\t\t<\/h3>\n\t\t\t<p>Datos bancarios para domiciliaci\u00f3n [si se domicilia a una persona jur\u00eddica incluir mismos datos que abajo]:\n\t\t\t<\/p>\n\t\t\t<p>Entidad*: <span class=\"wpcf7-form-control-wrap\" data-name=\"entidad\"><input size=\"40\" maxlength=\"400\" class=\"wpcf7-form-control wpcf7-text wpcf7-validates-as-required\" aria-required=\"true\" aria-invalid=\"false\" value=\"\" type=\"text\" name=\"entidad\" \/><\/span>\n\t\t\t<\/p>\n\t\t\t<p>IBAN o, si es fuera de Espa\u00f1a, n\u00famero completo de cuenta*: <span class=\"wpcf7-form-control-wrap\" data-name=\"iban\"><input size=\"40\" maxlength=\"400\" class=\"wpcf7-form-control wpcf7-text wpcf7-validates-as-required\" aria-required=\"true\" aria-invalid=\"false\" value=\"\" type=\"text\" name=\"iban\" \/><\/span>\n\t\t\t<\/p>\n\t\t\t<p>Si es fuera de Espa\u00f1a: BIC\/SWIFT <span class=\"wpcf7-form-control-wrap\" data-name=\"bic\"><input size=\"40\" maxlength=\"400\" class=\"wpcf7-form-control wpcf7-text\" aria-invalid=\"false\" value=\"\" type=\"text\" name=\"bic\" \/><\/span>\n\t\t\t<\/p>\n\t\t<\/div>\n\t\t<h3>Persona jur\u00eddica que asume los costes p.ej. universidad o empresa (si aplica, no obligatorios; si se rellenan las facturas se emitir\u00e1n a esta instituci\u00f3n):\n\t\t<\/h3>\n\t\t<p>Nuestra preferencia es facturar a persona f\u00edsica: si fuera posible por favor no utilizar esta secci\u00f3n. En caso de ser estrictamente necesario, por favor mandar una orden SEPA de domiciliaci\u00f3n firmada por el representante de la persona jur\u00eddica en PDF <a target=\"blank\" href=\"https:\/\/aeee.es\/xxi_congreso_aeee\/wp-content\/uploads\/2025\/01\/SEPA.pdf\">Descargar aqu\u00ed<\/a>\n\t\t<\/p>\n\t\t<p>Nombre social: <span class=\"wpcf7-form-control-wrap\" data-name=\"nombre-social\"><input size=\"40\" maxlength=\"400\" class=\"wpcf7-form-control wpcf7-text\" aria-invalid=\"false\" value=\"\" type=\"text\" name=\"nombre-social\" \/><\/span>\n\t\t<\/p>\n\t\t<p>Ciudad: <span class=\"wpcf7-form-control-wrap\" data-name=\"dir-2\"><input size=\"40\" maxlength=\"400\" class=\"wpcf7-form-control wpcf7-text\" aria-invalid=\"false\" value=\"\" type=\"text\" name=\"dir-2\" \/><\/span>\n\t\t<\/p>\n\t\t<p>C\u00f3digo Postal:<span class=\"wpcf7-form-control-wrap\" data-name=\"cp-2\"><input size=\"40\" maxlength=\"400\" class=\"wpcf7-form-control wpcf7-text\" aria-invalid=\"false\" value=\"\" type=\"text\" name=\"cp-2\" \/><\/span>\n\t\t<\/p>\n\t\t<p>Direcci\u00f3n postal:<span class=\"wpcf7-form-control-wrap\" data-name=\"poblacion-2\"><input size=\"40\" maxlength=\"400\" class=\"wpcf7-form-control wpcf7-text\" aria-invalid=\"false\" value=\"\" type=\"text\" name=\"poblacion-2\" \/><\/span>\n\t\t<\/p>\n\t\t<p>NIF:<span class=\"wpcf7-form-control-wrap\" data-name=\"nif\"><input size=\"40\" maxlength=\"400\" class=\"wpcf7-form-control wpcf7-text\" aria-invalid=\"false\" value=\"\" type=\"text\" name=\"nif\" \/><\/span>\n\t\t<\/p>\n\t\t<p><b>Persona de contacto:<\/b>\n\t\t<\/p>\n\t\t<p>Nombre: <span class=\"wpcf7-form-control-wrap\" data-name=\"nombre-contacto\"><input size=\"40\" maxlength=\"400\" class=\"wpcf7-form-control wpcf7-text\" aria-invalid=\"false\" value=\"\" type=\"text\" name=\"nombre-contacto\" \/><\/span>\n\t\t<\/p>\n\t\t<p>Apellidos: <span class=\"wpcf7-form-control-wrap\" data-name=\"apellido-contacto\"><input size=\"40\" maxlength=\"400\" class=\"wpcf7-form-control wpcf7-text\" aria-invalid=\"false\" value=\"\" type=\"text\" name=\"apellido-contacto\" \/><\/span>\n\t\t<\/p>\n\t\t<p>E-mail:<span class=\"wpcf7-form-control-wrap\" data-name=\"email-contacto\"><input size=\"40\" maxlength=\"400\" class=\"wpcf7-form-control wpcf7-email wpcf7-text wpcf7-validates-as-email\" aria-invalid=\"false\" value=\"\" type=\"email\" name=\"email-contacto\" \/><\/span>\n\t\t<\/p>\n\t\t<p>Tel\u00e9fono: <span class=\"wpcf7-form-control-wrap\" data-name=\"telf-contacto\"><input size=\"40\" maxlength=\"400\" class=\"wpcf7-form-control wpcf7-text\" aria-invalid=\"false\" value=\"\" type=\"text\" name=\"telf-contacto\" \/><\/span>\n\t\t<\/p>\n\t\t<p>Datos bancarios para domiciliaci\u00f3n:\n\t\t<\/p>\n\t\t<p>Entidad: <span class=\"wpcf7-form-control-wrap\" data-name=\"entidad-2\"><input size=\"40\" maxlength=\"400\" class=\"wpcf7-form-control wpcf7-text\" aria-invalid=\"false\" value=\"\" type=\"text\" name=\"entidad-2\" \/><\/span>\n\t\t<\/p>\n\t\t<p>IBAN o, si es fuera de Espa\u00f1a, n\u00famero completo de cuenta: <span class=\"wpcf7-form-control-wrap\" data-name=\"iban-2\"><input size=\"40\" maxlength=\"400\" class=\"wpcf7-form-control wpcf7-text\" aria-invalid=\"false\" value=\"\" type=\"text\" name=\"iban-2\" \/><\/span>\n\t\t<\/p>\n\t\t<p>Si es fuera de Espa\u00f1a: BIC\/SWIFT <span class=\"wpcf7-form-control-wrap\" data-name=\"bic-2\"><input size=\"40\" maxlength=\"400\" class=\"wpcf7-form-control wpcf7-text\" aria-invalid=\"false\" value=\"\" type=\"text\" name=\"bic-2\" \/><\/span>\n\t\t<\/p>\n\t\t<p>Adjuntar orden SEPA: <span class=\"wpcf7-form-control-wrap\" data-name=\"sepa\"><input size=\"40\" class=\"wpcf7-form-control wpcf7-file\" accept=\".pdf\" aria-invalid=\"false\" type=\"file\" name=\"sepa\" \/><\/span>\n\t\t<\/p>\n\t\t<p>\u201cNos comprometemos a proteger su privacidad. AEEE utiliza la informaci\u00f3n que nos proporciona para ponerse en contacto con socios, asistentes y para el funcionamiento de la Asociaci\u00f3n.\u201d\n\t\t<\/p>\n\t<\/div>\n<\/div>\n<div class=\"ui--space clearfix\">\n<\/div>\n<p style=\"text-align: right;\"><input class=\"wpcf7-form-control wpcf7-submit has-spinner btn btn-primary\" type=\"submit\" value=\"Enviar\" \/>\n<\/p><div class=\"wpcf7-response-output\" aria-hidden=\"true\"><\/div>\n<\/form>\n<\/div><\/div> \n\n <div   class=\"ui-column span4\"><h3 id=\"custom-title-h3-3\" class=\"ui--animation \" style=\"margin-top: 13px; \">Fechas claves<\/h3><ul class=\"ui--list list-font-icon parent-1\"><li class=\"child-1 total-4 ui--animation\"><i class=\"list-icon 14px fontawesome-check\" style=\"color: #45a3ab !important;\"><\/i><strong style=\"font-size: 18px;\">Plazo de env\u00edo de trabajos extendido hasta el<br>\r\n<span style=\"color: #e5600c;\">18 de marzo<\/span><\/strong><br><\/li><li class=\"child-2 total-4 ui--animation\"><i class=\"list-icon 14px fontawesome-check\" style=\"color: #45a3ab !important;\"><\/i><strong>Notificaci\u00f3n de aceptaciones:<\/strong><br>\r\nDel 4 al 8 de abril<\/li><li class=\"child-3 total-4 ui--animation\"><i class=\"list-icon 14px fontawesome-check\" style=\"color: #45a3ab !important;\"><\/i><strong>\u00daltimo d\u00eda de inscripci\u00f3n en el Congreso:<\/strong><br>\r\n6 de mayo de 2026<\/li><li class=\"child-4 total-4 ui--animation\"><i class=\"list-icon 14px fontawesome-check\" style=\"color: #45a3ab !important;\"><\/i><strong>Celebraci\u00f3n del congreso:<\/strong><br>\r\n27-29 de mayo de 2026<\/li>  <\/ul><\/div> \n\n<\/div> \n<\/div>","protected":false},"excerpt":{"rendered":"<p>Cuotas de inscripci\u00f3n Es requisito para la participaci\u00f3n en el Congreso ser socio\/a de la misma (ya sea en modalidad \u201csolo AEEE nacional\u201d o \u201cAEEE + IAEE\u201d). Esto se verificar\u00e1 en el momento de inscripci\u00f3n y si no se es se proceder\u00e1 al alta para modalidad \u201csolo AEEE nacional\u201d y para el a\u00f1o en curso [&hellip;]<\/p>\n","protected":false},"author":3,"featured_media":0,"parent":0,"menu_order":4,"comment_status":"open","ping_status":"closed","template":"","meta":{"footnotes":""},"class_list":["post-529","page","type-page","status-publish","hentry"],"_links":{"self":[{"href":"https:\/\/aeee.es\/xxi_congreso_aeee\/wp-json\/wp\/v2\/pages\/529","targetHints":{"allow":["GET"]}}],"collection":[{"href":"https:\/\/aeee.es\/xxi_congreso_aeee\/wp-json\/wp\/v2\/pages"}],"about":[{"href":"https:\/\/aeee.es\/xxi_congreso_aeee\/wp-json\/wp\/v2\/types\/page"}],"author":[{"embeddable":true,"href":"https:\/\/aeee.es\/xxi_congreso_aeee\/wp-json\/wp\/v2\/users\/3"}],"replies":[{"embeddable":true,"href":"https:\/\/aeee.es\/xxi_congreso_aeee\/wp-json\/wp\/v2\/comments?post=529"}],"version-history":[{"count":28,"href":"https:\/\/aeee.es\/xxi_congreso_aeee\/wp-json\/wp\/v2\/pages\/529\/revisions"}],"predecessor-version":[{"id":2017,"href":"https:\/\/aeee.es\/xxi_congreso_aeee\/wp-json\/wp\/v2\/pages\/529\/revisions\/2017"}],"wp:attachment":[{"href":"https:\/\/aeee.es\/xxi_congreso_aeee\/wp-json\/wp\/v2\/media?parent=529"}],"curies":[{"name":"wp","href":"https:\/\/api.w.org\/{rel}","templated":true}]}}