{"id":539,"date":"2016-07-14T12:52:46","date_gmt":"2016-07-14T10:52:46","guid":{"rendered":"https:\/\/aeee.es\/xx_congreso_aeee\/?page_id=539"},"modified":"2025-03-13T14:20:49","modified_gmt":"2025-03-13T13:20:49","slug":"como-llegar","status":"publish","type":"page","link":"https:\/\/aeee.es\/xx_congreso_aeee\/como-llegar\/","title":{"rendered":"C\u00f3mo llegar"},"content":{"rendered":"<div  class=\"ui--space clearfix\" style=\"height: 15px;\" data-responsive=\"{&quot;css&quot;:{&quot;height&quot;:{&quot;phone&quot;:null,&quot;tablet&quot;:null,&quot;widescreen&quot;:&quot;15px&quot;}}}\"><\/div><div class=\"ui-row row\">\n <div   class=\"ui-column span8\"><div class=\"text-left\"><div class=\"auto-format ui--animation\"><p><iframe src=\"https:\/\/www.google.com\/maps\/embed?pb=!1m18!1m12!1m3!1d2905.181695197108!2d-2.940412723460782!3d43.26856917722223!2m3!1f0!2f0!3f0!3m2!1i1024!2i768!4f13.1!3m3!1m2!1s0xd4e4fd8d4e170bd%3A0x381723f56984f9a7!2sAv.%20Abandoibarra%2C%203%2C%20Abando%2C%2048009%20Bilbao%2C%20Vizcaya!5e0!3m2!1ses-419!2ses!4v1739543244171!5m2!1ses-419!2ses\" width=\"100%\" height=\"595\" style=\"border:0;\" allowfullscreen=\"\" loading=\"lazy\" referrerpolicy=\"no-referrer-when-downgrade\"><\/iframe><\/p>\n<\/div><\/div><\/div> \n\n <div   class=\"ui-column span4\"><h4 id=\"custom-title-h4-1\" class=\"ui--animation \" style=\"\"><strong>El XX Congreso de la Asociaci\u00f3n Espa\u00f1ola para la Econom\u00eda Energ\u00e9tica se celebrar\u00e1 en el Bizkaia Aretoa, ubicado en:<\/strong><\/h4><div class=\"ui--animation\"><p><strong>Avenida Abandoibarra, 3 48009 Bilbao<\/strong><\/p>\r\n<h3>En avi\u00f3n:<\/h3>\r\n<p>El Aeropuerto Internacional de Bilbao se encuentra a 12 km de la capital, en el municipio de Loiu.<\/p>\r\n<p><strong>C\u00f3mo ir del aeropuerto al centro de Bilbao:<\/strong><\/p>\r\n<ul>\r\n    <li>El autob\u00fas Bizkaibus l\u00ednea 3247 une la ciudad con el aeropuerto cada 30 minutos y con varias paradas en el centro de Bilbao: (Alda. Recalde, Plaza Moyua, Gran V\u00eda e Intermodal). El trayecto hasta la \u00faltima parada (Intermodal) es de unos 20 minutos. En la planta de llegadas hay un mostrador de atenci\u00f3n al cliente y una taquilla. Un billete sencillo cuesta unos 3 euros.<\/li>\r\n    <li>Taxi a Bilbao: Tarifa aproximada 25-30 euros.<\/li>\r\n    <li>Tambi\u00e9n puede alquilar un coche en el aeropuerto. Alquiler de coches.<\/li>\r\n<\/ul><\/div><\/div> \n\n<\/div> \n<div class=\"ui--animation\"><h3>En autob\u00fas: <\/h3>\r\n<p>Todos los autobuses llegan a la <strong>terminal de autobuses de Bilbao<\/strong>, en la <strong>calle Garellano, 1. Intermodal Bilbao.<\/strong> <\/p>\r\n<h3>En tren:<\/h3>\r\n<p>Los trenes de media y larga distancia llegan a la <strong>estaci\u00f3n Abando Indalecio Prieto<\/strong> del <strong>centro de la ciudad, Plaza Circular, 2. Intermodal Bilbao.<\/strong><\/p><\/div><div  class=\"ui--space clearfix\" style=\"height: 42px;\" data-responsive=\"{&quot;css&quot;:{&quot;height&quot;:{&quot;phone&quot;:null,&quot;tablet&quot;:null,&quot;widescreen&quot;:&quot;42px&quot;}}}\"><\/div><div class=\"auto-format ui--animation\"><\/div>","protected":false},"excerpt":{"rendered":"<p>El XX Congreso de la Asociaci\u00f3n Espa\u00f1ola para la Econom\u00eda Energ\u00e9tica se celebrar\u00e1 en el Bizkaia Aretoa, ubicado en:Avenida Abandoibarra, 3 48009 Bilbao En avi\u00f3n: El Aeropuerto Internacional de Bilbao se encuentra a 12 km de la capital, en el municipio de Loiu. C\u00f3mo ir del aeropuerto al centro de Bilbao: El autob\u00fas Bizkaibus l\u00ednea [&hellip;]<\/p>\n","protected":false},"author":3,"featured_media":0,"parent":0,"menu_order":9,"comment_status":"open","ping_status":"closed","template":"","meta":{"footnotes":""},"class_list":["post-539","page","type-page","status-publish","hentry"],"_links":{"self":[{"href":"https:\/\/aeee.es\/xx_congreso_aeee\/wp-json\/wp\/v2\/pages\/539","targetHints":{"allow":["GET"]}}],"collection":[{"href":"https:\/\/aeee.es\/xx_congreso_aeee\/wp-json\/wp\/v2\/pages"}],"about":[{"href":"https:\/\/aeee.es\/xx_congreso_aeee\/wp-json\/wp\/v2\/types\/page"}],"author":[{"embeddable":true,"href":"https:\/\/aeee.es\/xx_congreso_aeee\/wp-json\/wp\/v2\/users\/3"}],"replies":[{"embeddable":true,"href":"https:\/\/aeee.es\/xx_congreso_aeee\/wp-json\/wp\/v2\/comments?post=539"}],"version-history":[{"count":23,"href":"https:\/\/aeee.es\/xx_congreso_aeee\/wp-json\/wp\/v2\/pages\/539\/revisions"}],"predecessor-version":[{"id":1814,"href":"https:\/\/aeee.es\/xx_congreso_aeee\/wp-json\/wp\/v2\/pages\/539\/revisions\/1814"}],"wp:attachment":[{"href":"https:\/\/aeee.es\/xx_congreso_aeee\/wp-json\/wp\/v2\/media?parent=539"}],"curies":[{"name":"wp","href":"https:\/\/api.w.org\/{rel}","templated":true}]}}