{"id":535,"date":"2016-07-14T12:46:16","date_gmt":"2016-07-14T10:46:16","guid":{"rendered":"https:\/\/aeee.es\/xx_congreso_aeee\/?page_id=535"},"modified":"2025-02-14T15:20:34","modified_gmt":"2025-02-14T14:20:34","slug":"comites","status":"publish","type":"page","link":"https:\/\/aeee.es\/xx_congreso_aeee\/comites\/","title":{"rendered":"Comit\u00e9s"},"content":{"rendered":"<div class=\"ui-row row\">\n <div   class=\"ui-column span6\"><div class=\"text-left\"><div  class=\"ui--space clearfix\" style=\"height: 15px;\" data-responsive=\"{&quot;css&quot;:{&quot;height&quot;:{&quot;phone&quot;:null,&quot;tablet&quot;:null,&quot;widescreen&quot;:&quot;15px&quot;}}}\"><\/div><h3 id=\"custom-title-h3-1\" class=\"ui--animation \" style=\"\"><strong>Comit\u00e9 Cient\u00edfico<\/strong><\/h3><div class=\"auto-format ui--animation\"><p><strong>Aitor Ciarreta<\/strong><br \/>\nUPV\/EHU (Presidente)<\/p>\n<p><strong>Mari Paz Espinosa<\/strong><br \/>\nUPV\/EHU<\/p>\n<p><strong>Antonio Francisco Rodr\u00edguez Matas<\/strong><br \/>\nInstituto de Investigaci\u00f3n Tecnol\u00f3gica (ICAI)<\/p>\n<p><strong>Pablo Due\u00f1as Mart\u00ednez<\/strong><br \/>\nInstituto de Investigaci\u00f3n Tecnol\u00f3gica (ICAI)<\/p>\n<p><strong>Jacint Balaguer<\/strong><br \/>\nUniversitat Jaume I y AEEE <\/p>\n<p><strong>Cristina Pizarro-Irizar<\/strong><br \/>\nUPV\/EHU y BC3<\/p>\n<p><strong>Ainhoa Zarraga<\/strong><br \/>\nUPV\/EHU<\/p>\n<p><strong>Diego Garc\u00eda<\/strong><br \/>\nTecnalia<\/p>\n<p><strong>Xaqu\u00edn Garc\u00eda-Muros<\/strong><br \/>\nBC3<\/p>\n<p><strong>Ibon Galarraga<\/strong><br \/>\nBC3 <\/p>\n<p><strong>Stephan\u00eda Mosquera L\u00f3pez<\/strong><br \/>\nOrkestra-Instituto Vasco de Competitividad (Fundaci\u00f3n Deusto)<\/p>\n<p><strong>Macarena Larrea Basterra<\/strong><br \/>\nOrkestra-Instituto Vasco de Competitividad (Fundaci\u00f3n Deusto)<\/p>\n<p><strong>Pablo Arocena<\/strong><br \/>\nUPNA <\/p>\n<p><strong>Emilio Cerd\u00e1<\/strong><br \/>\nUCM <\/p>\n<p><strong>Marco Barassi<\/strong><br \/>\nBHAM<\/p>\n<\/div><\/div><\/div> \n\n <div   class=\"ui-column span6\"><div class=\"text-left\"><div  class=\"ui--space clearfix\" style=\"height: 15px;\" data-responsive=\"{&quot;css&quot;:{&quot;height&quot;:{&quot;phone&quot;:null,&quot;tablet&quot;:null,&quot;widescreen&quot;:&quot;15px&quot;}}}\"><\/div><h3 id=\"custom-title-h3-2\" class=\"ui--animation \" style=\"\"><strong>Comit\u00e9 Organizador<\/strong><\/h3><div class=\"auto-format ui--animation\"><p><strong>Amaia de Ayala<\/strong><br \/>\nUPV\/EHU (Co-Presidenta)<\/p>\n<p><strong>Mikel Gonz\u00e1lez-Eguino<\/strong><br \/>\nBC3 y UPV\/EHU (Co-Presidente)<\/p>\n<p><strong>Marta Escapa<\/strong><br \/>\nUPV\/EHU<\/p>\n<p><strong>Alberto Ansuategi<\/strong><br \/>\nUPV\/EHU<\/p>\n<p><strong>Amagoia Sagasta<\/strong><br \/>\nUPV\/EHU <\/p>\n<p><strong>Mar\u00eda del Mar Sol\u00e0<\/strong><br \/>\nUPV\/EHU<\/p>\n<p><strong>Peru Muniain<\/strong><br \/>\nUPV\/EHU<\/p>\n<p><strong>\u00c1lvaro L\u00f3pez-Pe\u00f1a<\/strong><br \/>\nAlkeymia y AEEE<\/p>\n<p><strong>Gonzalo Saenz de Miera<\/strong><br \/>\nIberdrola<\/p>\n<p><strong>Jorge Fern\u00e1ndez<\/strong><br \/>\nOrkestra-Instituto Vasco de Competitividad (Fundaci\u00f3n Deusto)<\/p>\n<p><strong>Asier Maiztegi<\/strong><br \/>\nTecnalia<\/p>\n<p><strong>Hugo Lucas<\/strong><br \/>\nAEEE<\/p>\n<p><strong>Peio Alcorta<\/strong><br \/>\nUPV\/EHU<\/p>\n<p><strong>Anas Damoun<\/strong><br \/>\nUPV\/EHU<\/p>\n<p><strong>Nerea Urrutia<\/strong><br \/>\nUPV\/EHU<\/p>\n<p><strong>Eva Alonso-Epelde<\/strong><br \/>\nBC3 y UPV\/EHU<\/p>\n<p><strong>Manuel Tom\u00e1s<\/strong><br \/>\nBC3 y UPV\/EHU<\/p>\n<p><strong>Cl\u00e0udia Rod\u00e9s<\/strong><br \/>\nBC3 y UPV\/EHU<\/p>\n<p><strong>Manuel P\u00e9rez Bravo<\/strong><br \/>\nInstituto de Investigaci\u00f3n Tecnol\u00f3gica IIT (ICAI)<\/p>\n<p><strong>Bianca Cid<\/strong><br \/>\nAEEE<\/p>\n<p><strong>I\u00f1aki Boveda<\/strong><br \/>\nEnte Vasco de la Energ\u00eda (EVE)<\/p>\n<\/div><\/div><\/div> \n\n<\/div> \n<div  class=\"ui--space clearfix\" style=\"height: 42px;\" data-responsive=\"{&quot;css&quot;:{&quot;height&quot;:{&quot;phone&quot;:null,&quot;tablet&quot;:null,&quot;widescreen&quot;:&quot;42px&quot;}}}\"><\/div>","protected":false},"excerpt":{"rendered":"<p>Comit\u00e9 Cient\u00edficoAitor Ciarreta UPV\/EHU (Presidente) Mari Paz Espinosa UPV\/EHU Antonio Francisco Rodr\u00edguez Matas Instituto de Investigaci\u00f3n Tecnol\u00f3gica (ICAI) Pablo Due\u00f1as Mart\u00ednez Instituto de Investigaci\u00f3n Tecnol\u00f3gica (ICAI) Jacint Balaguer Universitat Jaume I y AEEE Cristina Pizarro-Irizar UPV\/EHU y BC3 Ainhoa Zarraga UPV\/EHU Diego Garc\u00eda Tecnalia Xaqu\u00edn Garc\u00eda-Muros BC3 Ibon Galarraga BC3 Stephan\u00eda Mosquera L\u00f3pez Orkestra-Instituto Vasco [&hellip;]<\/p>\n","protected":false},"author":3,"featured_media":0,"parent":0,"menu_order":7,"comment_status":"open","ping_status":"closed","template":"","meta":{"footnotes":""},"class_list":["post-535","page","type-page","status-publish","hentry"],"_links":{"self":[{"href":"https:\/\/aeee.es\/xx_congreso_aeee\/wp-json\/wp\/v2\/pages\/535","targetHints":{"allow":["GET"]}}],"collection":[{"href":"https:\/\/aeee.es\/xx_congreso_aeee\/wp-json\/wp\/v2\/pages"}],"about":[{"href":"https:\/\/aeee.es\/xx_congreso_aeee\/wp-json\/wp\/v2\/types\/page"}],"author":[{"embeddable":true,"href":"https:\/\/aeee.es\/xx_congreso_aeee\/wp-json\/wp\/v2\/users\/3"}],"replies":[{"embeddable":true,"href":"https:\/\/aeee.es\/xx_congreso_aeee\/wp-json\/wp\/v2\/comments?post=535"}],"version-history":[{"count":15,"href":"https:\/\/aeee.es\/xx_congreso_aeee\/wp-json\/wp\/v2\/pages\/535\/revisions"}],"predecessor-version":[{"id":1756,"href":"https:\/\/aeee.es\/xx_congreso_aeee\/wp-json\/wp\/v2\/pages\/535\/revisions\/1756"}],"wp:attachment":[{"href":"https:\/\/aeee.es\/xx_congreso_aeee\/wp-json\/wp\/v2\/media?parent=535"}],"curies":[{"name":"wp","href":"https:\/\/api.w.org\/{rel}","templated":true}]}}