{"id":531,"date":"2016-07-14T12:44:02","date_gmt":"2016-07-14T10:44:02","guid":{"rendered":"https:\/\/aeee.es\/xx_congreso_aeee\/?page_id=531"},"modified":"2025-03-11T15:23:48","modified_gmt":"2025-03-11T14:23:48","slug":"alojamiento","status":"publish","type":"page","link":"https:\/\/aeee.es\/xx_congreso_aeee\/alojamiento\/","title":{"rendered":"Alojamiento"},"content":{"rendered":"<div class=\"ui--animation\"><p>El alojamiento es responsabilidad de los participantes. Os rogamos que hag\u00e1is vuestras reservas de hotel lo antes posible ya que en estas fechas hay diferentes eventos en la ciudad. En este apartado se recogen diferentes opciones para alojarse en el centro de la ciudad y cerca del Bizkaia Aretoa.<\/p>\r\n\r\n<p>A continuaci\u00f3n, figuran los hoteles en los que hemos hecho reservas en bloque con tarifas especiales por noche (desayuno e IVA incluidos) para los d\u00edas 2-4 de junio para los asistentes al congreso. Tenga en cuenta que la reserva en bloque expira el 02\/05\/2025 (despu\u00e9s de esta fecha estos hoteles no pueden garantizar habitaciones disponibles a esos precios). Utilice la referencia \"AEEE2025\" en su reserva. Le recordamos que los participantes son responsables del pago de su propia factura de hotel.<\/p>\r\n\r\n<table class=\" alignleft\" width=\"100%\" cellspacing=\"0\" cellpadding=\"7\">\r\n<tbody>\r\n<tr valign=\"top\">\r\n<td bgcolor=\"#7CBEC4\" width=\"271\" height=\"39\">\r\n<p lang=\"it-IT\" align=\"center\"><span lang=\"es-ES\">HOTEL<\/span><\/p>\r\n<\/td>\r\n<td bgcolor=\"#7CBEC4\" width=\"142\">\r\n<p lang=\"it-IT\" align=\"center\"><span lang=\"es-ES\">Standard Single Room<\/span><\/p>\r\n<\/td>\r\n<td bgcolor=\"#7CBEC4\" width=\"101\">\r\n<p lang=\"it-IT\" align=\"center\"><span lang=\"es-ES\">Desayuno Buffet<\/span><\/p>\r\n<\/td>\r\n<\/tr>\r\n<tr valign=\"top\">\r\n<td bgcolor=\"#deeaf6\" width=\"271\" height=\"56\">\r\n<p lang=\"it-IT\" align=\"center\"><span lang=\"es-ES\">HOTEL ABANDO 4*\r\n<\/span><\/p>\r\n<p lang=\"it-IT\" align=\"center\"><span lang=\"es-ES\">Col\u00f3n de Larre\u00e1tegui K., 9,\r\n<\/span><\/p>\r\n<p lang=\"it-IT\" align=\"center\"><span lang=\"es-ES\">+34 944236200<\/span><\/p>\r\n<p lang=\"it-IT\" align=\"center\"><a href=\"mailto:abando@aranzazu-hoteles.com\"><span lang=\"es-ES\">abando@aranzazu-hoteles.com<\/span><\/a><\/p>\r\n<\/td>\r\n<td bgcolor=\"#deeaf6\" width=\"142\">\r\n<p lang=\"it-IT\" align=\"center\"><span lang=\"es-ES\">189,00\u20ac<\/span><\/p>\r\n<\/td>\r\n<td bgcolor=\"#deeaf6\" width=\"101\">\r\n<p lang=\"it-IT\" align=\"center\"><span lang=\"es-ES\">Incluido<\/span><\/p>\r\n<\/td>\r\n<\/tr>\r\n<tr valign=\"top\">\r\n<td width=\"271\" height=\"39\">\r\n<p lang=\"it-IT\" align=\"center\"><span lang=\"es-ES\">HOTEL CARLTON 5*<\/span><\/p>\r\n<p lang=\"it-IT\" align=\"center\"><span lang=\"es-ES\">Plaza Federico Moy\u00faa, 2<\/span><\/p>\r\n<p lang=\"it-IT\" align=\"center\"><span lang=\"es-ES\">+34 944162200<\/span><\/p>\r\n<p lang=\"it-IT\" align=\"center\"><a href=\"mailto:carlton@aranzazu-hoteles.com\"><span lang=\"es-ES\">carlton@aranzazu-hoteles.com<\/span><\/a><\/p>\r\n<\/td>\r\n<td width=\"142\">\r\n<p lang=\"it-IT\" align=\"center\"><span lang=\"es-ES\">219,00\u20ac<\/span><\/p>\r\n<\/td>\r\n<td width=\"101\">\r\n<p lang=\"it-IT\" align=\"center\"><span lang=\"es-ES\">Incluido<\/span><\/p>\r\n<\/td>\r\n<\/tr>\r\n<\/tbody>\r\n<\/table>\r\n&nbsp;\r\n\r\n<p>Asimismo, desde la organizaci\u00f3n, tambi\u00e9n recomendamos los siguientes hoteles por su disponibilidad y cercan\u00eda al Bizkaia Aretoa, lo que permitir\u00e1 a los asistentes disfrutar de un alojamiento c\u00f3modo y bien ubicado durante el evento.<\/p>\r\n<br>\r\n<table width=\"100%\" cellspacing=\"0\" cellpadding=\"7\">\r\n<tbody>\r\n<tr valign=\"top\">\r\n<td bgcolor=\"#7CBEC4\" width=\"21%\" height=\"23\">\r\n<p lang=\"it-IT\" align=\"center\"><span lang=\"es-ES\">HOTEL<\/span><\/p>\r\n<\/td>\r\n<td bgcolor=\"#7CBEC4\" width=\"21%\">\r\n<p lang=\"it-IT\" align=\"center\"><span lang=\"es-ES\">ESTRELLAS<\/span><\/p>\r\n<\/td>\r\n<td bgcolor=\"#7CBEC4\" width=\"21%\">\r\n<p lang=\"it-IT\" align=\"center\"><span lang=\"es-ES\">UBICACI\u00d3N<\/span><\/p>\r\n<\/td>\r\n<td bgcolor=\"#7CBEC4\" width=\"38%\">\r\n<p lang=\"it-IT\" align=\"center\"><span lang=\"es-ES\">LINK<\/span><\/p>\r\n<\/td>\r\n<\/tr>\r\n<tr valign=\"top\">\r\n<td bgcolor=\"#ffffff\" width=\"21%\" height=\"24\">\r\n<p lang=\"it-IT\" align=\"center\"><a href=\"file:\/\/\/\/earth\/users1\/communication\/2025\/EVENTS\/AEEE\/calendar.google.com\/calendar\/\"><span lang=\"es-ES\">Barcel\u00f3 Nervi\u00f3n <\/span><\/a><\/p>\r\n<\/td>\r\n<td width=\"21%\">\r\n<p lang=\"it-IT\" align=\"center\">\u2605\u2605\u2605\u2605<\/p>\r\n<\/td>\r\n<td width=\"21%\">\r\n<p lang=\"it-IT\" align=\"center\"><a href=\"https:\/\/www.google.com\/maps\/place\/data=!4m2!3m1!1s0xd4e4fc5bd31b45d:0x83b19b023e2f1c0d?sa=X&amp;ved=1t:8290&amp;ictx=111\"><span lang=\"es-ES\">Campo de Volant\u00edn Pasealekua, 11, 48007 Bilbo, Bizkaia<\/span><\/a><\/p>\r\n<\/td>\r\n<td width=\"38%\">\r\n<p lang=\"it-IT\" align=\"center\"><a href=\"https:\/\/www.barcelo.com\/es-es\/barcelo-bilbao-nervion\/\"><span lang=\"es-ES\">https:\/\/www.barcelo.com\/es-es\/barcelo-bilbao-nervion\/<\/span><\/a><\/p>\r\n<\/td>\r\n<\/tr>\r\n<tr valign=\"top\">\r\n<td bgcolor=\"#ffffff\" width=\"21%\" height=\"24\">\r\n<p lang=\"it-IT\" align=\"center\"><a href=\"https:\/\/www.mirohotelbilbao.com\/?gad_source=1&amp;gclid=CjwKCAiA5eC9BhAuEiwA3CKwQhjh9nPSpgvf70b3Ui6EuKKr0lVbLoh0V5jBALYnRZMf2tC8zb-mIxoCwhkQAvD_BwE\"><span lang=\"es-ES\">Hotel Mir\u00f3<\/span><\/a><\/p>\r\n<\/td>\r\n<td width=\"21%\">\r\n<p lang=\"it-IT\" align=\"center\">\u2605\u2605\u2605\u2605<\/p>\r\n<\/td>\r\n<td width=\"21%\">\r\n<p lang=\"it-IT\" align=\"center\"><a href=\"https:\/\/www.google.com\/maps\/place\/Hotel+Mir%C3%B3\/@43.2668404,-2.9415106,17z\/data=!3m1!4b1!4m9!3m8!1s0xd4e4fd8bb8cc12b:0xb1eda75f6a18e4a2!5m2!4m1!1i2!8m2!3d43.2668366!4d-2.9366397!16s%2Fg%2F11bw8djrr_?authuser=0&amp;entry=ttu&amp;g_ep=EgoyMDI1MDMwNC4wIKXMDSoASAFQAw%3D%3D\" target=\"_blank\" rel=\"noopener\"><span lang=\"es-ES\">Alameda de Mazarredo 77, 48009 BILBAO<\/span><\/a><\/p>\r\n<\/td>\r\n<td width=\"38%\">\r\n<p lang=\"it-IT\" align=\"center\"><a href=\"https:\/\/www.mirohotelbilbao.com\/\"><span lang=\"es-ES\">https:\/\/www.mirohotelbilbao.com\/<\/span><\/a><\/p>\r\n<\/td>\r\n<\/tr>\r\n<tr valign=\"top\">\r\n<td bgcolor=\"#ffffff\" width=\"21%\" height=\"24\">\r\n<p lang=\"it-IT\" align=\"center\"><a href=\"https:\/\/www.ilunionbilbao.com\/\"><span lang=\"es-ES\">Hotel ilunion <\/span><\/a><\/p>\r\n<\/td>\r\n<td width=\"21%\">\r\n<p lang=\"it-IT\" align=\"center\">\u2605\u2605\u2605<\/p>\r\n<\/td>\r\n<td width=\"21%\">\r\n<p lang=\"it-IT\" align=\"center\"><a href=\"https:\/\/www.google.com\/maps\/place\/data=!4m2!3m1!1s0xd4e5025a2f9d0cd:0xdaa8dd4bd580becb?sa=X&amp;ved=1t:8290&amp;ictx=111\"><span lang=\"es-ES\">Rodr\u00edguez Arias K., 66, Abando, 48013 Bilbo, Bizkaia<\/span><\/a><\/p>\r\n<\/td>\r\n<td width=\"38%\">\r\n<p lang=\"it-IT\" align=\"center\"><a href=\"https:\/\/www.ilunionbilbao.com\/\"><span lang=\"es-ES\">https:\/\/www.ilunionbilbao.com\/<\/span><\/a><\/p>\r\n<\/td>\r\n<\/tr>\r\n<tr valign=\"top\">\r\n<td bgcolor=\"#ffffff\" width=\"21%\" height=\"24\">\r\n<p lang=\"it-IT\" align=\"center\"><span lang=\"es-ES\">IBIS BUDGET<\/span><\/p>\r\n<\/td>\r\n<td width=\"21%\">\r\n<p lang=\"it-IT\" align=\"center\">\u2605\u2605<\/p>\r\n<\/td>\r\n<td width=\"21%\">\r\n<p lang=\"it-IT\" align=\"center\"><a href=\"https:\/\/www.google.com\/maps\/place\/C.+Zankoeta,+9,+Basurto-Zorroza,+48013+Bilbao,+Vizcaya\/@43.2584624,-2.9516954,17z\/data=!3m1!4b1!4m6!3m5!1s0xd4e502e0fc0a197:0x7b5395893bf2b288!8m2!3d43.2584586!4d-2.9468245!16s%2Fg%2F11c1xr82hr?authuser=0&amp;entry=ttu&amp;g_ep=EgoyMDI1MDMwNC4wIKXMDSoASAFQAw%3D%3D\" target=\"_blank\" rel=\"noopener\"><span lang=\"es-ES\">Calle Zankoeta 9, \u00a048013 Bilbao<\/span><\/a><\/p>\r\n<\/td>\r\n<td width=\"38%\">\r\n<p lang=\"it-IT\" align=\"center\"><a href=\"https:\/\/all.accor.com\/hotel\/B0Z4\/index.es.shtml\"><span lang=\"es-ES\">https:\/\/all.accor.com\/hotel\/B0Z4\/index.es.shtml<\/span><\/a><\/p>\r\n<\/td>\r\n<\/tr>\r\n<tr valign=\"top\">\r\n<td bgcolor=\"#ffffff\" width=\"21%\" height=\"24\">\r\n<p lang=\"it-IT\" align=\"center\"><a href=\"https:\/\/bilbaocityrooms.com\/\"><span lang=\"es-ES\">Bilbao city rooms<\/span><\/a><\/p>\r\n<\/td>\r\n<td width=\"21%\">\r\n<p lang=\"it-IT\" align=\"center\">\u2605\u2605<\/p>\r\n<\/td>\r\n<td width=\"21%\">\r\n<p lang=\"it-IT\" align=\"center\"><a href=\"https:\/\/www.google.com\/maps\/place\/Bilbao+City+Rooms\/@43.2621921,-2.9393357,16z\/data=!4m13!1m2!2m1!1sRecalde+Zumarkalea,+24+48009+Bilbo,+Bizkaia!3m9!1s0xd4e4fd9a447d363:0xa10bdac09b72b68a!5m2!4m1!1i2!8m2!3d43.2650003!4d-2.9343056!15sCitSZWNhbGRlIFp1bWFya2FsZWEsIDI0IDQ4MDA5IEJpbGJvLCBCaXprYWlhkgEWc2VydmljZWRfYWNjb21tb2RhdGlvbuABAA!16s%2Fg%2F11b6_zwwbt?authuser=0&amp;entry=ttu&amp;g_ep=EgoyMDI1MDMwNC4wIKXMDSoASAFQAw%3D%3D\" target=\"_blank\" rel=\"noopener\"><span lang=\"es-ES\">Recalde Zumarkalea, 24 <\/span><span lang=\"es-ES\">48009 Bilbo, Bizkaia<\/span><\/a><\/p>\r\n<\/td>\r\n<td width=\"38%\">\r\n<p lang=\"it-IT\" align=\"center\"><a href=\"https:\/\/bilbaocityrooms.com\/\"><span lang=\"es-ES\">https:\/\/bilbaocityrooms.com\/<\/span><\/a><\/p>\r\n<\/td>\r\n<\/tr>\r\n<tr valign=\"top\">\r\n<td bgcolor=\"#ffffff\" width=\"21%\" height=\"24\">\r\n<p lang=\"it-IT\" align=\"center\"><a href=\"https:\/\/resa.es\/residencias\/bilbao\/san-mames\/\"><span lang=\"es-ES\">Resa San Mam\u00e9s <\/span><\/a><\/p>\r\n<\/td>\r\n<td width=\"21%\">\r\n<p lang=\"it-IT\" align=\"center\"><span lang=\"es-ES\">RESIDENCIA<\/span><\/p>\r\n<\/td>\r\n<td width=\"21%\">\r\n<p lang=\"it-IT\" align=\"center\"><a href=\"https:\/\/www.google.com\/maps\/place\/data=!4m2!3m1!1s0xd4e51ce493daa43:0xce7f4f5c1eaaabb0?sa=X&amp;ved=1t:8290&amp;ictx=111\"><span lang=\"es-ES\">Termibus, Gurtubay Kalea, 1, Basurto-Zorroza, 48013 Bilbao, Biscay<\/span><\/a><\/p>\r\n<\/td>\r\n<td width=\"38%\">\r\n<p lang=\"it-IT\" align=\"center\"><a href=\"https:\/\/resa.es\/residencias\/bilbao\/san-mames\/\"><span lang=\"es-ES\">https:\/\/resa.es\/residencias\/bilbao\/san-mames\/<\/span><\/a><\/p>\r\n<\/td>\r\n<\/tr>\r\n<tr valign=\"top\">\r\n<td bgcolor=\"#ffffff\" width=\"21%\" height=\"23\">\r\n<p lang=\"it-IT\" align=\"center\"><a href=\"https:\/\/www.poshtelbilbao.com\/\"><span lang=\"es-ES\">Poshtel. Premium hostel<\/span><\/a><\/p>\r\n<\/td>\r\n<td width=\"21%\">\r\n<p lang=\"it-IT\" align=\"center\"><span lang=\"es-ES\">PENSI\u00d3N<\/span><\/p>\r\n<\/td>\r\n<td width=\"21%\">\r\n<p lang=\"it-IT\" align=\"center\"><a href=\"https:\/\/www.google.com\/maps\/place\/data=!4m2!3m1!1s0xd4e4fdbec06e697:0x48b96958bc86f659?sa=X&amp;ved=1t:8290&amp;ictx=111\"><span lang=\"es-ES\">Heros Kalea, 7, Abando, 48009 Bilbo, Bizkaia<\/span><\/a><\/p>\r\n<\/td>\r\n<td width=\"38%\">\r\n<p lang=\"it-IT\" align=\"center\"><a href=\"https:\/\/www.poshtelbilbao.com\/\" target=\"_blank\" rel=\"noopener\"><span lang=\"es-ES\">https:\/\/www.poshtelbilbao.com\/<\/span><\/a><\/p>\r\n<\/td>\r\n<\/tr>\r\n<\/tbody>\r\n<\/table>\r\n<br>\r\n<p>Adem\u00e1s, en la web official del ayuntamiento de Bilbao encontrar\u00e1n todo tipo de alojamientos: <a href=\"https:\/\/bilbaoturismo.net\/BilbaoTurismo\/es\/hoteles?zona=1361356724448,1361356724467&amp;categoria\"> BILBAO TURISMO y HOSTELS <\/a><\/p><\/div><div  class=\"ui--space clearfix\" style=\"height: 92px;\" data-responsive=\"{&quot;css&quot;:{&quot;height&quot;:{&quot;phone&quot;:null,&quot;tablet&quot;:null,&quot;widescreen&quot;:&quot;92px&quot;}}}\"><\/div>","protected":false},"excerpt":{"rendered":"<p>El alojamiento es responsabilidad de los participantes. Os rogamos que hag\u00e1is vuestras reservas de hotel lo antes posible ya que en estas fechas hay diferentes eventos en la ciudad. En este apartado se recogen diferentes opciones para alojarse en el centro de la ciudad y cerca del Bizkaia Aretoa. A continuaci\u00f3n, figuran los hoteles en [&hellip;]<\/p>\n","protected":false},"author":3,"featured_media":0,"parent":0,"menu_order":5,"comment_status":"open","ping_status":"closed","template":"","meta":{"footnotes":""},"class_list":["post-531","page","type-page","status-publish","hentry"],"_links":{"self":[{"href":"https:\/\/aeee.es\/xx_congreso_aeee\/wp-json\/wp\/v2\/pages\/531","targetHints":{"allow":["GET"]}}],"collection":[{"href":"https:\/\/aeee.es\/xx_congreso_aeee\/wp-json\/wp\/v2\/pages"}],"about":[{"href":"https:\/\/aeee.es\/xx_congreso_aeee\/wp-json\/wp\/v2\/types\/page"}],"author":[{"embeddable":true,"href":"https:\/\/aeee.es\/xx_congreso_aeee\/wp-json\/wp\/v2\/users\/3"}],"replies":[{"embeddable":true,"href":"https:\/\/aeee.es\/xx_congreso_aeee\/wp-json\/wp\/v2\/comments?post=531"}],"version-history":[{"count":37,"href":"https:\/\/aeee.es\/xx_congreso_aeee\/wp-json\/wp\/v2\/pages\/531\/revisions"}],"predecessor-version":[{"id":1797,"href":"https:\/\/aeee.es\/xx_congreso_aeee\/wp-json\/wp\/v2\/pages\/531\/revisions\/1797"}],"wp:attachment":[{"href":"https:\/\/aeee.es\/xx_congreso_aeee\/wp-json\/wp\/v2\/media?parent=531"}],"curies":[{"name":"wp","href":"https:\/\/api.w.org\/{rel}","templated":true}]}}