{"id":567,"date":"2016-07-14T12:42:51","date_gmt":"2016-07-14T10:42:51","guid":{"rendered":"https:\/\/aeee.es\/xx_congreso_aeee\/en\/ponentes-invitados\/"},"modified":"2025-04-10T09:37:15","modified_gmt":"2025-04-10T07:37:15","slug":"keynote-speakers","status":"publish","type":"page","link":"https:\/\/aeee.es\/xx_congreso_aeee\/en\/keynote-speakers\/","title":{"rendered":"Keynote Speakers"},"content":{"rendered":"<div class=\"ui-row row\">\n <div   class=\"ui-column span4\"><div  class=\"ui--animation-in make--fx--fadein-ltr ui--pass clearfix\" data-fx=\"fx--fadein-ltr\" data-delay=\"400\" data-start-delay=\"0\"><div class=\"ui--box-widget\"><div class=\"ui--block ui--content-item ui--pass ui--animation\"><div  class=\"ui--content-box ui--box ui-row\"><div class=\"ui--content-box-header\"><div class=\"ui--content-box-media effect--fade type--default clearfix\" style=\"padding-bottom: 133.33%;\"><div class=\"ui--content-box-image-default\"><img decoding=\"async\"  class=\"ui--content-box-image\" src=\"https:\/\/aeee.es\/xx_congreso_aeee\/wp-content\/uploads\/2025\/02\/ponente-stefan-570x760.jpg\" alt=\"\" title=\"\"\/><\/div><\/div><div class=\"ui--content-box-title ui--gradient ui--gradient-grey on--hover clearfix text-center\"><h5 class=\"ui--content-box-title-text\"><strong>Prof. Dr. rer. pol. Stefan Lechtenb\u00f6hmer<\/strong><\/h5><\/div><\/div><div class=\"ui--content-box-content\"><div class=\"ui--content-box-content-text\"><p>University of Kassel<\/p>\n<\/div><\/div><\/div><div class=\"ui--shadow ui--shadow-type-8 ui--shadow-abs ui--shadow-reset clearfix\"><img decoding=\"async\" src=\"https:\/\/aeee.es\/xx_congreso_aeee\/wp-content\/themes\/envision\/includes\/modules\/module.shadow\/shadows\/shadow-8.png\" alt=\"shadow\" \/><\/div><\/div><\/div><\/div><\/div> \n\n <div   class=\"ui-column span8\"><div  class=\"ui--animation-in make--fx--fadein-rtl ui--pass clearfix\" data-fx=\"fx--fadein-rtl\" data-delay=\"400\" data-start-delay=\"0\"><div id=\"1\"><div class=\"auto-format\"><p>Stefan Lechtenb\u00f6hmer holds the Chair of Sustainable Technology Design at the University of Kassel, Germany, and is co-director of the Kassel Institute for Sustainability. His research and teaching focus on the sustainable transformation of industry and energy systems, with an emphasis on the heavy materials industry.<\/p>\n<p>Stefan is Associate Professor for Future Sustainable Energy Systems at Lund University, Sweden. He is a member of the Scientific Committee of the European Environment Agency and member of the steering group of the G7 Low Carbon Society Research Network. From 1994 to 2023 he worked at the Wuppertal Institute for Climate, Environment and Energy, since 2010 as Director of the Department Future Energy and Industrial Systems. From 2018 to 2023 he was scientific director and founder of the initiative SCI4climate. NRW, which is part of the initiative IN4climate. NRW.<\/p>\n<p>Stefan holds a diploma in geography from the University of M\u00fcnster and a PhD in economics from the University of Flensburg.<\/p>\n<\/div><\/div><\/div><\/div> \n\n<\/div> \n<div  class=\"ui--space clearfix\" data-responsive=\"{&quot;css&quot;:{&quot;height&quot;:{&quot;phone&quot;:null,&quot;tablet&quot;:null,&quot;widescreen&quot;:null}}}\"><\/div><div class=\"ui-row row\">\n <div   class=\"ui-column span4\"><div  class=\"ui--animation-in make--fx--fadein-ltr ui--pass clearfix\" data-fx=\"fx--fadein-ltr\" data-delay=\"400\" data-start-delay=\"0\"><div class=\"ui--box-widget\"><div class=\"ui--block ui--content-item ui--pass ui--animation\"><div  class=\"ui--content-box ui--box ui-row\"><div class=\"ui--content-box-header\"><div class=\"ui--content-box-media effect--fade type--default clearfix\" style=\"padding-bottom: 133.33%;\"><div class=\"ui--content-box-image-default\"><img decoding=\"async\"  class=\"ui--content-box-image\" src=\"https:\/\/aeee.es\/xx_congreso_aeee\/wp-content\/uploads\/2025\/02\/ponente-cristina-570x760.jpg\" alt=\"\" title=\"\"\/><\/div><\/div><div class=\"ui--content-box-title ui--gradient ui--gradient-grey on--hover clearfix text-center\"><h5 class=\"ui--content-box-title-text\"><strong>Cristina Rivero Fern\u00e1ndez<\/strong><\/h5><\/div><\/div><div class=\"ui--content-box-content\"><div class=\"ui--content-box-content-text\"><p>Spanish Confederation of Business Organisations (CEOE)\u00a0<\/p>\n<\/div><\/div><\/div><div class=\"ui--shadow ui--shadow-type-8 ui--shadow-abs ui--shadow-reset clearfix\"><img decoding=\"async\" src=\"https:\/\/aeee.es\/xx_congreso_aeee\/wp-content\/themes\/envision\/includes\/modules\/module.shadow\/shadows\/shadow-8.png\" alt=\"shadow\" \/><\/div><\/div><\/div><\/div><\/div> \n\n <div   class=\"ui-column span8\"><div  class=\"ui--animation-in make--fx--fadein-rtl ui--pass clearfix\" data-fx=\"fx--fadein-rtl\" data-delay=\"400\" data-start-delay=\"0\"><div id=\"2\"><div class=\"auto-format\"><p>Cristina Rivero Fern\u00e1ndez holds a degree in Biological Sciences and a master&#8217;s degree in Environmental Assessment and Auditing. She has built her career in the fields of energy, environment, and climate change within the Spanish Association of the Electricity Industry.<br \/>\nThroughout her career, she has represented the Spanish electricity sector in European organizations such as Eurelectric and currently represents the private sector at BusinessEurope, focusing on industrial, energy, climate, and environmental policies.<\/p>\n<p>At the international level, she has collaborated with the International Energy Agency (IEA), the Nuclear Energy Agency (NEA), the Regional Energy Integration Commission (CIER), and the Latin American Energy Organization (OLADE). Additionally, she is a private sector observer at the United Nations Framework Convention on Climate Change (UNFCCC) and has participated in the COP conferences since 2001.<\/p>\n<p>Currently, she leads the Industry, Energy, Environment, and Climate Department at the Spanish Confederation of Business Organizations (CEOE). She has also been a member of the European Platform for Sustainable Finance and currently represents BusinessEurope on the European Commission\u2019s Biodiversity Platform. In 2022, she was awarded the National Environmental Award for Climate Action and Civic Engagement.<\/p>\n<\/div><\/div><\/div><\/div> \n\n<\/div> \n<div  class=\"ui--space clearfix\" data-responsive=\"{&quot;css&quot;:{&quot;height&quot;:{&quot;phone&quot;:null,&quot;tablet&quot;:null,&quot;widescreen&quot;:null}}}\"><\/div><div class=\"ui-row row\">\n <div   class=\"ui-column span4\"><div  class=\"ui--animation-in make--fx--fadein-ltr ui--pass clearfix\" data-fx=\"fx--fadein-ltr\" data-delay=\"400\" data-start-delay=\"0\"><div class=\"ui--box-widget\"><div class=\"ui--block ui--content-item ui--pass ui--animation\"><div  class=\"ui--content-box ui--box ui-row\"><div class=\"ui--content-box-header\"><div class=\"ui--content-box-media effect--fade type--default clearfix\" style=\"padding-bottom: 133.33%;\"><div class=\"ui--content-box-image-default\"><img decoding=\"async\"  class=\"ui--content-box-image\" src=\"https:\/\/aeee.es\/xx_congreso_aeee\/wp-content\/uploads\/2025\/04\/pedro-linares-570x760.jpg\" alt=\"\" title=\"\"\/><\/div><\/div><div class=\"ui--content-box-title ui--gradient ui--gradient-grey on--hover clearfix text-center\"><h5 class=\"ui--content-box-title-text\"><strong>Pedro Linares<\/strong><\/h5><\/div><\/div><div class=\"ui--content-box-content\"><div class=\"ui--content-box-content-text\"><p>ICAI-IIT, Universidad Pontificia Comillas<\/p>\n<\/div><\/div><\/div><div class=\"ui--shadow ui--shadow-type-8 ui--shadow-abs ui--shadow-reset clearfix\"><img decoding=\"async\" src=\"https:\/\/aeee.es\/xx_congreso_aeee\/wp-content\/themes\/envision\/includes\/modules\/module.shadow\/shadows\/shadow-8.png\" alt=\"shadow\" \/><\/div><\/div><\/div><\/div><\/div> \n\n <div   class=\"ui-column span8\"><div  class=\"ui--animation-in make--fx--fadein-rtl ui--pass clearfix\" data-fx=\"fx--fadein-rtl\" data-delay=\"400\" data-start-delay=\"0\"><div id=\"1\"><div class=\"auto-format\"><p>I am a Professor of Industrial Organization at the ICAI School of Engineering, director of the bp Chair for a Sustainable Net Zero, and co-founder and director of Economics for Energy. I am also a researcher at the Institute for Research in Technology (IIT). In addition, I serve as an Associate Researcher at MIT CEEPR and at the Energy Policy Research Group (EPRG) at the University of Cambridge, as well as Senior Fellow at Esade EcPol. Currently, I serve as Director of the International Doctoral School at Comillas Pontifical University, and as Editor-in-Chief of Papeles de Energ\u00eda and The Energy Journal.<\/p>\n<p>As for my teaching and research, I like to describe myself as a jack-of-all-trades learner (accepting, of course, the downside that comes with it). I am interested in many topics, most of them connected to a broad notion of sustainability\u2014understood as a holistic concept encompassing the economy, the environment, social capital, innovation, and justice. Most of my research focuses on the interactions between energy, the economy, and the environment, particularly on sustainable energy policy, energy efficiency, and energy modeling. I am also interested in decision-making (especially multicriteria decision analysis), social justice, university governance, among other topics. I have published on most of these areas in the field\u2019s leading academic journals. I have also participated in numerous research and consultancy projects for companies and public and private institutions in Spain, Europe, and Latin America. I am a member of the AEEE\u2013IAEE and the International Society on MCDM.<\/p>\n<\/div><\/div><\/div><\/div> \n\n<\/div> \n<div  class=\"ui--space clearfix\" data-responsive=\"{&quot;css&quot;:{&quot;height&quot;:{&quot;phone&quot;:null,&quot;tablet&quot;:null,&quot;widescreen&quot;:null}}}\"><\/div><div class=\"ui-row row\">\n <div   class=\"ui-column span4\"><div  class=\"ui--animation-in make--fx--fadein-ltr ui--pass clearfix\" data-fx=\"fx--fadein-ltr\" data-delay=\"400\" data-start-delay=\"0\"><div class=\"ui--box-widget\"><div class=\"ui--block ui--content-item ui--pass ui--animation\"><div  class=\"ui--content-box ui--box ui-row\"><div class=\"ui--content-box-header\"><div class=\"ui--content-box-media effect--fade type--default clearfix\" style=\"padding-bottom: 133.33%;\"><div class=\"ui--content-box-image-default\"><img decoding=\"async\"  class=\"ui--content-box-image\" src=\"https:\/\/aeee.es\/xx_congreso_aeee\/wp-content\/uploads\/2025\/04\/joan-batlla-570x760.jpg\" alt=\"\" title=\"\"\/><\/div><\/div><div class=\"ui--content-box-title ui--gradient ui--gradient-grey on--hover clearfix text-center\"><h5 class=\"ui--content-box-title-text\"><strong>Joan Batalla<\/strong><\/h5><\/div><\/div><div class=\"ui--content-box-content\"><div class=\"ui--content-box-content-text\"><p>Sedigas, FUNSEAM<\/p>\n<\/div><\/div><\/div><div class=\"ui--shadow ui--shadow-type-8 ui--shadow-abs ui--shadow-reset clearfix\"><img decoding=\"async\" src=\"https:\/\/aeee.es\/xx_congreso_aeee\/wp-content\/themes\/envision\/includes\/modules\/module.shadow\/shadows\/shadow-8.png\" alt=\"shadow\" \/><\/div><\/div><\/div><\/div><\/div> \n\n <div   class=\"ui-column span8\"><div  class=\"ui--animation-in make--fx--fadein-rtl ui--pass clearfix\" data-fx=\"fx--fadein-rtl\" data-delay=\"400\" data-start-delay=\"0\"><div id=\"2\"><div class=\"auto-format\"><p>Joan Batalla has been President of Sedigas since November 2020 and has a long-standing professional career in the energy sector. Since 2015, he has served as Director General of the Foundation for Energy and Environmental Sustainability (FUNSEAM), a non-profit organization dedicated to research in energy economics and the promotion of environmental and energy sustainability.<\/p>\n<p>Previously, from 2005 to 2011, he served as Chief of Staff to the President of the National Energy Commission (CNE), now integrated into Spain\u2019s National Commission on Markets and Competition (CNMC). He later became Commissioner of the same body, where he was responsible for defining and implementing the regulatory framework of Spain\u2019s energy sector until 2013.<\/p>\n<p>He holds a degree in Economics from the University of Barcelona and a PhD in Economics (with the Extraordinary Doctorate Award) from the Rovira i Virgili University. He furthered his education with the General Management Program (PDG) at IESE Business School \u2013 University of Navarra, and a Master\u2019s in Energy Regulation from the Florence School of Regulation at the European University Institute.<\/p>\n<\/div><\/div><\/div><\/div> \n\n<\/div> \n<div  class=\"ui--space clearfix\" data-responsive=\"{&quot;css&quot;:{&quot;height&quot;:{&quot;phone&quot;:null,&quot;tablet&quot;:null,&quot;widescreen&quot;:null}}}\"><\/div><div class=\"ui-row row\">\n <div   class=\"ui-column span4\"><div  class=\"ui--animation-in make--fx--fadein-ltr ui--pass clearfix\" data-fx=\"fx--fadein-ltr\" data-delay=\"400\" data-start-delay=\"0\"><div class=\"ui--box-widget\"><div class=\"ui--block ui--content-item ui--pass ui--animation\"><div  class=\"ui--content-box ui--box ui-row\"><div class=\"ui--content-box-header\"><div class=\"ui--content-box-media effect--fade type--default clearfix\" style=\"padding-bottom: 133.33%;\"><div class=\"ui--content-box-image-default\"><img decoding=\"async\"  class=\"ui--content-box-image\" src=\"https:\/\/aeee.es\/xx_congreso_aeee\/wp-content\/uploads\/2025\/04\/david-parra-570x760.jpg\" alt=\"\" title=\"\"\/><\/div><\/div><div class=\"ui--content-box-title ui--gradient ui--gradient-grey on--hover clearfix text-center\"><h5 class=\"ui--content-box-title-text\"><strong>David Parra<\/strong><\/h5><\/div><\/div><div class=\"ui--content-box-content\"><div class=\"ui--content-box-content-text\"><p>Centro Ib\u00e9rico de Investigaci\u00f3n en Almacenamiento de Energ\u00eda (CIIAE)<\/p>\n<\/div><\/div><\/div><div class=\"ui--shadow ui--shadow-type-8 ui--shadow-abs ui--shadow-reset clearfix\"><img decoding=\"async\" src=\"https:\/\/aeee.es\/xx_congreso_aeee\/wp-content\/themes\/envision\/includes\/modules\/module.shadow\/shadows\/shadow-8.png\" alt=\"shadow\" \/><\/div><\/div><\/div><\/div><\/div> \n\n <div   class=\"ui-column span8\"><div  class=\"ui--animation-in make--fx--fadein-rtl ui--pass clearfix\" data-fx=\"fx--fadein-rtl\" data-delay=\"400\" data-start-delay=\"0\"><div id=\"1\"><div class=\"auto-format\"><p>Dr. David Parra Mendoza is the Head of the Hydrogen and Power-to-X Department at the Iberian Energy Storage Research Centre (CIIAE). Prior to this role, he was a Senior Researcher and Lecturer at the University of Geneva (Switzerland), where he coordinated research activities on energy storage and hydrogen. He also served as Principal Investigator at the Swiss Competence Center for Energy Storage, and was a Visiting Researcher at the Massachusetts Institute of Technology (MIT).<\/p>\n<p>His research is interdisciplinary in nature, integrating technical, economic, environmental, and\u2014more recently\u2014social dimensions. He has demonstrated strong leadership in coordinating national and international collaborative projects. Dr. Parra Mendoza began his research career at the Spanish National Research Council (CSIC) (2008\u20132010), earned his PhD at the University of Nottingham (2010\u20132014), and conducted postdoctoral research at the University of Geneva (2014\u20132016).<\/p>\n<\/div><\/div><\/div><\/div> \n\n<\/div> \n<div  class=\"ui--space clearfix\" data-responsive=\"{&quot;css&quot;:{&quot;height&quot;:{&quot;phone&quot;:null,&quot;tablet&quot;:null,&quot;widescreen&quot;:null}}}\"><\/div><div class=\"ui-row row\">\n <div   class=\"ui-column span4\"><div  class=\"ui--animation-in make--fx--fadein-ltr ui--pass clearfix\" data-fx=\"fx--fadein-ltr\" data-delay=\"400\" data-start-delay=\"0\"><div class=\"ui--box-widget\"><div class=\"ui--block ui--content-item ui--pass ui--animation\"><div  class=\"ui--content-box ui--box ui-row\"><div class=\"ui--content-box-header\"><div class=\"ui--content-box-media effect--fade type--default clearfix\" style=\"padding-bottom: 133.33%;\"><div class=\"ui--content-box-image-default\"><img decoding=\"async\"  class=\"ui--content-box-image\" src=\"https:\/\/aeee.es\/xx_congreso_aeee\/wp-content\/uploads\/2025\/04\/mari-paz-espinosa-570x760.jpg\" alt=\"\" title=\"\"\/><\/div><\/div><div class=\"ui--content-box-title ui--gradient ui--gradient-grey on--hover clearfix text-center\"><h5 class=\"ui--content-box-title-text\"><strong>Mar\u00eda Paz Espinosa<\/strong><\/h5><\/div><\/div><div class=\"ui--content-box-content\"><div class=\"ui--content-box-content-text\"><p>University of the Basque Country (UPV\/EHU)<\/p>\n<\/div><\/div><\/div><div class=\"ui--shadow ui--shadow-type-8 ui--shadow-abs ui--shadow-reset clearfix\"><img decoding=\"async\" src=\"https:\/\/aeee.es\/xx_congreso_aeee\/wp-content\/themes\/envision\/includes\/modules\/module.shadow\/shadows\/shadow-8.png\" alt=\"shadow\" \/><\/div><\/div><\/div><\/div><\/div> \n\n <div   class=\"ui-column span8\"><div  class=\"ui--animation-in make--fx--fadein-rtl ui--pass clearfix\" data-fx=\"fx--fadein-rtl\" data-delay=\"400\" data-start-delay=\"0\"><div id=\"1\"><div class=\"auto-format\"><p>Mar\u00eda Paz Espinosa holds a degree in Economics and Business from the University of the Basque Country. She later earned both her Master\u2019s and Ph.D. in Economics from Harvard University, subsequently joining the University of the Basque Country, where she is currently a Full Professor of Economics. A significant part of her academic work has focused on industrial organization, renewable energy sources, and their integration into the electricity market. Her research has been published in leading academic journals in her field, as well as in collective volumes and monographs. She collaborates with public and private companies and institutions through various research projects and contracts and serves as co-editor or editorial board member for several scientific journals (such as Papeles de Energ\u00eda). She has served as President of the Spanish Economic Association and as Academic Vice President of the Spanish Association for Energy Economics. She is currently an Honorary Member of the Spanish Economic Association, a member of the Board of Trustees of the Barcelona School of Economics, and a full member of the Royal Academy of Moral and Political Sciences.<\/p>\n<\/div><\/div><\/div><\/div> \n\n<\/div> \n<div  class=\"ui--divider ui--animation clearfix ui--divider-solid-line\" style=\"margin-top: 18px;  margin-bottom: 24px;\"><\/div>","protected":false},"excerpt":{"rendered":"<p>Prof. Dr. rer. pol. Stefan Lechtenb\u00f6hmerUniversity of Kassel Stefan Lechtenb\u00f6hmer holds the Chair of Sustainable Technology Design at the University of Kassel, Germany, and is co-director of the Kassel Institute for Sustainability. His research and teaching focus on the sustainable transformation of industry and energy systems, with an emphasis on the heavy materials industry. Stefan [&hellip;]<\/p>\n","protected":false},"author":3,"featured_media":0,"parent":0,"menu_order":2,"comment_status":"open","ping_status":"closed","template":"","meta":{"footnotes":""},"class_list":["post-567","page","type-page","status-publish","hentry"],"_links":{"self":[{"href":"https:\/\/aeee.es\/xx_congreso_aeee\/en\/wp-json\/wp\/v2\/pages\/567","targetHints":{"allow":["GET"]}}],"collection":[{"href":"https:\/\/aeee.es\/xx_congreso_aeee\/en\/wp-json\/wp\/v2\/pages"}],"about":[{"href":"https:\/\/aeee.es\/xx_congreso_aeee\/en\/wp-json\/wp\/v2\/types\/page"}],"author":[{"embeddable":true,"href":"https:\/\/aeee.es\/xx_congreso_aeee\/en\/wp-json\/wp\/v2\/users\/3"}],"replies":[{"embeddable":true,"href":"https:\/\/aeee.es\/xx_congreso_aeee\/en\/wp-json\/wp\/v2\/comments?post=567"}],"version-history":[{"count":15,"href":"https:\/\/aeee.es\/xx_congreso_aeee\/en\/wp-json\/wp\/v2\/pages\/567\/revisions"}],"predecessor-version":[{"id":1857,"href":"https:\/\/aeee.es\/xx_congreso_aeee\/en\/wp-json\/wp\/v2\/pages\/567\/revisions\/1857"}],"wp:attachment":[{"href":"https:\/\/aeee.es\/xx_congreso_aeee\/en\/wp-json\/wp\/v2\/media?parent=567"}],"curies":[{"name":"wp","href":"https:\/\/api.w.org\/{rel}","templated":true}]}}