{"id":71,"date":"2015-02-11T15:53:53","date_gmt":"2015-02-11T15:53:53","guid":{"rendered":"https:\/\/aeee.es\/xix_congreso_aeee\/?page_id=71"},"modified":"2024-04-18T18:26:47","modified_gmt":"2024-04-18T16:26:47","slug":"inicio","status":"publish","type":"page","link":"https:\/\/aeee.es\/xix_congreso_aeee\/","title":{"rendered":"Informaci\u00f3n General"},"content":{"rendered":"<div class=\"ui--image-wrap clearfix\" style=\"margin-top: 30px;  margin-bottom: 30px;\"><img decoding=\"async\"  id=\"ui--image-1\" class=\"ui--image ui--animation\" src=\"https:\/\/aeee.es\/xix_congreso_aeee\/wp-content\/uploads\/2023\/12\/cabecera-congreso-2024.jpg\" alt=\"\" title=\"\" data-at2x=\"\"\/><\/div><div class=\"ui-row row\">\n <div   class=\"ui-column span8\"><div class=\"text-left\"><div  class=\"ui--space clearfix\" style=\"height: 15px;\" data-responsive=\"{&quot;css&quot;:{&quot;height&quot;:{&quot;phone&quot;:null,&quot;tablet&quot;:null,&quot;widescreen&quot;:&quot;15px&quot;}}}\"><\/div><h2 id=\"custom-title-h2-1\" class=\"ui--animation \" style=\"\"><strong>XIX CONGRESO DE LA ASOCIACI\u00d3N ESPA\u00d1OLA PARA LA ECONOM\u00cdA ENERG\u00c9TICA<\/strong><\/h2><h3 id=\"custom-title-h3-1\" class=\"ui--animation \" style=\"\"><strong>\u201cLa transici\u00f3n energ\u00e9tica desde una perspectiva econ\u00f3mica\u201d<\/strong><\/h3><h3 id=\"custom-title-h3-2\" class=\"ui--animation \" style=\"\"><strong>Granada, 6 - 7 de junio de 2024<\/strong><\/h3><div class=\"ui--image-wrap clearfix\" style=\"margin-bottom: 24px;\"><img decoding=\"async\"  id=\"ui--image-2\" class=\"ui--image ui--animation\" src=\"https:\/\/aeee.es\/xix_congreso_aeee\/wp-content\/uploads\/2023\/12\/universidad-granada.jpg\" alt=\"\" title=\"\" data-at2x=\"\"\/><\/div><div class=\"auto-format ui--animation\"><p>La Asociaci\u00f3n Espa\u00f1ola para la Econom\u00eda Energ\u00e9tica (AEEE) tiene el placer de anunciar la celebraci\u00f3n del XIX Congreso Anual los d\u00edas  6 y 7 de junio de 2024 en Granada. La Universidad de Granada acoger\u00e1 el congreso acad\u00e9mico y empresarial en Econom\u00eda de la Energ\u00eda m\u00e1s importante de Espa\u00f1a.<\/p>\n<p>Estamos encantados de confirmar que Sonia Yeh (Universidad Tecnol\u00f3gica de Chalmers, Suecia) y Anne Neumann (Universidad Noruega de Ciencia y Tecnolog\u00eda) ya han confirmado su participaci\u00f3n como Ponentes Invitados.<\/p>\n<p>La AEEE es la divisi\u00f3n espa\u00f1ola de la International Association for Energy Economics (IAEE) y, entre sus actividades, promueve la organizaci\u00f3n de un congreso anual sobre Econom\u00eda Energ\u00e9tica. El congreso de la AEEE pretende acentuar los lazos entre la Universidad, los reguladores y las empresas con intereses en \u00e1reas tales como la Econom\u00eda de la Energ\u00eda, el Medio Ambiente y el Cambio Clim\u00e1tico. En esta decimonovena edici\u00f3n, el objetivo principal del Congreso ser\u00e1 debatir, analizar y reflexionar sobre la transici\u00f3n energ\u00e9tica desde una perspectiva econ\u00f3mica.<\/p>\n<p>Para todo ello, el congreso ofrecer\u00e1 participaciones acad\u00e9micas mediante la presentaci\u00f3n de art\u00edculos en sesiones paralelas y en sesiones de corta duraci\u00f3n o flash sessions, presentaci\u00f3n de proyectos de investigaci\u00f3n, as\u00ed como conferencias plenarias y mesas redondas con representantes empresariales, sociales, pol\u00edticos, y acad\u00e9micos del m\u00e1s alto nivel.<\/p>\n<\/div><div  class=\"ui--space clearfix\" style=\"height: 15px;\" data-responsive=\"{&quot;css&quot;:{&quot;height&quot;:{&quot;phone&quot;:null,&quot;tablet&quot;:null,&quot;widescreen&quot;:&quot;15px&quot;}}}\"><\/div><\/div><\/div> \n\n <div   class=\"ui-column span4\"><div  class=\"ui--space clearfix\" style=\"height: 15px;\" data-responsive=\"{&quot;css&quot;:{&quot;height&quot;:{&quot;phone&quot;:null,&quot;tablet&quot;:null,&quot;widescreen&quot;:&quot;15px&quot;}}}\"><\/div><div class=\"ui-row row\">\n <div   class=\"ui-column span6\"><div class=\"none\"><div class=\"ui--image-wrap clearfix\" style=\"margin-bottom: 5px;\"><img decoding=\"async\"  id=\"ui--image-3\" class=\"ui--image ui--animation\" src=\"https:\/\/www.aeee.es\/xvii_congreso_aeee\/wp-content\/uploads\/2022\/03\/alain-cuenca.jpg\" alt=\"alain-cuenca\" title=\"alain-cuenca\" data-at2x=\"\"\/><div class=\"ui--imag-caption flex-caption\">Alain Cuenca<\/div><\/div><div class=\"auto-format ui--animation\"><h6>Alain Cuenca<\/h6>\n<\/div><\/div><\/div> \n\n <div   class=\"ui-column span6\"><div class=\"none\"><div class=\"ui--image-wrap clearfix\" style=\"margin-bottom: 5px;\"><img decoding=\"async\"  id=\"ui--image-4\" class=\"ui--image ui--animation\" src=\"https:\/\/www.aeee.es\/xvii_congreso_aeee\/wp-content\/uploads\/2022\/03\/gonzalo-escribano-1.jpg\" alt=\"alain-cuenca\" title=\"alain-cuenca\" data-at2x=\"\"\/><div class=\"ui--imag-caption flex-caption\">Alain Cuenca<\/div><\/div><div class=\"auto-format ui--animation\"><h6>Gonzalo Escribano<\/h6>\n<\/div><\/div><\/div> \n\n<\/div> \n<div class=\"ui-row row\">\n <div   class=\"ui-column span6\"><div class=\"none\"><div class=\"ui--image-wrap clearfix\" style=\"margin-bottom: 5px;\"><img decoding=\"async\"  id=\"ui--image-5\" class=\"ui--image ui--animation\" src=\"https:\/\/www.aeee.es\/xvii_congreso_aeee\/wp-content\/uploads\/2022\/03\/maria-dolores-gadea-1.jpg\" alt=\"alain-cuenca\" title=\"alain-cuenca\" data-at2x=\"\"\/><div class=\"ui--imag-caption flex-caption\">Alain Cuenca<\/div><\/div><div class=\"auto-format ui--animation\"><h6>Mar\u00eda Dolores Gadea<\/h6>\n<\/div><\/div><\/div> \n\n <div   class=\"ui-column span6\"><div class=\"none\"><div class=\"ui--image-wrap clearfix\" style=\"margin-bottom: 5px;\"><img decoding=\"async\"  id=\"ui--image-6\" class=\"ui--image ui--animation\" src=\"https:\/\/www.aeee.es\/xvii_congreso_aeee\/wp-content\/uploads\/2022\/03\/pedro-linares-1.jpg\" alt=\"alain-cuenca\" title=\"alain-cuenca\" data-at2x=\"\"\/><div class=\"ui--imag-caption flex-caption\">Alain Cuenca<\/div><\/div><div class=\"auto-format ui--animation\"><h6>Pedro Linares<\/h6>\n<\/div><\/div><\/div> \n\n<\/div> \n<div class=\"ui-row row\">\n <div   class=\"ui-column span6\"><div class=\"none\"><div class=\"ui--image-wrap clearfix\" style=\"margin-bottom: 5px;\"><img decoding=\"async\"  id=\"ui--image-7\" class=\"ui--image ui--animation\" src=\"https:\/\/www.aeee.es\/xvii_congreso_aeee\/wp-content\/uploads\/2022\/05\/diego-rodriguez.jpg\" alt=\"diego-rodriguez\" title=\"diego-rodriguez\" data-at2x=\"\"\/><div class=\"ui--imag-caption flex-caption\">Alain Cuenca<\/div><\/div><div class=\"auto-format ui--animation\"><h6>Diego Rodr\u00edguez<\/h6>\n<\/div><\/div><\/div> \n\n <div   class=\"ui-column span6\"><div class=\"none\"><div class=\"ui--image-wrap clearfix\" style=\"margin-bottom: 5px;\"><img decoding=\"async\"  id=\"ui--image-8\" class=\"ui--image ui--animation\" src=\"https:\/\/www.aeee.es\/xvii_congreso_aeee\/wp-content\/uploads\/2022\/03\/maria-romera-1.jpg\" alt=\"alain-cuenca\" title=\"alain-cuenca\" data-at2x=\"\"\/><div class=\"ui--imag-caption flex-caption\">Alain Cuenca<\/div><\/div><div class=\"auto-format ui--animation\"><h6>Mar\u00eda Romera<\/h6>\n<\/div><\/div><\/div> \n\n<\/div> \n<div class=\"ui-row row\">\n <div   class=\"ui-column span6\"><div class=\"none\"><div class=\"ui--image-wrap clearfix\" style=\"margin-bottom: 5px;\"><img decoding=\"async\"  id=\"ui--image-9\" class=\"ui--image ui--animation\" src=\"https:\/\/www.aeee.es\/xvii_congreso_aeee\/wp-content\/uploads\/2022\/03\/jose-vicente-saz-1.jpg\" alt=\"alain-cuenca\" title=\"alain-cuenca\" data-at2x=\"\"\/><div class=\"ui--imag-caption flex-caption\">Alain Cuenca<\/div><\/div><div class=\"auto-format ui--animation\"><h6>Jos\u00e9 Vicente Saz<\/h6>\n<\/div><\/div><\/div> \n\n <div   class=\"ui-column span6\"><div class=\"none\"><div class=\"ui--image-wrap clearfix\" style=\"margin-bottom: 5px;\"><img decoding=\"async\"  id=\"ui--image-10\" class=\"ui--image ui--animation\" src=\"https:\/\/www.aeee.es\/xvii_congreso_aeee\/wp-content\/uploads\/2022\/03\/kepa-solaun.jpg\" alt=\"alain-cuenca\" title=\"alain-cuenca\" data-at2x=\"\"\/><div class=\"ui--imag-caption flex-caption\">Alain Cuenca<\/div><\/div><div class=\"auto-format ui--animation\"><h6>Kepa Solaun<\/h6>\n<\/div><\/div><\/div> \n\n<\/div> \n<div class=\"ui-row row\">\n <div   class=\"ui-column span6\"><div class=\"none\"><div class=\"ui--image-wrap clearfix\" style=\"margin-bottom: 5px;\"><img decoding=\"async\"  id=\"ui--image-11\" class=\"ui--image ui--animation\" src=\"https:\/\/www.aeee.es\/xvii_congreso_aeee\/wp-content\/uploads\/2022\/03\/marta-villar-1.jpg\" alt=\"alain-cuenca\" title=\"alain-cuenca\" data-at2x=\"\"\/><div class=\"ui--imag-caption flex-caption\">Alain Cuenca<\/div><\/div><div class=\"auto-format ui--animation\"><h6>Marta Villar<\/h6>\n<\/div><\/div><\/div> \n\n<\/div> \n<div  class=\"ui--space clearfix\" style=\"height: 0px;\" data-responsive=\"{&quot;css&quot;:{&quot;height&quot;:{&quot;phone&quot;:null,&quot;tablet&quot;:null,&quot;widescreen&quot;:&quot;0px&quot;}}}\"><\/div><h3 id=\"custom-title-h3-3\" class=\"ui--animation \" style=\"margin-top: 0px; \">Ponentes invitados:<\/h3><div class=\"auto-format ui--animation\"><h4 style=\"margin-bottom: 0px;\"><a href=\"https:\/\/aeee.es\/xix_congreso_aeee\/ponentes-invitados\/#2\">Sonia Yeh<\/a><\/h4>\n<h6 style=\"margin-top: 5px;\">Chalmers University of Technology, Sweden<\/h6>\n<h4 style=\"margin-bottom: 0px;\"><a href=\"https:\/\/aeee.es\/xix_congreso_aeee\/ponentes-invitados\/#1\">Anne Neumann<\/a><\/h4>\n<h6 style=\"margin-top: 5px;\">Norwegian University of Science and Technology<\/h6>\n<\/div><h3 id=\"custom-title-h3-4\" class=\"ui--animation \" style=\"margin-top: 13px; \">Fechas Importantes<\/h3><ul class=\"ui--list list-font-icon parent-1\"><li class=\"child-1 total-4 ui--animation\"><i class=\"list-icon 14px fontawesome-check\" style=\"color: #45a3ab !important;\"><\/i>Env\u00edo de propuestas: <span style=\"color: red; font-weight: 600;\">hasta el 15 de marzo de 2024<\/span><\/li><li class=\"child-2 total-4 ui--animation\"><i class=\"list-icon 14px fontawesome-check\" style=\"color: #45a3ab !important;\"><\/i>Notificaci\u00f3n de aceptaciones: a partir del 2 de abril de 2024<\/li><li class=\"child-3 total-4 ui--animation\"><i class=\"list-icon 14px fontawesome-check\" style=\"color: #45a3ab !important;\"><\/i>\u00daltimo d\u00eda de inscripci\u00f3n en el Congreso: 10 de mayo de 2024<\/li><li class=\"child-4 total-4 ui--animation\"><i class=\"list-icon 14px fontawesome-check\" style=\"color: #45a3ab !important;\"><\/i>Celebraci\u00f3n del congreso: 6 y 7 de junio de 2024<\/li>  <\/ul><div class=\"text-center ui--animation\"><a class=\"btn btn-large btn-icon-left btn-primary\" href=\"https:\/\/grxworkshop.congressus.es\/aeee2024\/trabajos\" target=\"_blank\" style=\"\">Formulario de env\u00edo de trabajos<\/a> <\/div><\/div> \n\n<\/div> \n<div  class=\"ui--space clearfix\" style=\"height: 42px;\" data-responsive=\"{&quot;css&quot;:{&quot;height&quot;:{&quot;phone&quot;:null,&quot;tablet&quot;:null,&quot;widescreen&quot;:&quot;42px&quot;}}}\"><\/div>","protected":false},"excerpt":{"rendered":"<p>XIX CONGRESO DE LA ASOCIACI\u00d3N ESPA\u00d1OLA PARA LA ECONOM\u00cdA ENERG\u00c9TICA\u201cLa transici\u00f3n energ\u00e9tica desde una perspectiva econ\u00f3mica\u201dGranada, 6 &#8211; 7 de junio de 2024La Asociaci\u00f3n Espa\u00f1ola para la Econom\u00eda Energ\u00e9tica (AEEE) tiene el placer de anunciar la celebraci\u00f3n del XIX Congreso Anual los d\u00edas 6 y 7 de junio de 2024 en Granada. La Universidad de [&hellip;]<\/p>\n","protected":false},"author":3,"featured_media":0,"parent":0,"menu_order":0,"comment_status":"open","ping_status":"open","template":"","meta":{"footnotes":""},"class_list":["post-71","page","type-page","status-publish","hentry"],"_links":{"self":[{"href":"https:\/\/aeee.es\/xix_congreso_aeee\/wp-json\/wp\/v2\/pages\/71"}],"collection":[{"href":"https:\/\/aeee.es\/xix_congreso_aeee\/wp-json\/wp\/v2\/pages"}],"about":[{"href":"https:\/\/aeee.es\/xix_congreso_aeee\/wp-json\/wp\/v2\/types\/page"}],"author":[{"embeddable":true,"href":"https:\/\/aeee.es\/xix_congreso_aeee\/wp-json\/wp\/v2\/users\/3"}],"replies":[{"embeddable":true,"href":"https:\/\/aeee.es\/xix_congreso_aeee\/wp-json\/wp\/v2\/comments?post=71"}],"version-history":[{"count":107,"href":"https:\/\/aeee.es\/xix_congreso_aeee\/wp-json\/wp\/v2\/pages\/71\/revisions"}],"predecessor-version":[{"id":1585,"href":"https:\/\/aeee.es\/xix_congreso_aeee\/wp-json\/wp\/v2\/pages\/71\/revisions\/1585"}],"wp:attachment":[{"href":"https:\/\/aeee.es\/xix_congreso_aeee\/wp-json\/wp\/v2\/media?parent=71"}],"curies":[{"name":"wp","href":"https:\/\/api.w.org\/{rel}","templated":true}]}}