{"id":539,"date":"2016-07-14T12:52:46","date_gmt":"2016-07-14T10:52:46","guid":{"rendered":"https:\/\/aeee.es\/xix_congreso_aeee\/?page_id=539"},"modified":"2024-06-04T17:00:28","modified_gmt":"2024-06-04T15:00:28","slug":"como-llegar","status":"publish","type":"page","link":"https:\/\/aeee.es\/xix_congreso_aeee\/como-llegar\/","title":{"rendered":"C\u00f3mo llegar"},"content":{"rendered":"<div  class=\"ui--space clearfix\" style=\"height: 15px;\" data-responsive=\"{&quot;css&quot;:{&quot;height&quot;:{&quot;phone&quot;:null,&quot;tablet&quot;:null,&quot;widescreen&quot;:&quot;15px&quot;}}}\"><\/div><div class=\"ui-row row\">\n <div   class=\"ui-column span8\"><div class=\"text-left\"><div class=\"auto-format ui--animation\"><p><iframe src=\"https:\/\/www.google.com\/maps\/embed?pb=!1m18!1m12!1m3!1d3178.7981316395426!2d-3.6069025999999997!3d37.1812681!2m3!1f0!2f0!3f0!3m2!1i1024!2i768!4f13.1!3m3!1m2!1s0xd71fcec87f2f381%3A0x809fc86ff80c218e!2sETSIE%20-%20Escuela%20T%C3%A9cnica%20Superior%20de%20Ingenier%C3%ADa%20de%20Edificaci%C3%B3n%20-%20Universidad%20de%20Granada!5e0!3m2!1ses!2ses!4v1703002431635!5m2!1ses!2ses\" width=\"100%\" height=\"450\" style=\"border:0;\" allowfullscreen=\"\" loading=\"lazy\" referrerpolicy=\"no-referrer-when-downgrade\"><\/iframe><\/p>\n<\/div><\/div><\/div> \n\n <div   class=\"ui-column span4\"><h3 id=\"custom-title-h3-1\" class=\"ui--animation \" style=\"\"><strong>Escuela T\u00e9cnica Superior de Ingenier\u00eda de Caminos, Canales y Puertos de la Universidad de Granada<\/strong><\/h3><div class=\"ui--animation\"><h4><a href=\"https:\/\/maps.app.goo.gl\/vg4EVTM16nXbS1yV6\" target=\"_blank\">VER MAPA<\/a><\/h4>\r\n<p>Direcci\u00f3n: Calle Dr. Severo Ochoa, s\/n, Beiro, 18001 Granada.<\/p><\/div><\/div> \n\n<\/div> \n<h3 id=\"custom-title-h3-2\" class=\"ui--animation \" style=\"margin-top: 30px; \"><strong>\u00bfC\u00f3mo llegar a Granada?<\/strong><\/h3><div class=\"ui--animation\"><p>Granada est\u00e1 muy bien comunicada por aire y tierra, lo que permite acceder f\u00e1cilmente a la ciudad en diversos medios de transporte: autob\u00fas, taxi, coche, tren y avi\u00f3n. El aeropuerto de Granada se encuentra a 20 km de Granada y est\u00e1 muy bien comunicado con la capital.<\/p>\r\n<strong>Aeropuerto Granada-Ja\u00e9n (GRX)<\/strong><br>\r\n<a href=\"https:\/\/maps.app.goo.gl\/sMKZNzZ6z6o7dew56\" target=\"_blank\">Ctra. de M\u00e1laga, 18329 Chauchina, Granada<\/a>\r\n<br><br>\r\n<strong>Estaci\u00f3n de tren<\/strong><br>\r\n<a href=\"https:\/\/maps.app.goo.gl\/FpsdGjnkUPLwgfaK7\" target=\"_blank\">Av. de Andaluces, 20, 18014 Granada<\/a>\r\n<br><br>\r\n<strong>Estaci\u00f3n de autobuses<\/strong><br>\r\n<a href=\"https:\/\/maps.app.goo.gl\/dpoGMTrBAf5Gh8Zt6\" target=\"_blank\">Av. de Juan Pablo II, s\/n, 18014 Granada<\/a><\/div><h3 id=\"custom-title-h3-3\" class=\"ui--animation \" style=\"margin-top: 30px; \"><strong>\u00bfC\u00f3mo moverse por Granada?<\/strong><\/h3><div class=\"ui--animation\"><a href=\"https:\/\/www.transportesrober.com\/\" target=\"_blank\"><strong>Autobuses urbanos<\/strong><\/a>\r\n<br><br>\r\n<a href=\"https:\/\/metropolitanogranada.es\/\" target=\"_blank\"><strong>Metro<\/strong><\/a>\r\n<br><br>\r\n<strong>Taxi<\/strong><br>\r\nPide Taxi Granada: (+34) 958 28 00 00<br>\r\nRadio Taxi Genil: (+34) 958 13 23 23<\/div><h3 id=\"custom-title-h3-4\" class=\"ui--animation \" style=\"margin-top: 30px; \"><strong>Otras opciones para llegar a Granada<\/strong><\/h3><div class=\"ui--animation\">Como las conexiones internacionales con el aeropuerto de Granada son bastante limitadas, la mejor opci\u00f3n para llegar a Granada en avi\u00f3n es tomar un vuelo internacional a M\u00e1laga o Madrid y luego una conexi\u00f3n con Granada.\r\n<br><br>\r\n<strong>M\u00e1laga<\/strong><br>\r\nM\u00e1laga es el aeropuerto internacional m\u00e1s cercano a Granada (125 km). En el aeropuerto de M\u00e1laga (AGP) aterrizan vuelos internacionales directos procedentes de las principales ciudades de Europa.\r\n<br><br>\r\nUna vez llegado al aeropuerto de M\u00e1laga, las posibilidades de llegar a Granada en transporte p\u00fablico son las siguientes:\r\n<br><br>\r\nAutob\u00fas directo desde el aeropuerto a la estaci\u00f3n de autobuses de Granada (12\u20ac aprox. y unas 2 h de trayecto). Esta es la posibilidad de traslado m\u00e1s sencilla. Hay unas 10 salidas diarias. Para comprobar si los horarios se ajustan al horario de su vuelo puede consultar aqu\u00ed.\r\n<br><br>\r\nSi la conexi\u00f3n directa en autob\u00fas no es una opci\u00f3n para usted, entonces la soluci\u00f3n m\u00e1s conveniente es tomar un tren hasta la Estaci\u00f3n Central de M\u00e1laga (Estaci\u00f3n Mar\u00eda Zambrano). Para llegar a la estaci\u00f3n desde el aeropuerto lo m\u00e1s f\u00e1cil es coger el tren de cercan\u00edas (l\u00ednea C1). Para comprobar si los horarios coinciden con tu vuelo puedes echar un vistazo aqu\u00ed. Desde all\u00ed puedes coger un autob\u00fas directo a Granada (la Estaci\u00f3n Central de Trenes est\u00e1 enfrente de la Estaci\u00f3n de Autobuses de M\u00e1laga) casi cada hora.\r\n<br><br>\r\nOtra opci\u00f3n es coger un taxi desde el Aeropuerto de M\u00e1laga hasta Granada (145\u20ac aprox. y alrededor de 1,30 h de trayecto). El aeropuerto de M\u00e1laga dispone de varias zonas con paradas p\u00fablicas de taxi distribuidas por las terminales. Eche un vistazo aqu\u00ed para consultar los precios y reservar.\r\n<br><br>\r\n<strong>Madrid<\/strong>\r\n<br><br>\r\nEl aeropuerto Adolfo Su\u00e1rez Madrid-Barajas (MAD) se encuentra a 418 km de Granada. Es el primer aeropuerto de Espa\u00f1a y sirve a un total de 171 destinos operados por 69 compa\u00f1\u00edas. As\u00ed, el aeropuerto de Madrid es uno de los principales puntos de entrada de turistas del resto de pa\u00edses europeos y del mundo en general.\r\n<br><br>\r\nUna vez llegado al aeropuerto de Madrid, las posibilidades de llegar a Granada en transporte p\u00fablico son las siguientes.\r\n<br><br>\r\nAutob\u00fas directo desde el aeropuerto hasta la estaci\u00f3n de autobuses de Granada (desde 20 euros y unas 5,15 h de trayecto). Esta es la posibilidad de traslado m\u00e1s sencilla. Para comprobar si los horarios se ajustan al horario de su vuelo puede echar un vistazo aqu\u00ed.\r\n<br><br>\r\nSi la conexi\u00f3n directa en autob\u00fas no es una opci\u00f3n para usted, entonces puede tomar un tren desde Madrid \u2013 Estaci\u00f3n Puerta de Atocha. Para comprobar si los horarios coinciden con tu vuelo puedes echar un vistazo aqu\u00ed. Para llegar a la Estaci\u00f3n de Atocha desde el aeropuerto, puedes viajar en metro (l\u00ednea 8), autob\u00fas (l\u00ednea 203) o taxi.\r\n<br><br>\r\nTambi\u00e9n puede coger un taxi o VTC en el aeropuerto de Madrid. Todas las terminales disponen de paradas de taxi fuera de las zonas de llegadas, que est\u00e1n claramente se\u00f1alizadas. Puede tomar un taxi directamente en la parada correspondiente del aeropuerto. \u00c9sta es la opci\u00f3n m\u00e1s cara para una sola persona, pero puede resultar asequible si varias personas comparten taxi.<\/div><div  class=\"ui--space clearfix\" style=\"height: 42px;\" data-responsive=\"{&quot;css&quot;:{&quot;height&quot;:{&quot;phone&quot;:null,&quot;tablet&quot;:null,&quot;widescreen&quot;:&quot;42px&quot;}}}\"><\/div><div class=\"auto-format ui--animation\"><\/div>","protected":false},"excerpt":{"rendered":"<p>Escuela T\u00e9cnica Superior de Ingenier\u00eda de Caminos, Canales y Puertos de la Universidad de GranadaVER MAPA Direcci\u00f3n: Calle Dr. Severo Ochoa, s\/n, Beiro, 18001 Granada. \u00bfC\u00f3mo llegar a Granada?Granada est\u00e1 muy bien comunicada por aire y tierra, lo que permite acceder f\u00e1cilmente a la ciudad en diversos medios de transporte: autob\u00fas, taxi, coche, tren y [&hellip;]<\/p>\n","protected":false},"author":3,"featured_media":0,"parent":0,"menu_order":9,"comment_status":"open","ping_status":"closed","template":"","meta":{"footnotes":""},"class_list":["post-539","page","type-page","status-publish","hentry"],"_links":{"self":[{"href":"https:\/\/aeee.es\/xix_congreso_aeee\/wp-json\/wp\/v2\/pages\/539"}],"collection":[{"href":"https:\/\/aeee.es\/xix_congreso_aeee\/wp-json\/wp\/v2\/pages"}],"about":[{"href":"https:\/\/aeee.es\/xix_congreso_aeee\/wp-json\/wp\/v2\/types\/page"}],"author":[{"embeddable":true,"href":"https:\/\/aeee.es\/xix_congreso_aeee\/wp-json\/wp\/v2\/users\/3"}],"replies":[{"embeddable":true,"href":"https:\/\/aeee.es\/xix_congreso_aeee\/wp-json\/wp\/v2\/comments?post=539"}],"version-history":[{"count":16,"href":"https:\/\/aeee.es\/xix_congreso_aeee\/wp-json\/wp\/v2\/pages\/539\/revisions"}],"predecessor-version":[{"id":1632,"href":"https:\/\/aeee.es\/xix_congreso_aeee\/wp-json\/wp\/v2\/pages\/539\/revisions\/1632"}],"wp:attachment":[{"href":"https:\/\/aeee.es\/xix_congreso_aeee\/wp-json\/wp\/v2\/media?parent=539"}],"curies":[{"name":"wp","href":"https:\/\/api.w.org\/{rel}","templated":true}]}}