{"id":537,"date":"2016-07-14T12:46:42","date_gmt":"2016-07-14T10:46:42","guid":{"rendered":"https:\/\/aeee.es\/xix_congreso_aeee\/?page_id=537"},"modified":"2024-04-18T18:38:09","modified_gmt":"2024-04-18T16:38:09","slug":"sede","status":"publish","type":"page","link":"https:\/\/aeee.es\/xix_congreso_aeee\/sede\/","title":{"rendered":"Sede"},"content":{"rendered":"<div class=\"ui-row row\">\n <div   class=\"ui-column span6\"><div class=\"ui--image-wrap clearfix\"><img decoding=\"async\"  id=\"ui--image-1\" class=\"ui--image ui--animation\" src=\"https:\/\/aeee.es\/xix_congreso_aeee\/wp-content\/uploads\/2023\/12\/sede-congreso-2024.jpg\" alt=\"sede-congreso-2024\" title=\"sede-congreso-2024\" data-at2x=\"\"\/><\/div><\/div> \n\n <div   class=\"ui-column span6\"><div class=\"ui--animation\"><h3><b>Universidad de Granada \u2013 la E.T.S. de Ingenier\u00eda de Caminos, Canales y Puertos<\/b><\/h3>\r\n<p>El Congreso tendr\u00e1 lugar en la E.T.S. de Ingenier\u00eda de Caminos, Canales y Puertos de la Universidad de Granada.<\/p><\/div><\/div> \n\n<\/div> \n<div  class=\"ui--space clearfix\" style=\"height: 48px;\" data-responsive=\"{&quot;css&quot;:{&quot;height&quot;:{&quot;phone&quot;:null,&quot;tablet&quot;:null,&quot;widescreen&quot;:&quot;48px&quot;}}}\"><\/div><div class=\"auto-format ui--animation\"><p><iframe src=\"https:\/\/www.google.com\/maps\/embed?pb=!1m18!1m12!1m3!1d3178.7981316395426!2d-3.6069025999999997!3d37.1812681!2m3!1f0!2f0!3f0!3m2!1i1024!2i768!4f13.1!3m3!1m2!1s0xd71fcec87f2f381%3A0x809fc86ff80c218e!2sETSIE%20-%20Escuela%20T%C3%A9cnica%20Superior%20de%20Ingenier%C3%ADa%20de%20Edificaci%C3%B3n%20-%20Universidad%20de%20Granada!5e0!3m2!1ses!2ses!4v1703002431635!5m2!1ses!2ses\" width=\"100%\" height=\"450\" style=\"border:0;\" allowfullscreen=\"\" loading=\"lazy\" referrerpolicy=\"no-referrer-when-downgrade\"><\/iframe><\/p>\n<\/div><div  class=\"ui--space clearfix\" data-responsive=\"{&quot;css&quot;:{&quot;height&quot;:{&quot;phone&quot;:null,&quot;tablet&quot;:null,&quot;widescreen&quot;:null}}}\"><\/div>","protected":false},"excerpt":{"rendered":"<p>Universidad de Granada \u2013 la E.T.S. de Ingenier\u00eda de Caminos, Canales y Puertos El Congreso tendr\u00e1 lugar en la E.T.S. de Ingenier\u00eda de Caminos, Canales y Puertos de la Universidad de Granada.<\/p>\n","protected":false},"author":3,"featured_media":0,"parent":0,"menu_order":8,"comment_status":"open","ping_status":"closed","template":"","meta":{"footnotes":""},"class_list":["post-537","page","type-page","status-publish","hentry"],"_links":{"self":[{"href":"https:\/\/aeee.es\/xix_congreso_aeee\/wp-json\/wp\/v2\/pages\/537"}],"collection":[{"href":"https:\/\/aeee.es\/xix_congreso_aeee\/wp-json\/wp\/v2\/pages"}],"about":[{"href":"https:\/\/aeee.es\/xix_congreso_aeee\/wp-json\/wp\/v2\/types\/page"}],"author":[{"embeddable":true,"href":"https:\/\/aeee.es\/xix_congreso_aeee\/wp-json\/wp\/v2\/users\/3"}],"replies":[{"embeddable":true,"href":"https:\/\/aeee.es\/xix_congreso_aeee\/wp-json\/wp\/v2\/comments?post=537"}],"version-history":[{"count":14,"href":"https:\/\/aeee.es\/xix_congreso_aeee\/wp-json\/wp\/v2\/pages\/537\/revisions"}],"predecessor-version":[{"id":1590,"href":"https:\/\/aeee.es\/xix_congreso_aeee\/wp-json\/wp\/v2\/pages\/537\/revisions\/1590"}],"wp:attachment":[{"href":"https:\/\/aeee.es\/xix_congreso_aeee\/wp-json\/wp\/v2\/media?parent=537"}],"curies":[{"name":"wp","href":"https:\/\/api.w.org\/{rel}","templated":true}]}}