{"id":525,"date":"2016-07-14T12:42:51","date_gmt":"2016-07-14T10:42:51","guid":{"rendered":"https:\/\/aeee.es\/xix_congreso_aeee\/?page_id=525"},"modified":"2024-05-17T10:23:41","modified_gmt":"2024-05-17T08:23:41","slug":"ponentes-invitados","status":"publish","type":"page","link":"https:\/\/aeee.es\/xix_congreso_aeee\/ponentes-invitados\/","title":{"rendered":"Ponentes Invitados"},"content":{"rendered":"<div class=\"ui-row row\">\n <div   class=\"ui-column span4\"><div  class=\"ui--animation-in make--fx--fadein-ltr ui--pass clearfix\" data-fx=\"fx--fadein-ltr\" data-delay=\"400\" data-start-delay=\"0\"><div class=\"ui--box-widget\"><div class=\"ui--block ui--content-item ui--pass ui--animation\"><div  class=\"ui--content-box ui--box ui-row\"><div class=\"ui--content-box-header\"><div class=\"ui--content-box-media effect--fade type--default clearfix\" style=\"padding-bottom: 133.33%;\"><a class=\"ui--content-box-link\" href=\"https:\/\/sites.google.com\/view\/annefneumann\" target=\"_blank\"><div class=\"ui--content-box-image-default\"><img decoding=\"async\"  class=\"ui--content-box-image\" src=\"https:\/\/aeee.es\/xix_congreso_aeee\/wp-content\/uploads\/2024\/01\/anne-neumann-570x760.jpg\" alt=\"\" title=\"\"\/><\/div><\/a><\/div><a class=\"ui--content-box-link\" href=\"https:\/\/sites.google.com\/view\/annefneumann\" target=\"_blank\"><div class=\"ui--content-box-title ui--gradient ui--gradient-grey on--hover clearfix text-center\"><h5 class=\"ui--content-box-title-text\"><strong>Anne Neumann<\/strong><\/h5><\/div><\/a><\/div><div class=\"ui--content-box-content\"><div class=\"ui--content-box-content-text\"><p>Norwegian University of Science and Technology<\/p>\n<\/div><\/div><\/div><div class=\"ui--shadow ui--shadow-type-8 ui--shadow-abs ui--shadow-reset clearfix\"><img decoding=\"async\" src=\"https:\/\/aeee.es\/xix_congreso_aeee\/wp-content\/themes\/envision\/includes\/modules\/module.shadow\/shadows\/shadow-8.png\" alt=\"shadow\" \/><\/div><\/div><\/div><\/div><\/div> \n\n <div   class=\"ui-column span8\"><div  class=\"ui--animation-in make--fx--fadein-rtl ui--pass clearfix\" data-fx=\"fx--fadein-rtl\" data-delay=\"400\" data-start-delay=\"0\"><div id=\"1\"><div class=\"auto-format\"><p>Anne Neumann es Catedr\u00e1tica en el Departamento de Econom\u00eda y Tecnolog\u00eda Industrial de NTNU, directora de investigaci\u00f3n de la Iniciativa de Transici\u00f3n Energ\u00e9tica (NETI) de NTNU, profesora adjunta en NHH y afiliada de MIT-CEEPR. Es presidenta de la Asociaci\u00f3n Internacional de Econom\u00eda Energ\u00e9tica (IAEE) en 2024.<\/p>\n<p>Su experiencia investigadora de casi 20 a\u00f1os se centra en la organizaci\u00f3n industrial, la econom\u00eda de la competencia y la econometr\u00eda. Desde 2014 hasta 2018 fue vicepresidenta de Publicaciones de la Asociaci\u00f3n Internacional de Econom\u00eda Energ\u00e9tica (IAEE; The Energy Journal), actualmente es editora senior de Energy Policy y miembro del Consejo Editorial de Economics of Energy and Environmental Policy. Anteriormente, codirigi\u00f3 un grupo de trabajo para el Consejo Asesor de la Academia Europea de Ciencias (EASAC) sobre \u201cEl futuro del gas\u201d, particip\u00f3 en varios proyectos interdisciplinarios de la UE, proyectos financiados por el Ministerio de Educaci\u00f3n e Investigaci\u00f3n de Alemania y estudios encargados.<\/p>\n<\/div><\/div><\/div><\/div> \n\n<\/div> \n<div  class=\"ui--space clearfix\" data-responsive=\"{&quot;css&quot;:{&quot;height&quot;:{&quot;phone&quot;:null,&quot;tablet&quot;:null,&quot;widescreen&quot;:null}}}\"><\/div><div class=\"ui-row row\">\n <div   class=\"ui-column span4\"><div  class=\"ui--animation-in make--fx--fadein-ltr ui--pass clearfix\" data-fx=\"fx--fadein-ltr\" data-delay=\"400\" data-start-delay=\"0\"><div class=\"ui--box-widget\"><div class=\"ui--block ui--content-item ui--pass ui--animation\"><div  class=\"ui--content-box ui--box ui-row\"><div class=\"ui--content-box-header\"><div class=\"ui--content-box-media effect--fade type--default clearfix\" style=\"padding-bottom: 133.33%;\"><a class=\"ui--content-box-link\" href=\"https:\/\/www.chalmers.se\/en\/persons\/soniay\/\" target=\"_blank\"><div class=\"ui--content-box-image-default\"><img decoding=\"async\"  class=\"ui--content-box-image\" src=\"https:\/\/aeee.es\/xix_congreso_aeee\/wp-content\/uploads\/2024\/01\/sonia-yeh-570x760.jpg\" alt=\"\" title=\"\"\/><\/div><\/a><\/div><a class=\"ui--content-box-link\" href=\"https:\/\/www.chalmers.se\/en\/persons\/soniay\/\" target=\"_blank\"><div class=\"ui--content-box-title ui--gradient ui--gradient-grey on--hover clearfix text-center\"><h5 class=\"ui--content-box-title-text\"><strong>Sonia Yeh<\/strong><\/h5><\/div><\/a><\/div><div class=\"ui--content-box-content\"><div class=\"ui--content-box-content-text\"><p>Chalmers University of Technology, Sweden<\/p>\n<\/div><\/div><\/div><div class=\"ui--shadow ui--shadow-type-8 ui--shadow-abs ui--shadow-reset clearfix\"><img decoding=\"async\" src=\"https:\/\/aeee.es\/xix_congreso_aeee\/wp-content\/themes\/envision\/includes\/modules\/module.shadow\/shadows\/shadow-8.png\" alt=\"shadow\" \/><\/div><\/div><\/div><\/div><\/div> \n\n <div   class=\"ui-column span8\"><div  class=\"ui--animation-in make--fx--fadein-rtl ui--pass clearfix\" data-fx=\"fx--fadein-rtl\" data-delay=\"400\" data-start-delay=\"0\"><div id=\"2\"><div class=\"auto-format\"><p>La Dra. Sonia Yeh es profesora de Sistemas de Transporte y Energ\u00eda en la Universidad Chalmers University of Technology en Suecia. Su experiencia se centra en econom\u00eda energ\u00e9tica y modelado de sistemas energ\u00e9ticos, combustibles alternativos para el transporte, est\u00e1ndares de sostenibilidad, cambio tecnol\u00f3gico y comportamiento y movilidad del consumidor.<\/p>\n<p>A lo largo de su carrera, ha asesorado y trabajado ampliamente con asesores estatales e internacionales de EE. UU., formuladores de pol\u00edticas, una amplia gama de grupos de partes interesadas e investigadores acad\u00e9micos en el desarrollo de pol\u00edticas clim\u00e1ticas para reducir los impactos ambientales y las emisiones de gases de efecto invernadero del transporte. Se desempe\u00f1\u00f3 como Profesora Distinguida Fulbright en Tecnolog\u00eda de Energ\u00eda Alternativa en 2016-2017 y recibi\u00f3 el Premio H\u00e5kan Frisinger de Volvo Research and Educational Foundations en 2019. Colabora y proporciona aportes a organizaciones internacionales, incluida la Agencia Internacional de Energ\u00eda (AIE), la Convenci\u00f3n Marco de las Naciones Unidas sobre el Cambio Clim\u00e1tico, Conferencias de las Partes (CMNUCC). COP (trabajando con gobiernos nacionales y locales desarrollando herramientas para desarrollar estrategias de transporte para las NDC de Contribuciones Determinadas a Nivel Nacional), Foro Internacional de Transporte-OCDE, el Banco Mundial y el Banco Asi\u00e1tico de Desarrollo, etc. Es autora colaboradora del cap\u00edtulo sobre Transporte del Sexto Informe de Evaluaci\u00f3n del Panel Intergubernamental sobre Cambio Clim\u00e1tico (IPCC).<\/p>\n<\/div><\/div><\/div><\/div> \n\n<\/div> \n<div  class=\"ui--space clearfix\" data-responsive=\"{&quot;css&quot;:{&quot;height&quot;:{&quot;phone&quot;:null,&quot;tablet&quot;:null,&quot;widescreen&quot;:null}}}\"><\/div><div  class=\"ui--divider ui--animation clearfix ui--divider-solid-line\" style=\"margin-top: 18px;  margin-bottom: 24px;\"><\/div>","protected":false},"excerpt":{"rendered":"<p>Anne NeumannNorwegian University of Science and Technology Anne Neumann es Catedr\u00e1tica en el Departamento de Econom\u00eda y Tecnolog\u00eda Industrial de NTNU, directora de investigaci\u00f3n de la Iniciativa de Transici\u00f3n Energ\u00e9tica (NETI) de NTNU, profesora adjunta en NHH y afiliada de MIT-CEEPR. Es presidenta de la Asociaci\u00f3n Internacional de Econom\u00eda Energ\u00e9tica (IAEE) en 2024. Su experiencia [&hellip;]<\/p>\n","protected":false},"author":3,"featured_media":0,"parent":0,"menu_order":2,"comment_status":"open","ping_status":"closed","template":"","meta":{"footnotes":""},"class_list":["post-525","page","type-page","status-publish","hentry"],"_links":{"self":[{"href":"https:\/\/aeee.es\/xix_congreso_aeee\/wp-json\/wp\/v2\/pages\/525"}],"collection":[{"href":"https:\/\/aeee.es\/xix_congreso_aeee\/wp-json\/wp\/v2\/pages"}],"about":[{"href":"https:\/\/aeee.es\/xix_congreso_aeee\/wp-json\/wp\/v2\/types\/page"}],"author":[{"embeddable":true,"href":"https:\/\/aeee.es\/xix_congreso_aeee\/wp-json\/wp\/v2\/users\/3"}],"replies":[{"embeddable":true,"href":"https:\/\/aeee.es\/xix_congreso_aeee\/wp-json\/wp\/v2\/comments?post=525"}],"version-history":[{"count":12,"href":"https:\/\/aeee.es\/xix_congreso_aeee\/wp-json\/wp\/v2\/pages\/525\/revisions"}],"predecessor-version":[{"id":1609,"href":"https:\/\/aeee.es\/xix_congreso_aeee\/wp-json\/wp\/v2\/pages\/525\/revisions\/1609"}],"wp:attachment":[{"href":"https:\/\/aeee.es\/xix_congreso_aeee\/wp-json\/wp\/v2\/media?parent=525"}],"curies":[{"name":"wp","href":"https:\/\/api.w.org\/{rel}","templated":true}]}}