{"id":1057,"date":"2022-03-11T14:40:42","date_gmt":"2022-03-11T13:40:42","guid":{"rendered":"https:\/\/aeee.es\/xix_congreso_aeee\/?page_id=1057"},"modified":"2024-06-05T12:10:47","modified_gmt":"2024-06-05T10:10:47","slug":"programa","status":"publish","type":"page","link":"https:\/\/aeee.es\/xix_congreso_aeee\/programa\/","title":{"rendered":"Programa"},"content":{"rendered":"<div class=\"text-left\"><div  class=\"ui--space clearfix\" style=\"height: 15px;\" data-responsive=\"{&quot;css&quot;:{&quot;height&quot;:{&quot;phone&quot;:null,&quot;tablet&quot;:null,&quot;widescreen&quot;:&quot;15px&quot;}}}\"><\/div><h2 id=\"custom-title-h2-1\" class=\"ui--animation \" style=\"text-align: center; \"><strong>XIX CONGRESO DE LA ASOCIACI\u00d3N ESPA\u00d1OLA PARA LA ECONOM\u00cdA ENERG\u00c9TICA<\/strong><\/h2><h3 id=\"custom-title-h3-1\" class=\"ui--animation \" style=\"text-align: center; \"><strong>\u201cLa transici\u00f3n energ\u00e9tica desde una perspectiva econ\u00f3mica\u201d<\/strong><\/h3><h4 id=\"custom-title-h4-1\" class=\"ui--animation \" style=\"text-align: center; \"><strong>Granada, 5-7 de junio de 2024<\/strong><\/h4><div class=\"ui--animation\"><style>\r\n.horario { white-space: nowrap; }\r\n<\/style>\r\n<table width=\"100%\">\r\n<tbody>\r\n<tr>\r\n<td colspan=\"2\" width=\"709\"><h3>Mi\u00e9rcoles, 5 de junio de 2024<\/h3><\/td>\r\n<\/tr>\r\n<tr>\r\n<td width=\"123\">18:30 \u2013 19:00<\/td>\r\n<td width=\"586\">Encuentro de participantes.<\/td>\r\n<\/tr>\r\n<tr>\r\n<td width=\"123\"><strong>19:00 \u2013 20:15<\/strong><\/td>\r\n<td width=\"586\"><strong>Mesa redonda. Instrumentos para la descarbonizaci\u00f3n en la industria<\/strong><br>\r\nMesa presidida por Francisco Montalb\u00e1n, Presidente del Cl\u00faster Andaluz del Hidr\u00f3geno.<br>\r\n<em><strong>Con la participaci\u00f3n de:<\/strong><\/em>\r\n<ul>\r\n    <li>Kepa Solaun, CEO Global factor<\/li> \r\n    <li>Juan Jos\u00e9 Perez Uceta como Director de I+D+i, Greening group<\/li> \r\n    <li>Manuel Ruiz Lara, Colegio Oficial de Ingenieros T\u00e9cnicos Industriales de Granada<\/li> \r\n    <li>Alvaro Reyes de H2 Biotech<\/li>\r\n<\/ul>\r\n<\/td>\r\n<\/tr>\r\n<tr>\r\n<td width=\"123\">20:15 \u2013 21:30<\/td>\r\n<td width=\"586\">Cocktail de bienvenida<\/td>\r\n<\/tr>\r\n<tr>\r\n<td colspan=\"2\" width=\"709\"><h3>Jueves, 6 de junio de 2024<\/h3><\/td>\r\n<\/tr>\r\n<tr>\r\n<td width=\"123\">8:30 \u2013  9:00<\/td>\r\n<td width=\"586\">Acreditaci\u00f3n y recogida de documentaci\u00f3n.<\/td>\r\n<\/tr>\r\n<tr>\r\n<td width=\"123\">9:00 \u2013 10:30<\/td>\r\n<td width=\"586\">Sesiones paralelas I.<\/td>\r\n<\/tr>\r\n<tr>\r\n<td width=\"123\">10:30 \u2013 11:00<\/td>\r\n<td width=\"586\">Pausa-Caf\u00e9<\/td>\r\n<\/tr>\r\n<tr>\r\n<td width=\"123\"><strong>11:00 \u2013 11:30<\/strong><\/td>\r\n<td width=\"586\"><strong>Acto de apertura. Jorge Paradela Guti\u00e9rrez, Consejero de Industria, Energ\u00eda y Minas de la Junta de Andaluc\u00eda (Sal\u00f3n de actos)<\/strong><br>\r\n<em><strong>Con la participaci\u00f3n de:<\/strong><\/em>\r\n<ul>\r\n    <li>Montserrat Zamorano Toro, Vicerrectora de Infraestructuras y Sostenibilidad<\/li>\r\n    <li>Jos\u00e9 Alberto Casta\u00f1eda Garc\u00eda, Decano de la Facultad de Ciencias Econ\u00f3micas y Empresariales de la Universidad de Granada<\/li>\r\n    <li>M\u00f3nica L\u00f3pez Alonso Directora de Escuela t\u00e9cnica Superior de Ingenier\u00eda de Caminos, Canales y Puertos<\/li>\r\n    <li>Kepa Solaun, Presidente de la AEEE<\/li>\r\n<\/ul>\r\n<\/td>\r\n<\/tr>\r\n<tr>\r\n<td width=\"123\"><strong>11:30 \u2013 12:30<\/strong><\/td>\r\n<td width=\"586\"><strong>Mesa redonda. Infraestructuras energ\u00e9ticas (Sal\u00f3n de actos)<\/strong><br>\r\nMesa presidida por Manuel Larrasa (Secretario General de Energ\u00eda de la Junta de Andaluc\u00eda).<br>\r\n<em><strong>Con la participaci\u00f3n de:<\/strong><\/em>\r\n<ul>\r\n    <li>Antonio Fern\u00e1ndez Gonzalez, delegado institucional de Iberdrola en Andaluc\u00eda.<\/li>\r\n    <li>Jorge Juan Jim\u00e9nez Luna, Delegado Regional Sur de Redeia.<\/li>\r\n    <li>Manuel Mateos Director de Relaciones Institucionales. Greening group<\/li>\r\n    <li>Juan Guerrero Jim\u00e9nez, director general de Regulaci\u00f3n y Estrategia de Cuerva<\/li>\r\n<\/ul>\r\n<\/td>\r\n<\/tr>\r\n<tr>\r\n<td width=\"123\"><strong>12:30 \u2013 13:30<\/strong><\/td>\r\n<td width=\"586\"><strong>Conferencia Anne Neumann, Norwegian University of Science and Technology: European energy transition: Balancing decarbonization goals, energy security, and geopolitical tensions<\/strong><br>\r\n<em><strong>Presentada por Rebeca Jim\u00e9nez Rodr\u00edguez (U. Salamanca)<\/strong><\/em>\r\n<\/td>\r\n<\/tr>\r\n<tr>\r\n<td width=\"123\">13:30 \u2013 15:00<\/td>\r\n<td width=\"586\">Comida<\/td>\r\n<\/tr>\r\n<tr>\r\n<td width=\"123\">15:00 \u2013 16:00<\/td>\r\n<td width=\"586\">Sesi\u00f3n de proyectos<\/td>\r\n<\/tr>\r\n<tr>\r\n<td width=\"123\">16:00 \u2013 17:30<\/td>\r\n<td width=\"586\">Sesiones paralelas II.<\/td>\r\n<\/tr>\r\n<tr>\r\n<td width=\"123\">17:30 \u2013 18:00<\/td>\r\n<td width=\"586\">Pausa-Caf\u00e9<\/td>\r\n<\/tr>\r\n<tr>\r\n<td width=\"123\">17:45 \u2013 18:45<\/td>\r\n<td width=\"586\">Asamblea de la Asociaci\u00f3n<\/td>\r\n<\/tr>\r\n<tr>\r\n<td width=\"123\">19.30 \u2013 21:00<\/td>\r\n<td width=\"586\">Visita Albaicin<\/td>\r\n<\/tr>\r\n<tr>\r\n<td width=\"123\">21:00<\/td>\r\n<td width=\"586\">Cena de Gala: <a href=\"https:\/\/www.lastomasas.com\/es\/como-llegar\" target=\"_blank\">Restaurante Las Tomasas<\/a><\/td>\r\n<\/tr>\r\n<tr>\r\n<td colspan=\"2\" width=\"709\"><h3>Viernes, 7 de junio de 2024<\/h3><\/td>\r\n<\/tr>\r\n<tr>\r\n<td width=\"123\"> 9:30 \u2013 11:00<\/td>\r\n<td width=\"586\">Sesiones paralelas III.<\/td>\r\n<\/tr>\r\n<tr>\r\n<td width=\"123\">11:00 \u2013 11:30<\/td>\r\n<td width=\"586\">Pausa-Caf\u00e9<\/td>\r\n<\/tr>\r\n<tr>\r\n<td width=\"123\"><strong>11:30 \u2013 12:30<\/strong><\/td>\r\n<td width=\"586\"><strong>Conferencia Sonia Yeh, Chalmers University of Technology, Sweden: Advancing Electrification in On-Road Transportation<\/strong><br>\r\n<em><strong>Presentada por Cristina Pizarro (U. Pa\u00eds Vasco)<\/strong><\/em>\r\n<\/td>\r\n<\/tr>\r\n<tr>\r\n<td width=\"123\">12:30 \u2013 13:45<\/td>\r\n<td width=\"586\">Sesiones paralelas IV.<\/td>\r\n<\/tr>\r\n<tr>\r\n<td width=\"123\"><strong>13:45 \u2013 14:15<\/strong><\/td>\r\n<td width=\"586\"><strong>Acto de clausura y entrega de Premios Red El\u00e9ctrica. (Sal\u00f3n de actos)<\/strong><br>\r\n<em><strong>Con la participaci\u00f3n de:<\/strong><\/em>\r\n<ul>\r\n    <li>Hugo Lucas, AEEE<\/li>\r\n    <li>Pablo Nu\u00f1o, Director de Relaciones Institucionales Internacionales y Asuntos Parlamentarios de Redeia.<\/li>\r\n    <li>Jacint Balaguer, presidente del comit\u00e9 cient\u00edfico<\/li>\r\n    <li>Juliette Milgram, Presidente del comit\u00e9 organizador<\/li>\r\n<\/ul>\r\n<\/td>\r\n<\/tr>\r\n<tr>\r\n<td width=\"123\">14:15<\/td>\r\n<td width=\"586\">Comida<\/td>\r\n<\/tr>\r\n<\/tbody>\r\n<\/table><\/div><div  class=\"ui--space clearfix\" style=\"height: 30px;\" data-responsive=\"{&quot;css&quot;:{&quot;height&quot;:{&quot;phone&quot;:null,&quot;tablet&quot;:null,&quot;widescreen&quot;:&quot;30px&quot;}}}\"><\/div><div class=\"text-center ui--animation\"><a class=\"btn btn-large btn-icon-left btn-primary\" href=\"https:\/\/aeee.es\/xix_congreso_aeee\/wp-content\/uploads\/2024\/06\/XIX-AEEE-Program-general-y-sesions-03062024.pdf\" target=\"_blank\" style=\"\">Descargar Programa de Sesiones<\/a> <\/div><\/div><div  class=\"ui--space clearfix\" style=\"height: 42px;\" data-responsive=\"{&quot;css&quot;:{&quot;height&quot;:{&quot;phone&quot;:null,&quot;tablet&quot;:null,&quot;widescreen&quot;:&quot;42px&quot;}}}\"><\/div>","protected":false},"excerpt":{"rendered":"<p>XIX CONGRESO DE LA ASOCIACI\u00d3N ESPA\u00d1OLA PARA LA ECONOM\u00cdA ENERG\u00c9TICA\u201cLa transici\u00f3n energ\u00e9tica desde una perspectiva econ\u00f3mica\u201dGranada, 5-7 de junio de 2024 Mi\u00e9rcoles, 5 de junio de 2024 18:30 \u2013 19:00 Encuentro de participantes. 19:00 \u2013 20:15 Mesa redonda. Instrumentos para la descarbonizaci\u00f3n en la industria Mesa presidida por Francisco Montalb\u00e1n, Presidente del Cl\u00faster Andaluz del [&hellip;]<\/p>\n","protected":false},"author":3,"featured_media":0,"parent":0,"menu_order":3,"comment_status":"open","ping_status":"closed","template":"","meta":{"footnotes":""},"class_list":["post-1057","page","type-page","status-publish","hentry"],"_links":{"self":[{"href":"https:\/\/aeee.es\/xix_congreso_aeee\/wp-json\/wp\/v2\/pages\/1057"}],"collection":[{"href":"https:\/\/aeee.es\/xix_congreso_aeee\/wp-json\/wp\/v2\/pages"}],"about":[{"href":"https:\/\/aeee.es\/xix_congreso_aeee\/wp-json\/wp\/v2\/types\/page"}],"author":[{"embeddable":true,"href":"https:\/\/aeee.es\/xix_congreso_aeee\/wp-json\/wp\/v2\/users\/3"}],"replies":[{"embeddable":true,"href":"https:\/\/aeee.es\/xix_congreso_aeee\/wp-json\/wp\/v2\/comments?post=1057"}],"version-history":[{"count":65,"href":"https:\/\/aeee.es\/xix_congreso_aeee\/wp-json\/wp\/v2\/pages\/1057\/revisions"}],"predecessor-version":[{"id":1634,"href":"https:\/\/aeee.es\/xix_congreso_aeee\/wp-json\/wp\/v2\/pages\/1057\/revisions\/1634"}],"wp:attachment":[{"href":"https:\/\/aeee.es\/xix_congreso_aeee\/wp-json\/wp\/v2\/media?parent=1057"}],"curies":[{"name":"wp","href":"https:\/\/api.w.org\/{rel}","templated":true}]}}