{"id":1058,"date":"2023-12-19T13:35:32","date_gmt":"2023-12-19T12:35:32","guid":{"rendered":"https:\/\/aeee.es\/xix_congreso_aeee\/?page_id=1058"},"modified":"2024-06-05T12:11:40","modified_gmt":"2024-06-05T10:11:40","slug":"program","status":"publish","type":"page","link":"https:\/\/aeee.es\/xix_congreso_aeee\/en\/program\/","title":{"rendered":"Program"},"content":{"rendered":"<div class=\"text-left\"><div  class=\"ui--space clearfix\" style=\"height: 15px;\" data-responsive=\"{&quot;css&quot;:{&quot;height&quot;:{&quot;phone&quot;:null,&quot;tablet&quot;:null,&quot;widescreen&quot;:&quot;15px&quot;}}}\"><\/div><h2 id=\"custom-title-h2-1\" class=\"ui--animation \" style=\"text-align: center; \"><strong>XIX CONFERENCE OF THE SPANISH ASSOCIATION FOR ENERGY ECONOMICS<\/strong><\/h2><h3 id=\"custom-title-h3-1\" class=\"ui--animation \" style=\"text-align: center; \"><strong>\u201cThe energy transition from an economic perspective\u201d<\/strong><\/h3><h4 id=\"custom-title-h4-1\" class=\"ui--animation \" style=\"text-align: center; \"><strong>Granada, June 6-7, 2024<\/strong><\/h4><div class=\"ui--animation\"><style>\r\n.horario { white-space: nowrap; }\r\n<\/style>\r\n<table width=\"100%\">\r\n<tbody>\r\n<tr>\r\n<td colspan=\"2\" width=\"709\"><h3>Wednesday, June 5, 2024<\/h3><\/td>\r\n<\/tr>\r\n<tr>\r\n<td width=\"123\">6.30 pm - 7.00 pm<\/td>\r\n<td width=\"586\">Meeting of participants.<\/td>\r\n<\/tr>\r\n<tr>\r\n<td width=\"123\"><strong>7.00 pm - 8.15 pm<\/strong><\/td>\r\n<td width=\"586\"><strong>Round table. Instruments for decarbonization in the industry<\/strong><br>\r\nPresident Francisco Montalb\u00e1n, Presidente del Cl\u00faster Andaluz del Hidr\u00f3geno.<br>\r\n<em><strong>With the participation of<\/strong><\/em>\r\n<ul>\r\n    <li>Kepa Solaun, CEO Global factor<\/li> \r\n    <li>Juan Jos\u00e9 Perez Uceta R&D Director, Greening group<\/li> \r\n    <li>Manuel Ruiz Lara, Colegio Oficial de Ingeniero T\u00e9cnicos Industriales de Granada<\/li> \r\n    <li>Alvaro Reyes H2 Biotech<\/li>\r\n<\/ul>\r\n<\/td>\r\n<\/tr>\r\n<tr>\r\n<td width=\"123\">8.15 pm \u2013 9.30 pm<\/td>\r\n<td width=\"586\">Welcome cocktail<\/td>\r\n<\/tr>\r\n<tr>\r\n<td colspan=\"2\" width=\"709\"><h3>Thursday, June 6, 2024<\/h3><\/td>\r\n<\/tr>\r\n<tr>\r\n<td width=\"123\">8:30am \u2013 9:00am<\/td>\r\n<td width=\"586\">Accreditation and collection of documentation.<\/td>\r\n<\/tr>\r\n<tr>\r\n<td width=\"123\">9:00am \u2013 10:30am<\/td>\r\n<td width=\"586\">Parallel sessions I.<\/td>\r\n<\/tr>\r\n<tr>\r\n<td width=\"123\"><strong>11:00am \u2013 11:30am<\/strong><\/td>\r\n<td width=\"586\"><strong>Opening ceremony. Jorge Paradela Guti\u00e9rrez, Consejero de Industria, Energ\u00eda y Minas de la Junta de Andaluc\u00eda (Conference room)<\/strong><br>\r\n<em><strong>With the participation of:<\/strong><\/em>\r\n<ul>\r\n    <li>Montserrat Zamorano Toro, Vice-rector of Infrastructure and Sustainability<\/li>\r\n    <li>Jos\u00e9 Alberto Casta\u00f1eda Garc\u00eda, Dean of the Faculty of Economics and Business of the University of Granada<\/li>\r\n    <li>M\u00f3nica L\u00f3pez Alonso Director of the Higher Technical School of Civil, Canal and Port Engineering<\/li>\r\n    <li>Kepa Solaun, President of the AEEE<\/li>\r\n<\/ul>\r\n<\/td>\r\n<\/tr>\r\n<tr>\r\n<td width=\"123\"><strong>11:30am \u2013 12:30pm<\/strong><\/td>\r\n<td width=\"586\"><strong>Round table. Energy infrastructures (Conference room)<\/strong><br>\r\nPresident Manuel Larrasa (Secretario General de Energ\u00eda de la Junta de Andaluc\u00eda).<br>\r\n<em><strong>With the participation of<\/strong><\/em>\r\n<ul>\r\n    <li>Antonio Fern\u00e1ndez Gonzalez, institutional delegate of Iberdrola in Andalusia.<\/li>\r\n    <li>Jorge Juan Jim\u00e9nez Luna, Southern Regional Delegate of Redeia.<\/li>\r\n    <li>Manuel Mateos Director of Institutional Relations. Greening group<\/li>\r\n    <li>Juan Guerrero Jim\u00e9nez, general director of Regulation and Strategy of Cuerva<\/li>\r\n<\/ul>\r\n<\/td>\r\n<\/tr>\r\n<tr>\r\n<td width=\"123\"><strong>12:30pm \u2013 1:30pm<\/strong><\/td>\r\n<td width=\"586\"><strong>Anne Neumann Lecture, Norwegian University of Science and Technology: European energy transition: Balancing decarbonization goals, energy security, and geopolitical tensions<\/strong>(Conference room)<br>\r\nPresented by Rebeca Jim\u00e9nez Rodr\u00edguez (U. Salamanca)\r\n<\/td>\r\n<\/tr>\r\n<tr>\r\n<td width=\"123\">1:30 p.m. -3:00pm<\/td>\r\n<td width=\"586\">Lunch<\/td>\r\n<\/tr>\r\n<tr>\r\n<td width=\"123\">3:00pm \u2013 4:00pm<\/td>\r\n<td width=\"586\">Project session.<\/td>\r\n<\/tr>\r\n<tr>\r\n<td width=\"123\">4:00pm - 5:30pm<\/td>\r\n<td width=\"586\">Parallel sessions II.<\/td>\r\n<\/tr>\r\n<tr>\r\n<td width=\"123\">5:30pm- 6:00pm<\/td>\r\n<td width=\"586\">Coffee Break<\/td>\r\n<\/tr>\r\n<tr>\r\n<td width=\"123\">5:45pm -6.45pm<\/td>\r\n<td width=\"586\">Association Assembly<\/td>\r\n<\/tr>\r\n<tr>\r\n<td width=\"123\">7:30pm \u2013 9.00pm<\/td>\r\n<td width=\"586\">Visit to Albaicin<\/td>\r\n<\/tr>\r\n<tr>\r\n<td width=\"123\">9:00pm<\/td>\r\n<td width=\"586\">Gala dinner: <a href=\"https:\/\/www.lastomasas.com\/es\/como-llegar\" target=\"_blank\">Las Tomasas Restaurant<\/a><\/td>\r\n<\/tr>\r\n<tr>\r\n<td colspan=\"2\" width=\"709\"><h3>Friday, June 7, 2024<\/h3><\/td>\r\n<\/tr>\r\n<tr>\r\n<td width=\"123\">9:30am- 11:00am<\/td>\r\n<td width=\"586\">Parallel sessions III.<\/td>\r\n<\/tr>\r\n<tr>\r\n<td width=\"123\">11:00am- 11:30am<\/td>\r\n<td width=\"586\">Coffee Break<\/td>\r\n<\/tr>\r\n<tr>\r\n<td width=\"123\"><strong>11:30am \u2013 12:30pm<\/strong><\/td>\r\n<td width=\"586\"><strong>Sonia Yeh Lecture, Chalmers University of Technology, Sweden: Advancing Electrification in On-Road Transportation\r\n<\/strong>(Conference room)<br>\r\nPresented by Cristina Pizarro (Universidad del Pa\u00eds Vasco)\r\n<\/td>\r\n<\/tr>\r\n<tr>\r\n<td width=\"123\">12:30pm \u2013 1:45pm<\/td>\r\n<td width=\"586\">Parallel sessions IV<\/td>\r\n<\/tr>\r\n<tr>\r\n<td width=\"123\"><strong>1:45pm -2:30pm<\/strong><\/td>\r\n<td width=\"586\"><strong>Closing ceremony and Red El\u00e9ctrica Awards ceremony.<\/strong>(Conference room)<br>\r\n<em><strong>With the participation of<\/strong><\/em>\r\n<ul>\r\n    <li>Hugo Lucas, AEEE<\/li>\r\n    <li>Pablo Nu\u00f1o, Director of International Institutional Relations and Parliamentary Affairs of Redeia.<\/li>\r\n    <li>Jacint Balaguer, president of the scientific committee<\/li>\r\n    <li>Juliette Milgram, president of the local committee<\/li>\r\n<\/ul>\r\n<\/td>\r\n<\/tr>\r\n<tr>\r\n<td width=\"123\">2:15pm - 4:00pm<\/td>\r\n<td width=\"586\">Lunch<\/td>\r\n<\/tr>\r\n<\/tbody>\r\n<\/table><\/div><div  class=\"ui--space clearfix\" style=\"height: 30px;\" data-responsive=\"{&quot;css&quot;:{&quot;height&quot;:{&quot;phone&quot;:null,&quot;tablet&quot;:null,&quot;widescreen&quot;:&quot;30px&quot;}}}\"><\/div><div class=\"text-center ui--animation\"><a class=\"btn btn-large btn-icon-left btn-primary\" href=\"https:\/\/aeee.es\/xix_congreso_aeee\/wp-content\/uploads\/2024\/06\/XIX-AEEE-Program-general-y-sesions-03062024.pdf\" target=\"_blank\" style=\"\">Download Program of Sessions<\/a> <\/div><\/div><div  class=\"ui--space clearfix\" style=\"height: 42px;\" data-responsive=\"{&quot;css&quot;:{&quot;height&quot;:{&quot;phone&quot;:null,&quot;tablet&quot;:null,&quot;widescreen&quot;:&quot;42px&quot;}}}\"><\/div>","protected":false},"excerpt":{"rendered":"<p>XIX CONFERENCE OF THE SPANISH ASSOCIATION FOR ENERGY ECONOMICS\u201cThe energy transition from an economic perspective\u201dGranada, June 6-7, 2024 Wednesday, June 5, 2024 6.30 pm &#8211; 7.00 pm Meeting of participants. 7.00 pm &#8211; 8.15 pm Round table. Instruments for decarbonization in the industry President Francisco Montalb\u00e1n, Presidente del Cl\u00faster Andaluz del Hidr\u00f3geno. With the participation [&hellip;]<\/p>\n","protected":false},"author":3,"featured_media":0,"parent":0,"menu_order":3,"comment_status":"open","ping_status":"closed","template":"","meta":{"footnotes":""},"class_list":["post-1058","page","type-page","status-publish","hentry"],"_links":{"self":[{"href":"https:\/\/aeee.es\/xix_congreso_aeee\/en\/wp-json\/wp\/v2\/pages\/1058"}],"collection":[{"href":"https:\/\/aeee.es\/xix_congreso_aeee\/en\/wp-json\/wp\/v2\/pages"}],"about":[{"href":"https:\/\/aeee.es\/xix_congreso_aeee\/en\/wp-json\/wp\/v2\/types\/page"}],"author":[{"embeddable":true,"href":"https:\/\/aeee.es\/xix_congreso_aeee\/en\/wp-json\/wp\/v2\/users\/3"}],"replies":[{"embeddable":true,"href":"https:\/\/aeee.es\/xix_congreso_aeee\/en\/wp-json\/wp\/v2\/comments?post=1058"}],"version-history":[{"count":26,"href":"https:\/\/aeee.es\/xix_congreso_aeee\/en\/wp-json\/wp\/v2\/pages\/1058\/revisions"}],"predecessor-version":[{"id":1635,"href":"https:\/\/aeee.es\/xix_congreso_aeee\/en\/wp-json\/wp\/v2\/pages\/1058\/revisions\/1635"}],"wp:attachment":[{"href":"https:\/\/aeee.es\/xix_congreso_aeee\/en\/wp-json\/wp\/v2\/media?parent=1058"}],"curies":[{"name":"wp","href":"https:\/\/api.w.org\/{rel}","templated":true}]}}